{"id":3578,"date":"2026-03-30T13:04:39","date_gmt":"2026-03-30T11:04:39","guid":{"rendered":"https:\/\/www.relyonelectrical.be\/conformite-des-installations-electriques\/"},"modified":"2026-04-08T13:42:49","modified_gmt":"2026-04-08T11:42:49","slug":"conformite-des-installations-electriques","status":"publish","type":"page","link":"https:\/\/www.relyonelectrical.be\/fr\/genie-electrique\/conformite-des-installations-electriques\/","title":{"rendered":"Conformit\u00e9 des installations \u00e9lectriques"},"content":{"rendered":"<div class=\"wpb-content-wrapper\">[vc_row full_width=&#8221;stretch_row&#8221; remove_bottom_col_margin=&#8221;true&#8221; columns_right=&#8221;yes&#8221; offset_overlay_header=&#8221;yes&#8221; css=&#8221;.vc_custom_1765193168712{background-position: 0 0 !important;background-repeat: no-repeat !important;}&#8221;][vc_column width=&#8221;2\/5&#8243;]<figure class=\"vcex-image vcex-module intro-image\"><div class=\"vcex-image-inner wpex-relative wpex-inline-block\"><img width=\"2560\" height=\"1707\" src=\"https:\/\/www.relyonelectrical.be\/wp-content\/uploads\/2026\/03\/2026-01-23RelyOn-37-scaled.jpg\" class=\"vcex-image-img wpex-align-middle wpex-aspect-1-1 wpex-object-cover\" alt=\"Conformit\u00e9 de l\u2019installation \u00e9lectrique\" loading=\"lazy\" decoding=\"async\" srcset=\"https:\/\/www.relyonelectrical.be\/wp-content\/uploads\/2026\/03\/2026-01-23RelyOn-37-scaled.jpg 2560w, https:\/\/www.relyonelectrical.be\/wp-content\/uploads\/2026\/03\/2026-01-23RelyOn-37-300x200.jpg 300w, https:\/\/www.relyonelectrical.be\/wp-content\/uploads\/2026\/03\/2026-01-23RelyOn-37-1024x683.jpg 1024w, https:\/\/www.relyonelectrical.be\/wp-content\/uploads\/2026\/03\/2026-01-23RelyOn-37-768x512.jpg 768w, https:\/\/www.relyonelectrical.be\/wp-content\/uploads\/2026\/03\/2026-01-23RelyOn-37-1536x1024.jpg 1536w, https:\/\/www.relyonelectrical.be\/wp-content\/uploads\/2026\/03\/2026-01-23RelyOn-37-2048x1365.jpg 2048w\" sizes=\"auto, (max-width: 2560px) 100vw, 2560px\" \/><\/div><\/figure>[\/vc_column][vc_column width=&#8221;3\/5&#8243;]<style>.vcex-heading.vcex_69dd1f498d8ee{width:500px;font-size:var(--wpex-text-3xl);}@media (max-width:479px){.vcex-heading.vcex_69dd1f498d8ee{font-size:var(--wpex-text-5xl);}}<\/style><h1 class=\"vcex-heading vcex-heading-plain vcex-heading-w-badge vcex-module wpex-heading wpex-text-2xl wpex-h1 wpex-max-w-100 wpex-mr-auto vcex_69dd1f498d8ee\"><span class=\"vcex-heading-inner wpex-inline-block\">Mettre votre installation \u00e9lectrique en conformit\u00e9 ? Nous nous en occupons. <span class=\"vcex-heading-badge wpex-badge\">De la r\u00e9solution des infractions au contr\u00f4le \u00e9lectrique<\/span><\/span><\/h1><div class=\"vcex-spacing wpex-w-100 wpex-clear\"><\/div>[vc_column_text css=&#8221;&#8221; font_size=&#8221;d:lg|pp:xl&#8221; line_height=&#8221;1.5em&#8221;]<strong>Une installation \u00e9lectrique conforme est essentielle pour un environnement de travail s\u00fbr.<\/strong> Avez-vous eu un contr\u00f4le r\u00e9cemment ? Des infractions ont-elles \u00e9t\u00e9 constat\u00e9es ? Ou n\u2019\u00eates-vous tout simplement pas certain que votre installation \u00e9lectrique soit conforme et s\u00fbre ? 33 % de tous les incendies sont caus\u00e9s par l\u2019\u00e9lectricit\u00e9. Ne prenez donc aucun risque et fiez-vous \u00e0 notre expertise afin de pouvoir vous consacrer pleinement et sereinement \u00e0 la gestion de votre entreprise.<\/p>\n<p>Nous v\u00e9rifions votre installation et r\u00e9solvons toutes les infractions, \u00e9ventuellement en collaboration avec votre service technique interne. En tant que sp\u00e9cialistes de l\u2019\u00e9lectricit\u00e9, nous travaillons enti\u00e8rement selon la l\u00e9gislation la plus r\u00e9cente. Si vous le souhaitez, nous agissons comme interm\u00e9diaire lors du contr\u00f4le afin que votre installation passe l\u2019inspection suivante sans encombre.[\/vc_column_text]<div class=\"vcex-spacing wpex-w-100 wpex-clear\"><\/div><style>.vcex-button.vcex_69dd1f498ff5e:hover{background:var(--wpex-palette-15-color)!important;color:var(--wpex-palette-18-color)!important;}.vcex-button.vcex_69dd1f498ff5e{font-size:var(--wpex-text-base);}@media (max-width:479px){.vcex-button.vcex_69dd1f498ff5e{font-size:var(--wpex-text-lg);}}<\/style><style>@media (max-width:479px){.vcex_69dd1f4990a8e{font-size:var(--wpex-text-lg)!important;}}<\/style><a href=\"#\" class=\"vcex-button theme-button inline vcex_69dd1f4990a8e vcex_69dd1f498ff5e\"><span class=\"vcex-button-inner theme-button-inner wpex-flex wpex-flex-wrap wpex-items-center wpex-justify-center\">Assurez une installation \u00e9lectrique conforme<\/span><\/a> [\/vc_column][\/vc_row][vc_row full_width=&#8221;stretch_row&#8221; remove_bottom_col_margin=&#8221;true&#8221; typography_style=&#8221;white&#8221; wpex_bg_overlay=&#8221;color&#8221; wpex_bg_overlay_color=&#8221;palette-15&#8243; wpex_bg_overlay_opacity=&#8221;90%&#8221; css=&#8221;.vc_custom_1774869778892{background-image: url(https:\/\/www.relyonelectrical.be\/wp-content\/uploads\/2026\/03\/conformiteit-elektrische-installatie.jpg?id=3301) !important;}&#8221; wpex_bg_size=&#8221;cover&#8221;][vc_column]<style>.vcex-teaser.vcex_69dd1f4994154 .vcex-teaser-heading{font-size:var(--wpex-text-2xl);font-weight:300;margin-block-end:20px;}.vcex-teaser.vcex_69dd1f4994154 .vcex-teaser-text{font-weight:300;}@media (max-width:479px){.vcex-teaser.vcex_69dd1f4994154 .vcex-teaser-heading{font-size:var(--wpex-text-3xl);}}.vcex-teaser.vcex_69dd1f49950a4 .vcex-teaser-heading{font-size:var(--wpex-text-2xl);font-weight:300;margin-block-end:20px;}.vcex-teaser.vcex_69dd1f49950a4 .vcex-teaser-text{font-weight:300;}@media (max-width:479px){.vcex-teaser.vcex_69dd1f49950a4 .vcex-teaser-heading{font-size:var(--wpex-text-3xl);}}.vcex-teaser.vcex_69dd1f4995936 .vcex-teaser-heading{font-size:var(--wpex-text-2xl);font-weight:300;margin-block-end:20px;}.vcex-teaser.vcex_69dd1f4995936 .vcex-teaser-text{font-weight:300;}@media (max-width:479px){.vcex-teaser.vcex_69dd1f4995936 .vcex-teaser-heading{font-size:var(--wpex-text-3xl);}}.vcex-teaser.vcex_69dd1f4996177 .vcex-teaser-heading{font-size:var(--wpex-text-2xl);font-weight:300;margin-block-end:20px;}.vcex-teaser.vcex_69dd1f4996177 .vcex-teaser-text{font-weight:300;}@media (max-width:479px){.vcex-teaser.vcex_69dd1f4996177 .vcex-teaser-heading{font-size:var(--wpex-text-3xl);}}.vcex-teaser.vcex_69dd1f499693d .vcex-teaser-heading{font-size:var(--wpex-text-2xl);color:var(--wpex-palette-15-color);font-weight:300;margin-block-end:20px;}.vcex-teaser.vcex_69dd1f499693d .vcex-teaser-text{font-weight:300;color:var(--wpex-palette-15-color);}@media (max-width:479px){.vcex-teaser.vcex_69dd1f499693d .vcex-teaser-heading{font-size:var(--wpex-text-3xl);}}<\/style><div class=\"vcex-flex-container vcex-module wpex-flex wpex-gap-20 wpex-flex-col relyon-boxes vcex-flex-container_69dd1f499177b\"><div class=\"vcex-module vcex-teaser wpex-flex wpex-flex-col vc_custom_1774877523495 vcex_69dd1f4994154\"><div class=\"vcex-teaser-content\"><h2 class=\"vcex-teaser-heading wpex-heading wpex-text-xl\">RelyOn Electrical Services comme extension de votre propre service technique<\/h2><div class=\"vcex-teaser-text wpex-mt-10 wpex-last-mb-0 wpex-clr\"><p>Disposez-vous de votre propre \u00e9quipe technique responsable de la s\u00e9curit\u00e9 (\u00e9lectrique) au sein de votre entreprise ? Dans ce cas, nous serons ravis de collaborer avec elle. Ensemble, nous examinons votre installation en d\u00e9tail et r\u00e9solvons toutes les infractions apr\u00e8s un contr\u00f4le. Nous prenons en charge les infractions administratives. Pour les infractions physiques, nous faisons appel \u00e0 votre service technique.<\/p>\n<p>Pas de service technique interne ? Aucun probl\u00e8me. Nous travaillons avec un partenaire fixe pour r\u00e9soudre les probl\u00e8mes mat\u00e9riels.<\/p>\n<\/div><\/div><\/div><div class=\"vcex-module vcex-teaser wpex-flex wpex-flex-col vc_custom_1774870678579 vcex_69dd1f49950a4\"><div class=\"vcex-teaser-content\"><h2 class=\"vcex-teaser-heading wpex-heading wpex-text-xl\">Parfaitement en r\u00e8gle avec la l\u00e9gislation<\/h2><div class=\"vcex-teaser-text wpex-mt-10 wpex-last-mb-0 wpex-clr\"><p>La l\u00e9gislation n\u2019est pas une donn\u00e9e fig\u00e9e. C\u2019est une mati\u00e8re \u00e9volutive et il est important de rester \u00e0 jour avec les derni\u00e8res normes en mati\u00e8re d\u2019\u00e9lectricit\u00e9. Se tenir inform\u00e9 de cette l\u00e9gislation n\u2019est pas \u00e9vident. C\u2019est pourquoi nous sommes l\u00e0 : l\u2019\u00e9lectricit\u00e9 est en effet notre c\u0153ur de m\u00e9tier. En faisant appel \u00e0 RelyOn pour maintenir votre installation \u00e9lectrique en bon \u00e9tat, vous \u00eates certain \u00e0 100 % qu\u2019elle r\u00e9pond aux obligations l\u00e9gales les plus r\u00e9centes.<\/p>\n<\/div><\/div><\/div><div class=\"vcex-module vcex-teaser wpex-flex wpex-flex-col vc_custom_1774876477018 vcex_69dd1f4995936\"><div class=\"vcex-teaser-content\"><h2 class=\"vcex-teaser-heading wpex-heading wpex-text-xl\">\u00c9tablissement du dossier \u00e9lectrique<\/h2><div class=\"vcex-teaser-text wpex-mt-10 wpex-last-mb-0 wpex-clr\"><p>Une installation \u00e9lectrique conforme s\u2019accompagne d\u2019un dossier technique, \u00e9tabli selon les directives du RGIE et du Codex III.2. Sans ce dossier, vous ne passerez pas le contr\u00f4le \u00e9lectrique. <a href=\"https:\/\/www.relyonelectrical.be\/fr\/genie-electrique\/etablissement-de-dossiers-techniques-dinstallations-electriques\/\">Lisez ici en d\u00e9tail ce que contient un tel dossier technique d\u2019installations \u00e9lectriques<\/a>.<\/p>\n<\/div><\/div><\/div><div class=\"vcex-module vcex-teaser wpex-flex wpex-flex-col vc_custom_1774878276730 vcex_69dd1f4996177\"><div class=\"vcex-teaser-content\"><h2 class=\"vcex-teaser-heading wpex-heading wpex-text-xl\">Jusqu\u2019au contr\u00f4le \u00e9lectrique inclus<\/h2><div class=\"vcex-teaser-text wpex-mt-10 wpex-last-mb-0 wpex-clr\"><p>Une fois que nous avons r\u00e9solu toutes les infractions apr\u00e8s contr\u00f4le, que votre installation a \u00e9t\u00e9 minutieusement v\u00e9rifi\u00e9e et que le dossier technique a \u00e9t\u00e9 \u00e9tabli, il est temps de proc\u00e9der \u00e0 un (nouveau) contr\u00f4le p\u00e9riodique. Vous pouvez \u00e9galement vous adresser \u00e0 RelyOn pour l\u2019organisation du contr\u00f4le par un organisme de contr\u00f4le agr\u00e9\u00e9 ind\u00e9pendant. M\u00eame pendant le contr\u00f4le, nous pouvons assurer l\u2019accompagnement n\u00e9cessaire et r\u00e9pondre aux questions les plus complexes de l\u2019inspecteur.<\/p>\n<\/div><\/div><\/div><div class=\"vcex-module vcex-teaser vcex-teaser-three wpex-flex wpex-flex-col wpex-shadow-none wpex-surface-2 vc_custom_1774874320507 vcex_69dd1f499693d\" style=\"background:var(--wpex-palette-18-color);\"><div class=\"vcex-teaser-content wpex-p-20\"><h2 class=\"vcex-teaser-heading wpex-heading wpex-text-xl\">Le r\u00e9sultat ? Un rapport de contr\u00f4le positif comme preuve d\u2019une installation conforme et s\u00fbre.<\/h2><div class=\"vcex-teaser-text wpex-mt-10 wpex-last-mb-0 wpex-clr\"><p>En tant qu\u2019employeur, vous avez la responsabilit\u00e9 morale de garantir un <strong>environnement de travail s\u00fbr pour vos collaborateurs<\/strong>. Une installation \u00e9lectrique conforme y contribue. Comptez donc sur l\u2019expertise de professionnels qui ont fait de l\u2019\u00e9lectricit\u00e9 leur passion. Le r\u00e9sultat final pour vous est, apr\u00e8s contr\u00f4le, une <strong>preuve de conformit\u00e9 de l\u2019installation \u00e9lectrique<\/strong>, entre vos mains et sans que vous n\u2019ayez \u00e0 entreprendre quoi que ce soit. Nous en assumons l\u2019enti\u00e8re responsabilit\u00e9. <a href=\"https:\/\/www.relyonelectrical.be\/fr\/contact\/\">Contactez-nous pour un devis sans engagement<\/a>.<\/p>\n<\/div><\/div><\/div><\/div>[\/vc_column][\/vc_row]\n<\/div>","protected":false},"excerpt":{"rendered":"<p>[vc_row full_width=&#8221;stretch_row&#8221; remove_bottom_col_margin=&#8221;true&#8221; columns_right=&#8221;yes&#8221; offset_overlay_header=&#8221;yes&#8221; css=&#8221;.vc_custom_1765193168712{background-position: 0 0 !important;background-repeat: no-repeat !important;}&#8221;][vc_column width=&#8221;2\/5&#8243;][\/vc_column][vc_column width=&#8221;3\/5&#8243;][vc_column_text css=&#8221;&#8221; font_size=&#8221;d:lg|pp:xl&#8221; line_height=&#8221;1.5em&#8221;]Une installation \u00e9lectrique conforme est essentielle pour un environnement de travail s\u00fbr. Avez-vous eu un contr\u00f4le r\u00e9cemment ? Des infractions ont-elles \u00e9t\u00e9 constat\u00e9es ? Ou n\u2019\u00eates-vous tout simplement pas certain que votre installation \u00e9lectrique soit conforme et s\u00fbre ? 33&hellip;<\/p>\n","protected":false},"author":5,"featured_media":3583,"parent":3695,"menu_order":0,"comment_status":"closed","ping_status":"closed","template":"","meta":{"_acf_changed":false,"footnotes":""},"class_list":["post-3578","page","type-page","status-publish","has-post-thumbnail","hentry","entry","has-media"],"acf":[],"_links":{"self":[{"href":"https:\/\/www.relyonelectrical.be\/fr\/wp-json\/wp\/v2\/pages\/3578","targetHints":{"allow":["GET"]}}],"collection":[{"href":"https:\/\/www.relyonelectrical.be\/fr\/wp-json\/wp\/v2\/pages"}],"about":[{"href":"https:\/\/www.relyonelectrical.be\/fr\/wp-json\/wp\/v2\/types\/page"}],"author":[{"embeddable":true,"href":"https:\/\/www.relyonelectrical.be\/fr\/wp-json\/wp\/v2\/users\/5"}],"replies":[{"embeddable":true,"href":"https:\/\/www.relyonelectrical.be\/fr\/wp-json\/wp\/v2\/comments?post=3578"}],"version-history":[{"count":4,"href":"https:\/\/www.relyonelectrical.be\/fr\/wp-json\/wp\/v2\/pages\/3578\/revisions"}],"predecessor-version":[{"id":3714,"href":"https:\/\/www.relyonelectrical.be\/fr\/wp-json\/wp\/v2\/pages\/3578\/revisions\/3714"}],"up":[{"embeddable":true,"href":"https:\/\/www.relyonelectrical.be\/fr\/wp-json\/wp\/v2\/pages\/3695"}],"wp:featuredmedia":[{"embeddable":true,"href":"https:\/\/www.relyonelectrical.be\/fr\/wp-json\/wp\/v2\/media\/3583"}],"wp:attachment":[{"href":"https:\/\/www.relyonelectrical.be\/fr\/wp-json\/wp\/v2\/media?parent=3578"}],"curies":[{"name":"wp","href":"https:\/\/api.w.org\/{rel}","templated":true}]}}