{"id":3589,"date":"2025-12-23T19:16:36","date_gmt":"2025-12-23T18:16:36","guid":{"rendered":"https:\/\/www.relyonelectrical.be\/travailler-chez\/"},"modified":"2026-04-08T13:39:30","modified_gmt":"2026-04-08T11:39:30","slug":"travailler-chez","status":"publish","type":"page","link":"https:\/\/www.relyonelectrical.be\/fr\/travailler-chez\/","title":{"rendered":"Travailler chez"},"content":{"rendered":"<div class=\"wpb-content-wrapper\">[vc_row full_width=&#8221;stretch_row&#8221; remove_bottom_col_margin=&#8221;true&#8221; columns_right=&#8221;yes&#8221; offset_overlay_header=&#8221;yes&#8221; css=&#8221;.vc_custom_1765193168712{background-position: 0 0 !important;background-repeat: no-repeat !important;}&#8221;][vc_column width=&#8221;2\/5&#8243;]<figure class=\"vcex-image vcex-module intro-image\"><div class=\"vcex-image-inner wpex-relative wpex-inline-block\"><img width=\"2560\" height=\"1707\" src=\"https:\/\/www.relyonelectrical.be\/wp-content\/uploads\/2025\/12\/2023-09-04Bureau9000-370-scaled.jpg\" class=\"vcex-image-img wpex-align-middle wpex-aspect-1-1 wpex-object-cover\" alt=\"\" loading=\"lazy\" decoding=\"async\" srcset=\"https:\/\/www.relyonelectrical.be\/wp-content\/uploads\/2025\/12\/2023-09-04Bureau9000-370-scaled.jpg 2560w, https:\/\/www.relyonelectrical.be\/wp-content\/uploads\/2025\/12\/2023-09-04Bureau9000-370-scaled-300x200.jpg 300w, https:\/\/www.relyonelectrical.be\/wp-content\/uploads\/2025\/12\/2023-09-04Bureau9000-370-scaled-1024x683.jpg 1024w, https:\/\/www.relyonelectrical.be\/wp-content\/uploads\/2025\/12\/2023-09-04Bureau9000-370-scaled-768x512.jpg 768w, https:\/\/www.relyonelectrical.be\/wp-content\/uploads\/2025\/12\/2023-09-04Bureau9000-370-scaled-1536x1024.jpg 1536w, https:\/\/www.relyonelectrical.be\/wp-content\/uploads\/2025\/12\/2023-09-04Bureau9000-370-scaled-2048x1366.jpg 2048w\" sizes=\"auto, (max-width: 2560px) 100vw, 2560px\" \/><\/div><\/figure>[\/vc_column][vc_column width=&#8221;3\/5&#8243;]<style>.vcex-heading.vcex_69dd1f0d670c8{width:500px;font-size:var(--wpex-text-3xl);}@media (max-width:479px){.vcex-heading.vcex_69dd1f0d670c8{font-size:var(--wpex-text-5xl);}}<\/style><h1 class=\"vcex-heading vcex-heading-plain vcex-heading-w-badge vcex-module wpex-heading wpex-text-2xl wpex-h1 wpex-max-w-100 wpex-mr-auto vcex_69dd1f0d670c8\"><span class=\"vcex-heading-inner wpex-inline-block\">Aimez-vous travailler de mani\u00e8re autonome, tout en pouvant compter sur une \u00e9quipe chaleureuse et sympathique ? <span class=\"vcex-heading-badge wpex-badge\">Venez travailler chez RelyOn Electrical Services<\/span><\/span><\/h1><div class=\"vcex-spacing wpex-w-100 wpex-clear\"><\/div>[vc_column_text css=&#8221;&#8221; font_size=&#8221;d:lg|pp:xl&#8221; line_height=&#8221;1.5em&#8221;]<strong>Vous voyez-vous int\u00e9grer un groupe de coll\u00e8gues passionn\u00e9s ?<\/strong><\/p>\n<p><span style=\"font-weight: 400;\">Chez RelyOn Electrical Services, vous recevez la confiance et le mandat pour <strong>organiser vous-m\u00eame vos projets et votre travail client<\/strong>, mais vous pouvez toujours vous adresser \u00e0 vos coll\u00e8gues techniciens, op\u00e9rationnels, administratifs et de gestion pour toutes vos questions, surtout si vous venez de commencer.<\/span><\/p>\n<p><span style=\"font-weight: 400;\">Nous vous montrons avec grand plaisir comment nous abordons le travail, vous recevez le temps n\u00e9cessaire pour apprendre \u00e0 conna\u00eetre notre fonctionnement et les clients, vous pouvez accompagner l\u2019un des coll\u00e8gues pour bien ma\u00eetriser le tout et ensuite, vous pouvez vous lancer pleinement ! De plus, vous pouvez vous-m\u00eame \u2013 car vous avez un regard neuf \u2013 <strong>contribuer \u00e0 peaufiner et \u00e0 construire<\/strong> le fonctionnement efficace de RelyOn Electrical Services.<\/span><\/p>\n<p><span style=\"font-weight: 400;\">Nous visons syst\u00e9matiquement des <strong>objectifs d\u2019\u00e9quipe<\/strong>, nous ne pratiquons donc pas la concurrence interne. Nous <strong>nous aidons mutuellement<\/strong> ainsi que RelyOn Electrical Services \u00e0 atteindre de nouveaux sommets et nous pouvons toujours compter les uns sur les autres.<strong> Nous c\u00e9l\u00e9brons les succ\u00e8s<\/strong>. Et d\u2019autres choses aussi, car il n\u2019y a jamais de mauvaise occasion pour une p\u00e2tisserie ou des viennoiseries.<\/span><\/p>\n<p><span style=\"font-weight: 400;\">Assez parl\u00e9 de nous, nous aimerions maintenant faire votre connaissance. Consultez nos offres d\u2019emploi et postulez d\u00e8s aujourd\u2019hui !<\/span>[\/vc_column_text][\/vc_column][\/vc_row][vc_row full_width=&#8221;stretch_row&#8221; wpex_bg_overlay=&#8221;color&#8221; wpex_bg_overlay_color=&#8221;palette-26&#8243; wpex_bg_overlay_opacity=&#8221;100&#8243;][vc_column]<div class=\"vcex-spacing wpex-w-100 wpex-clear show-at-mm-breakpoint\"><\/div><style>.vcex-heading.vcex_69dd1f0d67b28{width:500px;color:var(--wpex-palette-18-color);font-size:var(--wpex-text-3xl);}<\/style><h2 class=\"vcex-heading vcex-heading-plain vcex-module wpex-heading wpex-text-2xl wpex-h2 wpex-mb-20 wpex-text-center wpex-max-w-100 wpex-mx-auto vcex_69dd1f0d67b28\"><span class=\"vcex-heading-inner wpex-inline-block\">Postes vacants<\/span><\/h2><div class=\"vcex-spacing wpex-w-100 wpex-clear\"><\/div><div class=\"wpex-post-cards wpex-post-cards-template_1730 wpex-relative\"><div class=\"wpex-post-cards-inner\"><div class=\"wpex-post-cards-loop wpex-post-cards-grid wpex-row wpex-clr gap-50\"><div class=\"wpex-post-cards-entry col col-1 span_1_of_3 post-3984 type-jobs\"><div class=\"wpex-card wpex-card-template_1730\"><div class=\"wpex-card-inner\"><div class=\"vc_row wpb_row vc_row-fluid wpex-relative wpex-vc_row-col-mb-0\"><div class=\"wpb_column vc_column_container vc_col-sm-12\"><div class=\"vc_column-inner\"><div class=\"wpb_wrapper\"><style>.vcex-heading.vcex_69dd1f0d6c1fb{color:var(--wpex-palette-18-color);font-weight:600;}<\/style><h3 class=\"vcex-heading vcex-heading-plain vcex-module wpex-heading wpex-text-2xl wpex-h3 wpex-mt-20 wpex-mb-20 vcex_69dd1f0d6c1fb\"><span class=\"vcex-heading-inner wpex-inline-block\">Business Development Manager<\/span><\/h3><div class=\"vcex-post-excerpt vcex-module wpex-text-pretty wpex-last-mb-0 wpex-line-clamp-4\"><p>Vous deviendrez le premier point de contact pour les demandes de contenu technique des clients (potentiels).<br \/>\nVous analysez leur demande, recherchez une solution technique et la traduisez en une offre claire et convaincante.<\/p>\n<\/div><div class=\"vcex-spacing wpex-w-100 wpex-clear\" style=\"height:20px;\"><\/div><a href=\"https:\/\/www.relyonelectrical.be\/fr\/jobs\/business-development-manager\/\" class=\"vcex-button theme-button white small inline\"><span class=\"vcex-button-inner theme-button-inner wpex-flex wpex-flex-wrap wpex-items-center wpex-justify-center\">en savoir plus<\/span><\/a> <\/div><\/div><\/div><\/div><\/div><\/div><\/div><div class=\"wpex-post-cards-entry col col-2 span_1_of_3 post-3981 type-jobs\"><div class=\"wpex-card wpex-card-template_1730\"><div class=\"wpex-card-inner\"><div class=\"vc_row wpb_row vc_row-fluid wpex-relative wpex-vc_row-col-mb-0\"><div class=\"wpb_column vc_column_container vc_col-sm-12\"><div class=\"vc_column-inner\"><div class=\"wpb_wrapper\"><style>.vcex-heading.vcex_69dd1f0d6eca9{color:var(--wpex-palette-18-color);font-weight:600;}<\/style><h3 class=\"vcex-heading vcex-heading-plain vcex-module wpex-heading wpex-text-2xl wpex-h3 wpex-mt-20 wpex-mb-20 vcex_69dd1f0d6eca9\"><span class=\"vcex-heading-inner wpex-inline-block\">Formateur \/ Instructeur en \u00e9lectricit\u00e9 (BA4\/BA5\/HT\/RGIE)<\/span><\/h3><div class=\"vcex-post-excerpt vcex-module wpex-text-pretty wpex-last-mb-0 wpex-line-clamp-4\"><p>Bureau 9000 est notamment sp\u00e9cialis\u00e9 dans les formations destin\u00e9es aux professionnels en mati\u00e8re de s\u00e9curit\u00e9 \u00e9lectrique. Ces formations visent \u00e0 familiariser les employ\u00e9s avec les risques li\u00e9s aux installations \u00e9lectriques. <\/p>\n<\/div><div class=\"vcex-spacing wpex-w-100 wpex-clear\" style=\"height:20px;\"><\/div><a href=\"https:\/\/www.relyonelectrical.be\/fr\/jobs\/formateur-instructeur-en-electricite-ba4-ba5-ht-rgie\/\" class=\"vcex-button theme-button white small inline\"><span class=\"vcex-button-inner theme-button-inner wpex-flex wpex-flex-wrap wpex-items-center wpex-justify-center\">en savoir plus<\/span><\/a> <\/div><\/div><\/div><\/div><\/div><\/div><\/div><div class=\"wpex-post-cards-entry col col-3 span_1_of_3 post-3998 type-jobs\"><div class=\"wpex-card wpex-card-template_1730\"><div class=\"wpex-card-inner\"><div class=\"vc_row wpb_row vc_row-fluid wpex-relative wpex-vc_row-col-mb-0\"><div class=\"wpb_column vc_column_container vc_col-sm-12\"><div class=\"vc_column-inner\"><div class=\"wpb_wrapper\"><style>.vcex-heading.vcex_69dd1f0d70bf2{color:var(--wpex-palette-18-color);font-weight:600;}<\/style><h3 class=\"vcex-heading vcex-heading-plain vcex-module wpex-heading wpex-text-2xl wpex-h3 wpex-mt-20 wpex-mb-20 vcex_69dd1f0d70bf2\"><span class=\"vcex-heading-inner wpex-inline-block\">Candidature spontan\u00e9e \/ demande de stage<\/span><\/h3><div class=\"vcex-post-excerpt vcex-module wpex-text-pretty wpex-last-mb-0 wpex-line-clamp-4\"><p>Bureau 9000 est une entreprise en pleine croissance ! Si vous ne trouvez pas imm\u00e9diatement d\u2019offre correspondant \u00e0 votre profil parmi nos postes vacants, mais que vous vous reconnaissez dans nos valeurs, n\u2019h\u00e9sitez pas \u00e0 nous transmettre votre CV et votre lettre de motivation ici !  <\/p>\n<\/div><div class=\"vcex-spacing wpex-w-100 wpex-clear\" style=\"height:20px;\"><\/div><a href=\"https:\/\/www.relyonelectrical.be\/fr\/jobs\/candidature-spontanee-demande-de-stage\/\" class=\"vcex-button theme-button white small inline\"><span class=\"vcex-button-inner theme-button-inner wpex-flex wpex-flex-wrap wpex-items-center wpex-justify-center\">en savoir plus<\/span><\/a> <\/div><\/div><\/div><\/div><\/div><\/div><\/div><div class=\"wpex-post-cards-entry col col-1 span_1_of_3 post-3994 type-jobs\"><div class=\"wpex-card wpex-card-template_1730\"><div class=\"wpex-card-inner\"><div class=\"vc_row wpb_row vc_row-fluid wpex-relative wpex-vc_row-col-mb-0\"><div class=\"wpb_column vc_column_container vc_col-sm-12\"><div class=\"vc_column-inner\"><div class=\"wpb_wrapper\"><style>.vcex-image.vcex_69dd1f0d72475 .vcex-image-img{border-radius:var(--wpex-rounded-xl);}<\/style><figure class=\"vcex-image vcex-module vcex_69dd1f0d72475\"><div class=\"vcex-image-inner wpex-relative wpex-inline-block\"><a href=\"https:\/\/www.relyonelectrical.be\/fr\/jobs\/ingenieur-electricien\/\"><img width=\"2560\" height=\"1707\" src=\"https:\/\/www.relyonelectrical.be\/wp-content\/uploads\/2025\/12\/Verandering-2-huishoudelijke-installaties-scaled-1.jpg\" class=\"vcex-image-img wpex-align-middle wpex-aspect-4-3 wpex-object-cover\" alt=\"\" loading=\"lazy\" decoding=\"async\" srcset=\"https:\/\/www.relyonelectrical.be\/wp-content\/uploads\/2025\/12\/Verandering-2-huishoudelijke-installaties-scaled-1.jpg 2560w, https:\/\/www.relyonelectrical.be\/wp-content\/uploads\/2025\/12\/Verandering-2-huishoudelijke-installaties-scaled-1-300x200.jpg 300w, https:\/\/www.relyonelectrical.be\/wp-content\/uploads\/2025\/12\/Verandering-2-huishoudelijke-installaties-scaled-1-1024x683.jpg 1024w, https:\/\/www.relyonelectrical.be\/wp-content\/uploads\/2025\/12\/Verandering-2-huishoudelijke-installaties-scaled-1-768x512.jpg 768w, https:\/\/www.relyonelectrical.be\/wp-content\/uploads\/2025\/12\/Verandering-2-huishoudelijke-installaties-scaled-1-1536x1024.jpg 1536w, https:\/\/www.relyonelectrical.be\/wp-content\/uploads\/2025\/12\/Verandering-2-huishoudelijke-installaties-scaled-1-2048x1366.jpg 2048w\" sizes=\"auto, (max-width: 2560px) 100vw, 2560px\" \/><\/a><\/div><\/figure><style>.vcex-heading.vcex_69dd1f0d72e62{color:var(--wpex-palette-18-color);font-weight:600;}<\/style><h3 class=\"vcex-heading vcex-heading-plain vcex-module wpex-heading wpex-text-2xl wpex-h3 wpex-mt-20 wpex-mb-20 vcex_69dd1f0d72e62\"><span class=\"vcex-heading-inner wpex-inline-block\">Ing\u00e9nieur \u00e9lectricien<\/span><\/h3><div class=\"vcex-post-excerpt vcex-module wpex-text-pretty wpex-last-mb-0 wpex-line-clamp-4\"><p>Nous sommes particuli\u00e8rement passionn\u00e9s par tout ce qui touche \u00e0 l\u2019\u00e9lectricit\u00e9.<br \/>\nEn tant que partenaire ind\u00e9pendant, nous aidons nos clients \u00e0 maintenir la s\u00e9curit\u00e9 sur leur lieu de travail.<br \/>\nNous intervenons ainsi pour des analyses de risques, du conseil en \u00e9nergie et de l\u2019ing\u00e9nierie \u00e9lectrique.<\/p>\n<\/div><div class=\"vcex-spacing wpex-w-100 wpex-clear\" style=\"height:20px;\"><\/div><a href=\"https:\/\/www.relyonelectrical.be\/fr\/jobs\/ingenieur-electricien\/\" class=\"vcex-button theme-button white small inline\"><span class=\"vcex-button-inner theme-button-inner wpex-flex wpex-flex-wrap wpex-items-center wpex-justify-center\">en savoir plus<\/span><\/a> <\/div><\/div><\/div><\/div><\/div><\/div><\/div><\/div><\/div><\/div><div class=\"vcex-spacing wpex-w-100 wpex-clear show-at-mm-breakpoint\"><\/div>[\/vc_column][\/vc_row][vc_row][vc_column]<style>.vcex-heading.vcex_69dd1f0d73f10{width:500px;}<\/style><h2 class=\"vcex-heading vcex-heading-plain vcex-heading-w-badge vcex-module wpex-heading wpex-text-2xl wpex-h2 wpex-max-w-100 wpex-mr-auto vcex_69dd1f0d73f10\"><span class=\"vcex-heading-inner wpex-inline-block\">Quelques images d\u2019ambiance <span class=\"vcex-heading-badge wpex-badge\">Ing\u00e9nieur \u00e9lectricien<\/span><\/span><\/h2><div class=\"vcex-spacing wpex-w-100 wpex-clear\"><\/div><div class=\"vcex-image-grid-wrap\"><div class=\"vcex-module vcex-image-grid grid-style-masonry wpex-row wpex-clr vcex-isotope-grid no-transition wpex-overflow-hidden wpex-lightbox-group\" data-transition-duration=\"0.0\"><div class=\"id-3696 vcex-image-grid-entry vcex-grid-item vcex-isotope-entry wpex-text-center span_1_of_4 span_1_of_3_tp span_1_of_3_pl span_1_of_2_pp col col-1\"><figure class=\"vcex-image-grid-entry-figure wpex-last-mb-0 wpex-clr\"><div class=\"vcex-image-grid-entry-img entry-media wpex-relative wpex-mb-20\"><a href=\"https:\/\/www.relyonelectrical.be\/wp-content\/uploads\/2026\/03\/2026-01-23RelyOn-76-scaled.jpg\" class=\"vcex-image-grid-entry-link wpex-lightbox-group-item\" ><img width=\"2560\" height=\"1707\" src=\"https:\/\/www.relyonelectrical.be\/wp-content\/uploads\/2026\/03\/2026-01-23RelyOn-76-scaled.jpg\" class=\"wpex-align-middle skip-lazy\" alt=\"\" data-no-lazy=\"1\" srcset=\"https:\/\/www.relyonelectrical.be\/wp-content\/uploads\/2026\/03\/2026-01-23RelyOn-76-scaled.jpg 2560w, https:\/\/www.relyonelectrical.be\/wp-content\/uploads\/2026\/03\/2026-01-23RelyOn-76-300x200.jpg 300w, https:\/\/www.relyonelectrical.be\/wp-content\/uploads\/2026\/03\/2026-01-23RelyOn-76-1024x683.jpg 1024w, https:\/\/www.relyonelectrical.be\/wp-content\/uploads\/2026\/03\/2026-01-23RelyOn-76-768x512.jpg 768w, https:\/\/www.relyonelectrical.be\/wp-content\/uploads\/2026\/03\/2026-01-23RelyOn-76-1536x1024.jpg 1536w, https:\/\/www.relyonelectrical.be\/wp-content\/uploads\/2026\/03\/2026-01-23RelyOn-76-2048x1365.jpg 2048w\" sizes=\"(max-width: 2560px) 100vw, 2560px\" \/><\/a><\/div><\/figure><\/div><div class=\"id-3862 vcex-image-grid-entry vcex-grid-item vcex-isotope-entry wpex-text-center span_1_of_4 span_1_of_3_tp span_1_of_3_pl span_1_of_2_pp col col-2\"><figure class=\"vcex-image-grid-entry-figure wpex-last-mb-0 wpex-clr\"><div class=\"vcex-image-grid-entry-img entry-media wpex-relative wpex-mb-20\"><a href=\"https:\/\/www.relyonelectrical.be\/wp-content\/uploads\/2026\/03\/2026-01-23RelyOn-32-scaled.jpg\" class=\"vcex-image-grid-entry-link wpex-lightbox-group-item\" ><img width=\"2560\" height=\"1707\" src=\"https:\/\/www.relyonelectrical.be\/wp-content\/uploads\/2026\/03\/2026-01-23RelyOn-32-scaled.jpg\" class=\"wpex-align-middle skip-lazy\" alt=\"\" data-no-lazy=\"1\" srcset=\"https:\/\/www.relyonelectrical.be\/wp-content\/uploads\/2026\/03\/2026-01-23RelyOn-32-scaled.jpg 2560w, https:\/\/www.relyonelectrical.be\/wp-content\/uploads\/2026\/03\/2026-01-23RelyOn-32-300x200.jpg 300w, https:\/\/www.relyonelectrical.be\/wp-content\/uploads\/2026\/03\/2026-01-23RelyOn-32-1024x683.jpg 1024w, https:\/\/www.relyonelectrical.be\/wp-content\/uploads\/2026\/03\/2026-01-23RelyOn-32-768x512.jpg 768w, https:\/\/www.relyonelectrical.be\/wp-content\/uploads\/2026\/03\/2026-01-23RelyOn-32-1536x1024.jpg 1536w, https:\/\/www.relyonelectrical.be\/wp-content\/uploads\/2026\/03\/2026-01-23RelyOn-32-2048x1365.jpg 2048w\" sizes=\"(max-width: 2560px) 100vw, 2560px\" \/><\/a><\/div><\/figure><\/div><div class=\"id-3590 vcex-image-grid-entry vcex-grid-item vcex-isotope-entry wpex-text-center span_1_of_4 span_1_of_3_tp span_1_of_3_pl span_1_of_2_pp col col-3\"><figure class=\"vcex-image-grid-entry-figure wpex-last-mb-0 wpex-clr\"><div class=\"vcex-image-grid-entry-img entry-media wpex-relative wpex-mb-20\"><a href=\"https:\/\/www.relyonelectrical.be\/wp-content\/uploads\/2026\/03\/2026-01-23RelyOn-11-scaled.jpg\" class=\"vcex-image-grid-entry-link wpex-lightbox-group-item\" ><img width=\"2560\" height=\"1707\" src=\"https:\/\/www.relyonelectrical.be\/wp-content\/uploads\/2026\/03\/2026-01-23RelyOn-11-scaled.jpg\" class=\"wpex-align-middle skip-lazy\" alt=\"\" data-no-lazy=\"1\" srcset=\"https:\/\/www.relyonelectrical.be\/wp-content\/uploads\/2026\/03\/2026-01-23RelyOn-11-scaled.jpg 2560w, https:\/\/www.relyonelectrical.be\/wp-content\/uploads\/2026\/03\/2026-01-23RelyOn-11-300x200.jpg 300w, https:\/\/www.relyonelectrical.be\/wp-content\/uploads\/2026\/03\/2026-01-23RelyOn-11-1024x683.jpg 1024w, https:\/\/www.relyonelectrical.be\/wp-content\/uploads\/2026\/03\/2026-01-23RelyOn-11-768x512.jpg 768w, https:\/\/www.relyonelectrical.be\/wp-content\/uploads\/2026\/03\/2026-01-23RelyOn-11-1536x1024.jpg 1536w, https:\/\/www.relyonelectrical.be\/wp-content\/uploads\/2026\/03\/2026-01-23RelyOn-11-2048x1365.jpg 2048w\" sizes=\"(max-width: 2560px) 100vw, 2560px\" \/><\/a><\/div><\/figure><\/div><div class=\"id-3591 vcex-image-grid-entry vcex-grid-item vcex-isotope-entry wpex-text-center span_1_of_4 span_1_of_3_tp span_1_of_3_pl span_1_of_2_pp col col-4\"><figure class=\"vcex-image-grid-entry-figure wpex-last-mb-0 wpex-clr\"><div class=\"vcex-image-grid-entry-img entry-media wpex-relative wpex-mb-20\"><a href=\"https:\/\/www.relyonelectrical.be\/wp-content\/uploads\/2026\/03\/2026-01-23RelyOn-52-scaled.jpg\" class=\"vcex-image-grid-entry-link wpex-lightbox-group-item\" ><img width=\"2560\" height=\"1707\" src=\"https:\/\/www.relyonelectrical.be\/wp-content\/uploads\/2026\/03\/2026-01-23RelyOn-52-scaled.jpg\" class=\"wpex-align-middle skip-lazy\" alt=\"\" data-no-lazy=\"1\" srcset=\"https:\/\/www.relyonelectrical.be\/wp-content\/uploads\/2026\/03\/2026-01-23RelyOn-52-scaled.jpg 2560w, https:\/\/www.relyonelectrical.be\/wp-content\/uploads\/2026\/03\/2026-01-23RelyOn-52-300x200.jpg 300w, https:\/\/www.relyonelectrical.be\/wp-content\/uploads\/2026\/03\/2026-01-23RelyOn-52-1024x683.jpg 1024w, https:\/\/www.relyonelectrical.be\/wp-content\/uploads\/2026\/03\/2026-01-23RelyOn-52-768x512.jpg 768w, https:\/\/www.relyonelectrical.be\/wp-content\/uploads\/2026\/03\/2026-01-23RelyOn-52-1536x1024.jpg 1536w, https:\/\/www.relyonelectrical.be\/wp-content\/uploads\/2026\/03\/2026-01-23RelyOn-52-2048x1365.jpg 2048w\" sizes=\"(max-width: 2560px) 100vw, 2560px\" \/><\/a><\/div><\/figure><\/div><div class=\"id-3592 vcex-image-grid-entry vcex-grid-item vcex-isotope-entry wpex-text-center span_1_of_4 span_1_of_3_tp span_1_of_3_pl span_1_of_2_pp col col-1\"><figure class=\"vcex-image-grid-entry-figure wpex-last-mb-0 wpex-clr\"><div class=\"vcex-image-grid-entry-img entry-media wpex-relative wpex-mb-20\"><a href=\"https:\/\/www.relyonelectrical.be\/wp-content\/uploads\/2026\/03\/2026-01-23RelyOn-133-scaled.jpg\" class=\"vcex-image-grid-entry-link wpex-lightbox-group-item\" ><img width=\"2560\" height=\"1707\" src=\"https:\/\/www.relyonelectrical.be\/wp-content\/uploads\/2026\/03\/2026-01-23RelyOn-133-scaled.jpg\" class=\"wpex-align-middle skip-lazy\" alt=\"\" data-no-lazy=\"1\" srcset=\"https:\/\/www.relyonelectrical.be\/wp-content\/uploads\/2026\/03\/2026-01-23RelyOn-133-scaled.jpg 2560w, https:\/\/www.relyonelectrical.be\/wp-content\/uploads\/2026\/03\/2026-01-23RelyOn-133-300x200.jpg 300w, https:\/\/www.relyonelectrical.be\/wp-content\/uploads\/2026\/03\/2026-01-23RelyOn-133-1024x683.jpg 1024w, https:\/\/www.relyonelectrical.be\/wp-content\/uploads\/2026\/03\/2026-01-23RelyOn-133-768x512.jpg 768w, https:\/\/www.relyonelectrical.be\/wp-content\/uploads\/2026\/03\/2026-01-23RelyOn-133-1536x1024.jpg 1536w, https:\/\/www.relyonelectrical.be\/wp-content\/uploads\/2026\/03\/2026-01-23RelyOn-133-2048x1365.jpg 2048w\" sizes=\"(max-width: 2560px) 100vw, 2560px\" \/><\/a><\/div><\/figure><\/div><\/div><\/div>[\/vc_column][\/vc_row]\n<\/div>","protected":false},"excerpt":{"rendered":"","protected":false},"author":1,"featured_media":0,"parent":0,"menu_order":5,"comment_status":"closed","ping_status":"closed","template":"","meta":{"_acf_changed":false,"footnotes":""},"class_list":["post-3589","page","type-page","status-publish","hentry","entry","no-media"],"acf":[],"_links":{"self":[{"href":"https:\/\/www.relyonelectrical.be\/fr\/wp-json\/wp\/v2\/pages\/3589","targetHints":{"allow":["GET"]}}],"collection":[{"href":"https:\/\/www.relyonelectrical.be\/fr\/wp-json\/wp\/v2\/pages"}],"about":[{"href":"https:\/\/www.relyonelectrical.be\/fr\/wp-json\/wp\/v2\/types\/page"}],"author":[{"embeddable":true,"href":"https:\/\/www.relyonelectrical.be\/fr\/wp-json\/wp\/v2\/users\/1"}],"replies":[{"embeddable":true,"href":"https:\/\/www.relyonelectrical.be\/fr\/wp-json\/wp\/v2\/comments?post=3589"}],"version-history":[{"count":2,"href":"https:\/\/www.relyonelectrical.be\/fr\/wp-json\/wp\/v2\/pages\/3589\/revisions"}],"predecessor-version":[{"id":3594,"href":"https:\/\/www.relyonelectrical.be\/fr\/wp-json\/wp\/v2\/pages\/3589\/revisions\/3594"}],"wp:attachment":[{"href":"https:\/\/www.relyonelectrical.be\/fr\/wp-json\/wp\/v2\/media?parent=3589"}],"curies":[{"name":"wp","href":"https:\/\/api.w.org\/{rel}","templated":true}]}}