{"id":3595,"date":"2025-12-14T16:51:24","date_gmt":"2025-12-14T15:51:24","guid":{"rendered":"https:\/\/www.relyonelectrical.be\/blog\/"},"modified":"2026-04-08T13:39:36","modified_gmt":"2026-04-08T11:39:36","slug":"blog","status":"publish","type":"page","link":"https:\/\/www.relyonelectrical.be\/fr\/blog\/","title":{"rendered":"Blog"},"content":{"rendered":"<div class=\"wpb-content-wrapper\">[vc_row full_width=&#8221;stretch_row&#8221; remove_bottom_col_margin=&#8221;true&#8221; columns_right=&#8221;yes&#8221; offset_overlay_header=&#8221;yes&#8221; css=&#8221;.vc_custom_1765193168712{background-position: 0 0 !important;background-repeat: no-repeat !important;}&#8221;][vc_column]<style>.vcex-heading.vcex_69dd1f3cd8932{width:800px;}<\/style><h1 class=\"vcex-heading vcex-heading-plain vcex-heading-w-badge vcex-module wpex-heading wpex-text-2xl wpex-h1 wpex-max-w-100 wpex-mr-auto vcex_69dd1f3cd8932\"><span class=\"vcex-heading-inner wpex-inline-block\">Vous trouverez ici des actualit\u00e9s et des informations sur l\u2019\u00e9lectricit\u00e9 et la s\u00e9curit\u00e9. Et parfois un aper\u00e7u des coulisses de RelyOn Electrical Services <span class=\"vcex-heading-badge wpex-badge\">Blog<\/span><\/span><\/h1><div class=\"vcex-spacing wpex-w-100 wpex-clear\"><\/div><div class=\"wpex-post-cards wpex-post-cards-template_963 wpex-relative\"><div class=\"wpex-post-cards-inner\"><\/div><\/div>[\/vc_column][\/vc_row]\n<\/div>","protected":false},"excerpt":{"rendered":"<p>[vc_row full_width=&#8221;stretch_row&#8221; remove_bottom_col_margin=&#8221;true&#8221; columns_right=&#8221;yes&#8221; offset_overlay_header=&#8221;yes&#8221; css=&#8221;.vc_custom_1765193168712{background-position: 0 0 !important;background-repeat: no-repeat !important;}&#8221;][vc_column][\/vc_column][\/vc_row]<\/p>\n","protected":false},"author":1,"featured_media":0,"parent":0,"menu_order":10,"comment_status":"closed","ping_status":"closed","template":"","meta":{"_acf_changed":false,"footnotes":""},"class_list":["post-3595","page","type-page","status-publish","hentry","entry","no-media"],"acf":[],"_links":{"self":[{"href":"https:\/\/www.relyonelectrical.be\/fr\/wp-json\/wp\/v2\/pages\/3595","targetHints":{"allow":["GET"]}}],"collection":[{"href":"https:\/\/www.relyonelectrical.be\/fr\/wp-json\/wp\/v2\/pages"}],"about":[{"href":"https:\/\/www.relyonelectrical.be\/fr\/wp-json\/wp\/v2\/types\/page"}],"author":[{"embeddable":true,"href":"https:\/\/www.relyonelectrical.be\/fr\/wp-json\/wp\/v2\/users\/1"}],"replies":[{"embeddable":true,"href":"https:\/\/www.relyonelectrical.be\/fr\/wp-json\/wp\/v2\/comments?post=3595"}],"version-history":[{"count":2,"href":"https:\/\/www.relyonelectrical.be\/fr\/wp-json\/wp\/v2\/pages\/3595\/revisions"}],"predecessor-version":[{"id":3597,"href":"https:\/\/www.relyonelectrical.be\/fr\/wp-json\/wp\/v2\/pages\/3595\/revisions\/3597"}],"wp:attachment":[{"href":"https:\/\/www.relyonelectrical.be\/fr\/wp-json\/wp\/v2\/media?parent=3595"}],"curies":[{"name":"wp","href":"https:\/\/api.w.org\/{rel}","templated":true}]}}