{"id":3620,"date":"2025-12-14T16:37:22","date_gmt":"2025-12-14T15:37:22","guid":{"rendered":"https:\/\/www.relyonelectrical.be\/etude-de-faisabilite-pour-bornes-de-recharge\/"},"modified":"2026-04-08T13:42:34","modified_gmt":"2026-04-08T11:42:34","slug":"etude-de-faisabilite-pour-bornes-de-recharge","status":"publish","type":"page","link":"https:\/\/www.relyonelectrical.be\/fr\/genie-electrique\/etude-de-faisabilite-pour-bornes-de-recharge\/","title":{"rendered":"\u00c9tude de faisabilit\u00e9 pour bornes de recharge"},"content":{"rendered":"<div class=\"wpb-content-wrapper\">[vc_row full_width=&#8221;stretch_row&#8221; remove_bottom_col_margin=&#8221;true&#8221; columns_right=&#8221;yes&#8221; offset_overlay_header=&#8221;yes&#8221; css=&#8221;.vc_custom_1765193168712{background-position: 0 0 !important;background-repeat: no-repeat !important;}&#8221;][vc_column width=&#8221;2\/5&#8243;]<figure class=\"vcex-image vcex-module intro-image\"><div class=\"vcex-image-inner wpex-relative wpex-inline-block\"><img width=\"2560\" height=\"1707\" src=\"https:\/\/www.relyonelectrical.be\/wp-content\/uploads\/2025\/12\/shutterstock_1393633001-scaled.jpg\" class=\"vcex-image-img wpex-align-middle wpex-aspect-1-1 wpex-object-cover\" alt=\"\" loading=\"lazy\" decoding=\"async\" srcset=\"https:\/\/www.relyonelectrical.be\/wp-content\/uploads\/2025\/12\/shutterstock_1393633001-scaled.jpg 2560w, https:\/\/www.relyonelectrical.be\/wp-content\/uploads\/2025\/12\/shutterstock_1393633001-scaled-300x200.jpg 300w, https:\/\/www.relyonelectrical.be\/wp-content\/uploads\/2025\/12\/shutterstock_1393633001-scaled-1024x683.jpg 1024w, https:\/\/www.relyonelectrical.be\/wp-content\/uploads\/2025\/12\/shutterstock_1393633001-scaled-768x512.jpg 768w, https:\/\/www.relyonelectrical.be\/wp-content\/uploads\/2025\/12\/shutterstock_1393633001-scaled-1536x1024.jpg 1536w, https:\/\/www.relyonelectrical.be\/wp-content\/uploads\/2025\/12\/shutterstock_1393633001-scaled-2048x1366.jpg 2048w\" sizes=\"auto, (max-width: 2560px) 100vw, 2560px\" \/><\/div><\/figure>[\/vc_column][vc_column width=&#8221;3\/5&#8243;]<style>.vcex-heading.vcex_69dd209ebe1f7{width:500px;font-size:var(--wpex-text-3xl);}@media (max-width:479px){.vcex-heading.vcex_69dd209ebe1f7{font-size:var(--wpex-text-5xl);}}<\/style><h1 class=\"vcex-heading vcex-heading-plain vcex-heading-w-badge vcex-module wpex-heading wpex-text-2xl wpex-h1 wpex-max-w-100 wpex-mr-auto vcex_69dd209ebe1f7\"><span class=\"vcex-heading-inner wpex-inline-block\">Installer des bornes de recharge dans votre entreprise <span class=\"vcex-heading-badge wpex-badge\">\u00c9tude de faisabilit\u00e9 pour bornes de recharge<\/span><\/span><\/h1><div class=\"vcex-spacing wpex-w-100 wpex-clear\"><\/div>[vc_column_text css=&#8221;&#8221; font_size=&#8221;d:lg|pp:xl&#8221; line_height=&#8221;1.5em&#8221;]Vous souhaitez pr\u00e9voir des points de recharge suppl\u00e9mentaires au sein de votre entreprise afin que vous et vos collaborateurs puissiez recharger facilement vos voitures et v\u00e9los \u00e9lectriques pendant les heures de travail.<\/p>\n<p>Mais votre installation \u00e9lectrique est-elle suffisamment robuste pour fournir la puissance n\u00e9cessaire aux bornes de recharge ? Quelles modifications devriez-vous id\u00e9alement apporter \u00e0 votre installation pour installer les bornes de recharge en toute s\u00e9curit\u00e9 ? <\/p>\n<p>Une \u00e9tude de faisabilit\u00e9 pour bornes de recharge r\u00e9alis\u00e9e par RelyOn vous apporte des conseils ind\u00e9pendants et r\u00e9alistes.[\/vc_column_text]<div class=\"vcex-spacing wpex-w-100 wpex-clear\"><\/div><style>.vcex-button.vcex_69dd209ebf235:hover{background:var(--wpex-palette-15-color)!important;color:var(--wpex-palette-18-color)!important;}.vcex-button.vcex_69dd209ebf235{font-size:var(--wpex-text-base);}@media (max-width:479px){.vcex-button.vcex_69dd209ebf235{font-size:var(--wpex-text-lg);}}<\/style><style>@media (max-width:479px){.vcex_69dd209ec1ea5{font-size:var(--wpex-text-lg)!important;}}<\/style><a href=\"https:\/\/www.relyonelectrical.be\/fr\/contact\/\" class=\"vcex-button theme-button align-left inline vcex_69dd209ec1ea5 vcex_69dd209ebf235\"><span class=\"vcex-button-inner theme-button-inner wpex-flex wpex-flex-wrap wpex-items-center wpex-justify-center\">Demander une \u00e9tude de faisabilit\u00e9 pour bornes de recharge<\/span><\/a> [\/vc_column][\/vc_row][vc_row full_width=&#8221;stretch_row&#8221; remove_bottom_col_margin=&#8221;true&#8221; typography_style=&#8221;white&#8221; wpex_bg_overlay=&#8221;color&#8221; wpex_bg_overlay_color=&#8221;palette-15&#8243; wpex_bg_overlay_opacity=&#8221;90%&#8221; css=&#8221;.vc_custom_1773773388223{background-image: url(https:\/\/www.relyonelectrical.be\/wp-content\/uploads\/2025\/12\/2023-09-04Bureau9000-318-2-scaled.jpg?id=593) !important;}&#8221; wpex_bg_size=&#8221;cover&#8221;][vc_column]<style>.vcex-teaser.vcex_69dd209ec2ee7 .vcex-teaser-heading{font-size:var(--wpex-text-2xl);font-weight:300;margin-block-end:20px;}.vcex-teaser.vcex_69dd209ec2ee7 .vcex-teaser-text{font-weight:300;}@media (max-width:479px){.vcex-teaser.vcex_69dd209ec2ee7 .vcex-teaser-heading{font-size:var(--wpex-text-3xl);}}.vcex-teaser.vcex_69dd209ec36c6 .vcex-teaser-heading{font-size:var(--wpex-text-2xl);color:var(--wpex-palette-15-color);font-weight:300;margin-block-end:20px;}.vcex-teaser.vcex_69dd209ec36c6 .vcex-teaser-text{font-weight:300;color:var(--wpex-palette-15-color);}@media (max-width:479px){.vcex-teaser.vcex_69dd209ec36c6 .vcex-teaser-heading{font-size:var(--wpex-text-3xl);}}<\/style><div class=\"vcex-flex-container vcex-module wpex-flex wpex-gap-20 wpex-flex-col relyon-boxes vcex-flex-container_69dd209ec23e0\"><div class=\"vcex-module vcex-teaser wpex-flex wpex-flex-col vc_custom_1773828424271 vcex_69dd209ec2ee7\"><div class=\"vcex-teaser-content\"><h2 class=\"vcex-teaser-heading wpex-heading wpex-text-xl\">Comment d\u00e9cider du type de bornes de recharge \u00e0 installer ?<\/h2><div class=\"vcex-teaser-text wpex-mt-10 wpex-last-mb-0 wpex-clr\"><p>Quel est le meilleur choix pour la situation sp\u00e9cifique de votre entreprise et de vos v\u00e9hicules professionnels ? Votre installation \u00e9lectrique actuelle peut-elle supporter le besoin en courant suppl\u00e9mentaire ? Comment demander un devis aux installateurs de la mani\u00e8re la plus r\u00e9fl\u00e9chie et compl\u00e8te possible afin de pouvoir comparer facilement ? Quelles sont les modifications n\u00e9cessaires \u00e0 l\u2019installation technique ?   <\/p>\n<p>Nous apportons une r\u00e9ponse objective \u00e0 toutes ces questions, sur la base de faits et de calculs. Nous vous fournissons une vue d\u2019ensemble qui vous permet de solliciter des devis sp\u00e9cifiques pour des bornes de recharge. Des devis que vous pourrez r\u00e9ellement comparer entre eux.<\/p>\n<\/div><\/div><\/div><div class=\"vcex-module vcex-teaser vcex-teaser-three wpex-flex wpex-flex-col wpex-shadow-none wpex-surface-2 vc_custom_1774002507053 vcex_69dd209ec36c6\" style=\"background:var(--wpex-palette-18-color);\"><div class=\"vcex-teaser-content wpex-p-20\"><h2 class=\"vcex-teaser-heading wpex-heading wpex-text-xl\">Bornes de recharge : obligatoires ou non ?<\/h2><div class=\"vcex-teaser-text wpex-mt-10 wpex-last-mb-0 wpex-clr\"><p>Les nouveaux commerces et entreprises (ou ceux faisant l\u2019objet de r\u00e9novations importantes) disposant de plus de 10 places de parking doivent comporter au moins 2 points de recharge. De plus, l\u2019infrastructure n\u00e9cessaire (fourreaux ou chemins de c\u00e2bles) doit \u00eatre pr\u00e9vue pour pouvoir \u00e9quiper au moins 25 % des places de parking d\u2019un point de recharge. <\/p>\n<p>Depuis le 1er janvier 2025, tout b\u00e2timent non r\u00e9sidentiel disposant de plus de vingt places de parking doit \u00eatre \u00e9quip\u00e9 d\u2019au moins deux points de recharge pour v\u00e9hicules \u00e9lectriques.<\/p>\n<\/div><\/div><\/div><\/div>[\/vc_column][\/vc_row]\n<\/div>","protected":false},"excerpt":{"rendered":"<p>L\u2019installation de bornes de recharge est-elle r\u00e9alisable au sein de votre entreprise avec votre installation \u00e9lectrique actuelle ? Demandez une \u00e9tude de faisabilit\u00e9 ind\u00e9pendante. <\/p>\n","protected":false},"author":1,"featured_media":3621,"parent":3695,"menu_order":5,"comment_status":"closed","ping_status":"closed","template":"","meta":{"_acf_changed":false,"footnotes":""},"class_list":["post-3620","page","type-page","status-publish","has-post-thumbnail","hentry","entry","has-media"],"acf":[],"_links":{"self":[{"href":"https:\/\/www.relyonelectrical.be\/fr\/wp-json\/wp\/v2\/pages\/3620","targetHints":{"allow":["GET"]}}],"collection":[{"href":"https:\/\/www.relyonelectrical.be\/fr\/wp-json\/wp\/v2\/pages"}],"about":[{"href":"https:\/\/www.relyonelectrical.be\/fr\/wp-json\/wp\/v2\/types\/page"}],"author":[{"embeddable":true,"href":"https:\/\/www.relyonelectrical.be\/fr\/wp-json\/wp\/v2\/users\/1"}],"replies":[{"embeddable":true,"href":"https:\/\/www.relyonelectrical.be\/fr\/wp-json\/wp\/v2\/comments?post=3620"}],"version-history":[{"count":4,"href":"https:\/\/www.relyonelectrical.be\/fr\/wp-json\/wp\/v2\/pages\/3620\/revisions"}],"predecessor-version":[{"id":3627,"href":"https:\/\/www.relyonelectrical.be\/fr\/wp-json\/wp\/v2\/pages\/3620\/revisions\/3627"}],"up":[{"embeddable":true,"href":"https:\/\/www.relyonelectrical.be\/fr\/wp-json\/wp\/v2\/pages\/3695"}],"wp:featuredmedia":[{"embeddable":true,"href":"https:\/\/www.relyonelectrical.be\/fr\/wp-json\/wp\/v2\/media\/3621"}],"wp:attachment":[{"href":"https:\/\/www.relyonelectrical.be\/fr\/wp-json\/wp\/v2\/media?parent=3620"}],"curies":[{"name":"wp","href":"https:\/\/api.w.org\/{rel}","templated":true}]}}