{"id":3624,"date":"2025-12-14T16:45:59","date_gmt":"2025-12-14T15:45:59","guid":{"rendered":"https:\/\/www.relyonelectrical.be\/etude-de-faisabilite-pour-panneaux-solaires\/"},"modified":"2026-04-08T13:42:35","modified_gmt":"2026-04-08T11:42:35","slug":"etude-de-faisabilite-pour-panneaux-solaires","status":"publish","type":"page","link":"https:\/\/www.relyonelectrical.be\/fr\/genie-electrique\/etude-de-faisabilite-pour-panneaux-solaires\/","title":{"rendered":"\u00c9tude de faisabilit\u00e9 pour panneaux solaires"},"content":{"rendered":"<div class=\"wpb-content-wrapper\">[vc_row full_width=&#8221;stretch_row&#8221; remove_bottom_col_margin=&#8221;true&#8221; columns_right=&#8221;yes&#8221; offset_overlay_header=&#8221;yes&#8221; css=&#8221;.vc_custom_1765193168712{background-position: 0 0 !important;background-repeat: no-repeat !important;}&#8221;][vc_column width=&#8221;2\/5&#8243;]<figure class=\"vcex-image vcex-module intro-image\"><div class=\"vcex-image-inner wpex-relative wpex-inline-block\"><img width=\"2560\" height=\"1711\" src=\"https:\/\/www.relyonelectrical.be\/wp-content\/uploads\/2025\/12\/shutterstock_1297199569-scaled.jpg\" class=\"vcex-image-img wpex-align-middle wpex-aspect-1-1 wpex-object-cover\" alt=\"\" loading=\"lazy\" decoding=\"async\" srcset=\"https:\/\/www.relyonelectrical.be\/wp-content\/uploads\/2025\/12\/shutterstock_1297199569-scaled.jpg 2560w, https:\/\/www.relyonelectrical.be\/wp-content\/uploads\/2025\/12\/shutterstock_1297199569-scaled-300x201.jpg 300w, https:\/\/www.relyonelectrical.be\/wp-content\/uploads\/2025\/12\/shutterstock_1297199569-scaled-1024x684.jpg 1024w, https:\/\/www.relyonelectrical.be\/wp-content\/uploads\/2025\/12\/shutterstock_1297199569-scaled-768x513.jpg 768w, https:\/\/www.relyonelectrical.be\/wp-content\/uploads\/2025\/12\/shutterstock_1297199569-scaled-1536x1027.jpg 1536w, https:\/\/www.relyonelectrical.be\/wp-content\/uploads\/2025\/12\/shutterstock_1297199569-scaled-2048x1369.jpg 2048w\" sizes=\"auto, (max-width: 2560px) 100vw, 2560px\" \/><\/div><\/figure>[\/vc_column][vc_column width=&#8221;3\/5&#8243;]<style>.vcex-heading.vcex_69dd1f6259f1a{width:500px;font-size:var(--wpex-text-3xl);}@media (max-width:479px){.vcex-heading.vcex_69dd1f6259f1a{font-size:var(--wpex-text-5xl);}}<\/style><h1 class=\"vcex-heading vcex-heading-plain vcex-heading-w-badge vcex-module wpex-heading wpex-text-2xl wpex-h1 wpex-max-w-100 wpex-mr-auto vcex_69dd1f6259f1a\"><span class=\"vcex-heading-inner wpex-inline-block\">Les panneaux solaires sont-ils encore rentables aujourd\u2019hui ? <span class=\"vcex-heading-badge wpex-badge\">\u00c9tude de faisabilit\u00e9 pour panneaux solaires<\/span><\/span><\/h1><div class=\"vcex-spacing wpex-w-100 wpex-clear\"><\/div>[vc_column_text css=&#8221;&#8221; font_size=&#8221;d:lg|pp:xl&#8221; line_height=&#8221;1.5em&#8221;]Oui ! C\u2019est ce que de nombreux fournisseurs de panneaux PV vous diront imm\u00e9diatement. Et il est fort possible qu\u2019ils aient raison.<\/p>\n<p>Mais pour en \u00eatre certain dans le cadre de votre situation professionnelle, il est n\u00e9cessaire de calculer concr\u00e8tement le co\u00fbt par rapport au temps de retour sur investissement et au rendement.<\/p>\n<ul>\n<li>De combien de panneaux solaires avez-vous besoin pour couvrir votre propre consommation d\u2019\u00e9lectricit\u00e9 ?<\/li>\n<li>Est-il encore rentable d\u2019installer des panneaux solaires sur mon toit ?<\/li>\n<li>Mes panneaux solaires ont d\u00e9j\u00e0 10 ans ; est-il rentable de les compl\u00e9ter par de nouveaux panneaux, ou dois-je remplacer les panneaux existants pr\u00e9matur\u00e9ment ?<\/li>\n<li>Un b\u00e2timent voisin, une chemin\u00e9e ou un arbre projette une ombre sur mon toit. Quelle est la meilleure fa\u00e7on de compenser cette perte de rendement de mes panneaux solaires ?<\/li>\n<li>En tant que ma\u00eetre d\u2019ouvrage d\u2019un projet utilisant de nouvelles technologies, j\u2019ai des difficult\u00e9s \u00e0 \u00e9valuer de mani\u00e8re critique les propositions de mon architecte ou de mon installateur. Qui peut m\u2019aider \u00e0 y voir plus clair ?<\/li>\n<\/ul>\n[\/vc_column_text]<div class=\"vcex-spacing wpex-w-100 wpex-clear\"><\/div><style>.vcex-button.vcex_69dd1f625b039:hover{background:var(--wpex-palette-15-color)!important;color:var(--wpex-palette-18-color)!important;}.vcex-button.vcex_69dd1f625b039{font-size:var(--wpex-text-base);}@media (max-width:479px){.vcex-button.vcex_69dd1f625b039{font-size:var(--wpex-text-lg);}}<\/style><style>@media (max-width:479px){.vcex_69dd1f625c5f4{font-size:var(--wpex-text-lg)!important;}}<\/style><a href=\"https:\/\/www.relyonelectrical.be\/fr\/contact\/\" class=\"vcex-button theme-button inline vcex_69dd1f625c5f4 vcex_69dd1f625b039\"><span class=\"vcex-button-inner theme-button-inner wpex-flex wpex-flex-wrap wpex-items-center wpex-justify-center\">Demandez votre \u00e9tude de faisabilit\u00e9<\/span><\/a> [\/vc_column][\/vc_row][vc_row full_width=&#8221;stretch_row&#8221; remove_bottom_col_margin=&#8221;true&#8221; typography_style=&#8221;white&#8221; wpex_bg_overlay=&#8221;color&#8221; wpex_bg_overlay_color=&#8221;palette-15&#8243; wpex_bg_overlay_opacity=&#8221;90%&#8221; css=&#8221;.vc_custom_1773773411256{background-image: url(https:\/\/www.relyonelectrical.be\/wp-content\/uploads\/2025\/12\/shutterstock_148095986-scaled.jpg?id=210) !important;}&#8221; wpex_bg_size=&#8221;cover&#8221;][vc_column]<style>.vcex-teaser.vcex_69dd1f625d616 .vcex-teaser-heading{font-size:var(--wpex-text-2xl);font-weight:300;margin-block-end:20px;}.vcex-teaser.vcex_69dd1f625d616 .vcex-teaser-text{font-weight:300;}@media (max-width:479px){.vcex-teaser.vcex_69dd1f625d616 .vcex-teaser-heading{font-size:var(--wpex-text-3xl);}}.vcex-teaser.vcex_69dd1f625ddf0 .vcex-teaser-heading{font-size:var(--wpex-text-2xl);font-weight:300;margin-block-end:20px;}.vcex-teaser.vcex_69dd1f625ddf0 .vcex-teaser-text{font-weight:300;}@media (max-width:479px){.vcex-teaser.vcex_69dd1f625ddf0 .vcex-teaser-heading{font-size:var(--wpex-text-3xl);}}<\/style><div class=\"vcex-flex-container vcex-module wpex-flex wpex-gap-20 wpex-flex-col relyon-boxes vcex-flex-container_69dd1f625ca7e\"><div class=\"vcex-module vcex-teaser wpex-flex wpex-flex-col vc_custom_1774002688689 vcex_69dd1f625d616\"><div class=\"vcex-teaser-content\"><h2 class=\"vcex-teaser-heading wpex-heading wpex-text-xl\">Conseils ind\u00e9pendants garantis<\/h2><div class=\"vcex-teaser-text wpex-mt-10 wpex-last-mb-0 wpex-clr\"><p>On trouve des informations contradictoires partout. Ou justement pas l\u2019information qui correspond \u00e0 votre situation. Les fournisseurs et les installateurs ont, outre la transmission d\u2019informations, d\u2019autres int\u00e9r\u00eats, comme la vente. C\u2019est pourquoi ils pr\u00e9sentent parfois le tableau du retour sur investissement de mani\u00e8re plus optimiste qu\u2019il ne l\u2019est en r\u00e9alit\u00e9.<\/p>\n<p>Chez RelyOn, vous avez la garantie que nous r\u00e9alisons une \u00e9valuation et formulons un conseil de mani\u00e8re totalement ind\u00e9pendante des installateurs ou des fabricants. Nos experts se forment continuellement et disposent d\u2019une solide exp\u00e9rience de terrain. Vous pouvez donc compter sur nous pour des conseils r\u00e9alistes et des temps de retour sur investissement calcul\u00e9s en d\u00e9tail. Nous calculons une installation PV adapt\u00e9e \u00e0 votre consommation d\u2019\u00e9nergie sp\u00e9cifique.<\/p>\n<\/div><\/div><\/div><div class=\"vcex-module vcex-teaser vcex-teaser-three wpex-flex wpex-flex-col wpex-shadow-none wpex-surface-2 vc_custom_1774002718630 vcex_69dd1f625ddf0\" style=\"background:var(--wpex-palette-27-color);\"><div class=\"vcex-teaser-content wpex-p-20\"><h2 class=\"vcex-teaser-heading wpex-heading wpex-text-xl\">Faisabilit\u00e9 : technique et \u00e9conomique<\/h2><div class=\"vcex-teaser-text wpex-mt-10 wpex-last-mb-0 wpex-clr\"><p>Les experts de RelyOn examinent votre demande et \u00e9valuent la faisabilit\u00e9 technique et \u00e9conomique de votre concept d\u2019\u00e9nergie renouvelable, de techniques \u00e9conomes en \u00e9nergie ou d\u2019installations \u00e9lectriques. Nous tenons compte du co\u00fbt total sur la dur\u00e9e de vie de votre investissement.<\/p>\n<p>Nous nous attaquons avec plaisir \u00e0 votre probl\u00e9matique \u00e9nerg\u00e9tique : plus c\u2019est complexe, plus nous appr\u00e9cions le d\u00e9fi.<\/p>\n<\/div><\/div><\/div><\/div>[\/vc_column][\/vc_row]\n<\/div>","protected":false},"excerpt":{"rendered":"<p>Les panneaux solaires sont-ils encore rentables pour votre entreprise ? Nous calculons le rendement le plus int\u00e9ressant pour vous.<\/p>\n","protected":false},"author":1,"featured_media":3625,"parent":3695,"menu_order":6,"comment_status":"closed","ping_status":"closed","template":"","meta":{"_acf_changed":false,"footnotes":""},"class_list":["post-3624","page","type-page","status-publish","has-post-thumbnail","hentry","entry","has-media"],"acf":[],"_links":{"self":[{"href":"https:\/\/www.relyonelectrical.be\/fr\/wp-json\/wp\/v2\/pages\/3624","targetHints":{"allow":["GET"]}}],"collection":[{"href":"https:\/\/www.relyonelectrical.be\/fr\/wp-json\/wp\/v2\/pages"}],"about":[{"href":"https:\/\/www.relyonelectrical.be\/fr\/wp-json\/wp\/v2\/types\/page"}],"author":[{"embeddable":true,"href":"https:\/\/www.relyonelectrical.be\/fr\/wp-json\/wp\/v2\/users\/1"}],"replies":[{"embeddable":true,"href":"https:\/\/www.relyonelectrical.be\/fr\/wp-json\/wp\/v2\/comments?post=3624"}],"version-history":[{"count":1,"href":"https:\/\/www.relyonelectrical.be\/fr\/wp-json\/wp\/v2\/pages\/3624\/revisions"}],"predecessor-version":[{"id":3628,"href":"https:\/\/www.relyonelectrical.be\/fr\/wp-json\/wp\/v2\/pages\/3624\/revisions\/3628"}],"up":[{"embeddable":true,"href":"https:\/\/www.relyonelectrical.be\/fr\/wp-json\/wp\/v2\/pages\/3695"}],"wp:featuredmedia":[{"embeddable":true,"href":"https:\/\/www.relyonelectrical.be\/fr\/wp-json\/wp\/v2\/media\/3625"}],"wp:attachment":[{"href":"https:\/\/www.relyonelectrical.be\/fr\/wp-json\/wp\/v2\/media?parent=3624"}],"curies":[{"name":"wp","href":"https:\/\/api.w.org\/{rel}","templated":true}]}}