{"id":3641,"date":"2025-12-14T16:25:32","date_gmt":"2025-12-14T15:25:32","guid":{"rendered":"https:\/\/www.relyonelectrical.be\/etablissement-de-calculs-de-cables\/"},"modified":"2026-04-08T13:42:48","modified_gmt":"2026-04-08T11:42:48","slug":"etablissement-de-calculs-de-cables","status":"publish","type":"page","link":"https:\/\/www.relyonelectrical.be\/fr\/genie-electrique\/etablissement-de-calculs-de-cables\/","title":{"rendered":"\u00c9tablissement de calculs de c\u00e2bles"},"content":{"rendered":"<div class=\"wpb-content-wrapper\">[vc_row full_width=&#8221;stretch_row&#8221; remove_bottom_col_margin=&#8221;true&#8221; columns_right=&#8221;yes&#8221; offset_overlay_header=&#8221;yes&#8221; css=&#8221;.vc_custom_1765193168712{background-position: 0 0 !important;background-repeat: no-repeat !important;}&#8221;][vc_column width=&#8221;2\/5&#8243;]<figure class=\"vcex-image vcex-module intro-image\"><div class=\"vcex-image-inner wpex-relative wpex-inline-block\"><img width=\"1733\" height=\"1153\" src=\"https:\/\/www.relyonelectrical.be\/wp-content\/uploads\/2025\/12\/shutterstock_100238048-LR-1.jpg\" class=\"vcex-image-img wpex-align-middle wpex-aspect-1-1 wpex-object-cover\" alt=\"\" loading=\"lazy\" decoding=\"async\" srcset=\"https:\/\/www.relyonelectrical.be\/wp-content\/uploads\/2025\/12\/shutterstock_100238048-LR-1.jpg 1733w, https:\/\/www.relyonelectrical.be\/wp-content\/uploads\/2025\/12\/shutterstock_100238048-LR-1-300x200.jpg 300w, https:\/\/www.relyonelectrical.be\/wp-content\/uploads\/2025\/12\/shutterstock_100238048-LR-1-1024x681.jpg 1024w, https:\/\/www.relyonelectrical.be\/wp-content\/uploads\/2025\/12\/shutterstock_100238048-LR-1-768x511.jpg 768w, https:\/\/www.relyonelectrical.be\/wp-content\/uploads\/2025\/12\/shutterstock_100238048-LR-1-1536x1022.jpg 1536w\" sizes=\"auto, (max-width: 1733px) 100vw, 1733px\" \/><\/div><\/figure>[\/vc_column][vc_column width=&#8221;3\/5&#8243;]<style>.vcex-heading.vcex_69dd1f6145d53{width:500px;font-size:var(--wpex-text-3xl);}@media (max-width:479px){.vcex-heading.vcex_69dd1f6145d53{font-size:var(--wpex-text-5xl);}}<\/style><h1 class=\"vcex-heading vcex-heading-plain vcex-heading-w-badge vcex-module wpex-heading wpex-text-2xl wpex-h1 wpex-max-w-100 wpex-mr-auto vcex_69dd1f6145d53\"><span class=\"vcex-heading-inner wpex-inline-block\">\u00c9tablissement de calculs de c\u00e2bles <span class=\"vcex-heading-badge wpex-badge\">Pr\u00e9venir les courts-circuits<\/span><\/span><\/h1><div class=\"vcex-spacing wpex-w-100 wpex-clear\"><\/div>[vc_column_text css=&#8221;&#8221; font_size=&#8221;d:lg|pp:xl&#8221; line_height=&#8221;1.5em&#8221;]Vos lignes \u00e9lectriques sont-elles sous-dimensionn\u00e9es ? Votre protection a-t-elle un pouvoir de coupure insuffisant ? Il existe alors un <strong>risque de court-circuit, d\u2019interruption de courant<\/strong> et potentiellement de <strong>blessures<\/strong> et de <strong>dommages<\/strong>.<\/p>\n<p>RelyOn dispose de logiciels ind\u00e9pendants et d\u2019ann\u00e9es d\u2019expertise pour effectuer des calculs de c\u00e2bles et de courts-circuits de mani\u00e8re tr\u00e8s efficace. Nous vous apportons des conseils clairs, tant en phase de conception d\u2019une nouvelle installation que pour des installations existantes qui, apr\u00e8s des modifications successives bien intentionn\u00e9es, ne sont plus aussi fiables et s\u00fbres.<\/p>\n<p>Le <a href=\"https:\/\/www.relyonelectrical.be\/fr\/genie-electrique\/etablissement-de-dossiers-techniques-dinstallations-electriques\/\">dossier technique des installations \u00e9lectriques<\/a> obligatoire doit \u00e9galement inclure un calcul de c\u00e2bles. Celui-ci manque-t-il encore ? Nous faisons le n\u00e9cessaire.[\/vc_column_text]<div class=\"vcex-spacing wpex-w-100 wpex-clear\"><\/div><style>.vcex-button.vcex_69dd1f6146e8a:hover{background:var(--wpex-palette-15-color)!important;color:var(--wpex-palette-18-color)!important;}.vcex-button.vcex_69dd1f6146e8a:is(.active,[aria-expanded=true],[aria-pressed=true]){background:var(--wpex-palette-15-color)!important;color:var(--wpex-palette-18-color)!important;}.vcex-button.vcex_69dd1f6146e8a{font-size:var(--wpex-text-base);}@media (max-width:479px){.vcex-button.vcex_69dd1f6146e8a{font-size:var(--wpex-text-lg);}}<\/style><style>@media (max-width:479px){.vcex_69dd1f61497a2{font-size:var(--wpex-text-lg)!important;}}<\/style><a href=\"https:\/\/www.relyonelectrical.be\/fr\/contact\/\" class=\"vcex-button theme-button inline vcex_69dd1f61497a2 vcex_69dd1f6146e8a\"><span class=\"vcex-button-inner theme-button-inner wpex-flex wpex-flex-wrap wpex-items-center wpex-justify-center\">Demander un calcul de c\u00e2bles<\/span><\/a> [\/vc_column][\/vc_row][vc_row full_width=&#8221;stretch_row&#8221; remove_bottom_col_margin=&#8221;true&#8221; typography_style=&#8221;white&#8221; wpex_bg_overlay=&#8221;color&#8221; wpex_bg_overlay_color=&#8221;palette-15&#8243; wpex_bg_overlay_opacity=&#8221;90%&#8221; css=&#8221;.vc_custom_1773773338646{background-image: url(https:\/\/www.relyonelectrical.be\/wp-content\/uploads\/2025\/12\/2023-09-04Bureau9000-318-2-scaled.jpg?id=593) !important;}&#8221; wpex_bg_size=&#8221;cover&#8221;][vc_column]<style>.vcex-teaser.vcex_69dd1f614a8a4 .vcex-teaser-heading{font-size:var(--wpex-text-2xl);font-weight:300;margin-block-end:20px;}.vcex-teaser.vcex_69dd1f614a8a4 .vcex-teaser-text{font-weight:300;}@media (max-width:479px){.vcex-teaser.vcex_69dd1f614a8a4 .vcex-teaser-heading{font-size:var(--wpex-text-3xl);}}.vcex-teaser.vcex_69dd1f614b1a2 .vcex-teaser-heading{font-size:var(--wpex-text-2xl);color:var(--wpex-palette-15-color);font-weight:300;margin-block-end:20px;}.vcex-teaser.vcex_69dd1f614b1a2 .vcex-teaser-text{font-weight:300;color:var(--wpex-palette-15-color);}@media (max-width:479px){.vcex-teaser.vcex_69dd1f614b1a2 .vcex-teaser-heading{font-size:var(--wpex-text-3xl);}}<\/style><div class=\"vcex-flex-container vcex-module wpex-flex wpex-gap-20 wpex-flex-col relyon-boxes vcex-flex-container_69dd1f6149c63\"><div class=\"vcex-module vcex-teaser wpex-flex wpex-flex-col vc_custom_1774001937280 vcex_69dd1f614a8a4\"><div class=\"vcex-teaser-content\"><h2 class=\"vcex-teaser-heading wpex-heading wpex-text-xl\">RelyOn s\u2019occupe de vos calculs de c\u00e2bles : \u00e0 quoi pouvez-vous vous attendre ?<\/h2><div class=\"vcex-teaser-text wpex-mt-10 wpex-last-mb-0 wpex-clr\"><ul>\n<li>Conseils sp\u00e9cialis\u00e9s, tant en basse qu\u2019en haute tension ;<\/li>\n<li>Calculs de c\u00e2bles \u00e0 l\u2019aide du logiciel professionnel Caneco BT ;<\/li>\n<li>Conforme \u00e0 la derni\u00e8re version du RGIE ;<\/li>\n<li>Calcul de la section de c\u00e2ble la plus \u00e9conomique ;<\/li>\n<li>Comment assurer la protection contre les contacts indirects ;<\/li>\n<li>Dossier clair, pr\u00eat pour un contr\u00f4le externe.<\/li>\n<\/ul>\n<\/div><\/div><\/div><div class=\"vcex-module vcex-teaser vcex-teaser-three wpex-flex wpex-flex-col wpex-shadow-none wpex-surface-2 vc_custom_1774255869352 vcex_69dd1f614b1a2\" style=\"background:var(--wpex-palette-18-color);\"><div class=\"vcex-teaser-content wpex-p-20\"><h2 class=\"vcex-teaser-heading wpex-heading wpex-text-xl\">Nous pouvons \u00e9galement r\u00e9aliser ces prestations pour vous<\/h2><div class=\"vcex-teaser-text wpex-mt-10 wpex-last-mb-0 wpex-clr\"><ul>\n<li>Cr\u00e9ation des sch\u00e9mas unifilaires manquants ;<\/li>\n<li>La filiation et la s\u00e9lectivit\u00e9 peuvent \u00e9galement \u00eatre d\u00e9montr\u00e9es ;<\/li>\n<li>Calcul des circuits de s\u00e9curit\u00e9 conform\u00e9ment au RGIE Livre 1 &#8211; Chapitre 5.5 ;<\/li>\n<\/ul>\n<\/div><\/div><\/div><\/div>[\/vc_column][\/vc_row][vc_row full_width=&#8221;stretch_row&#8221; wpex_bg_color=&#8221;palette-26&#8243;][vc_column]<div class=\"vcex-spacing wpex-w-100 wpex-clear show-at-mm-breakpoint\"><\/div><style>.vcex-heading.vcex_69dd1f614bbb4{color:var(--wpex-palette-18-color);}<\/style><h2 class=\"vcex-heading vcex-heading-plain vcex-module wpex-heading wpex-text-2xl wpex-h2 wpex-mb-20 wpex-text-center vcex_69dd1f614bbb4\"><span class=\"vcex-heading-inner wpex-inline-block\">Ils comptent sur nous pour leurs calculs de c\u00e2bles<\/span><\/h2><div class=\"vcex-spacing wpex-w-100 wpex-clear\"><\/div><style>.wpex-post-cards.vcex_69dd1f614da58 .wpex-post-cards-pagination{margin-block-start:50px;}<\/style><div class=\"wpex-post-cards wpex-post-cards-template_1145 vcex_69dd1f614da58 wpex-relative\"><div class=\"wpex-post-cards-inner\"><\/div><\/div><div class=\"vcex-spacing wpex-w-100 wpex-clear show-at-mm-breakpoint\"><\/div>[\/vc_column][\/vc_row]\n<\/div>","protected":false},"excerpt":{"rendered":"<p>Votre dossier technique \u00e9lectrique contient-il les calculs de c\u00e2bles n\u00e9cessaires ? \u00c9vitez les courts-circuits gr\u00e2ce \u00e0 un calcul de c\u00e2bles approfondi et ind\u00e9pendant.<\/p>\n","protected":false},"author":1,"featured_media":3642,"parent":3695,"menu_order":3,"comment_status":"closed","ping_status":"closed","template":"","meta":{"_acf_changed":false,"footnotes":""},"class_list":["post-3641","page","type-page","status-publish","has-post-thumbnail","hentry","entry","has-media"],"acf":[],"_links":{"self":[{"href":"https:\/\/www.relyonelectrical.be\/fr\/wp-json\/wp\/v2\/pages\/3641","targetHints":{"allow":["GET"]}}],"collection":[{"href":"https:\/\/www.relyonelectrical.be\/fr\/wp-json\/wp\/v2\/pages"}],"about":[{"href":"https:\/\/www.relyonelectrical.be\/fr\/wp-json\/wp\/v2\/types\/page"}],"author":[{"embeddable":true,"href":"https:\/\/www.relyonelectrical.be\/fr\/wp-json\/wp\/v2\/users\/1"}],"replies":[{"embeddable":true,"href":"https:\/\/www.relyonelectrical.be\/fr\/wp-json\/wp\/v2\/comments?post=3641"}],"version-history":[{"count":11,"href":"https:\/\/www.relyonelectrical.be\/fr\/wp-json\/wp\/v2\/pages\/3641\/revisions"}],"predecessor-version":[{"id":3713,"href":"https:\/\/www.relyonelectrical.be\/fr\/wp-json\/wp\/v2\/pages\/3641\/revisions\/3713"}],"up":[{"embeddable":true,"href":"https:\/\/www.relyonelectrical.be\/fr\/wp-json\/wp\/v2\/pages\/3695"}],"wp:featuredmedia":[{"embeddable":true,"href":"https:\/\/www.relyonelectrical.be\/fr\/wp-json\/wp\/v2\/media\/3642"}],"wp:attachment":[{"href":"https:\/\/www.relyonelectrical.be\/fr\/wp-json\/wp\/v2\/media?parent=3641"}],"curies":[{"name":"wp","href":"https:\/\/api.w.org\/{rel}","templated":true}]}}