{"id":3645,"date":"2025-12-14T16:33:39","date_gmt":"2025-12-14T15:33:39","guid":{"rendered":"https:\/\/www.relyonelectrical.be\/etablissement-du-tableau-des-influences-externes\/"},"modified":"2026-04-08T13:42:33","modified_gmt":"2026-04-08T11:42:33","slug":"etablissement-du-tableau-des-influences-externes","status":"publish","type":"page","link":"https:\/\/www.relyonelectrical.be\/fr\/genie-electrique\/etablissement-du-tableau-des-influences-externes\/","title":{"rendered":"\u00c9tablissement du tableau des influences externes"},"content":{"rendered":"<div class=\"wpb-content-wrapper\">[vc_row full_width=&#8221;stretch_row&#8221; remove_bottom_col_margin=&#8221;true&#8221; columns_right=&#8221;yes&#8221; offset_overlay_header=&#8221;yes&#8221; css=&#8221;.vc_custom_1765193168712{background-position: 0 0 !important;background-repeat: no-repeat !important;}&#8221;][vc_column width=&#8221;2\/5&#8243;]<figure class=\"vcex-image vcex-module intro-image\"><div class=\"vcex-image-inner wpex-relative wpex-inline-block\"><img width=\"2560\" height=\"1709\" src=\"https:\/\/www.relyonelectrical.be\/wp-content\/uploads\/2025\/12\/shutterstock_1501847681-scaled.jpg\" class=\"vcex-image-img wpex-align-middle wpex-aspect-1-1 wpex-object-cover\" alt=\"\" loading=\"lazy\" decoding=\"async\" srcset=\"https:\/\/www.relyonelectrical.be\/wp-content\/uploads\/2025\/12\/shutterstock_1501847681-scaled.jpg 2560w, https:\/\/www.relyonelectrical.be\/wp-content\/uploads\/2025\/12\/shutterstock_1501847681-scaled-300x200.jpg 300w, https:\/\/www.relyonelectrical.be\/wp-content\/uploads\/2025\/12\/shutterstock_1501847681-scaled-1024x684.jpg 1024w, https:\/\/www.relyonelectrical.be\/wp-content\/uploads\/2025\/12\/shutterstock_1501847681-scaled-768x513.jpg 768w, https:\/\/www.relyonelectrical.be\/wp-content\/uploads\/2025\/12\/shutterstock_1501847681-scaled-1536x1025.jpg 1536w, https:\/\/www.relyonelectrical.be\/wp-content\/uploads\/2025\/12\/shutterstock_1501847681-scaled-2048x1367.jpg 2048w\" sizes=\"auto, (max-width: 2560px) 100vw, 2560px\" \/><\/div><\/figure>[\/vc_column][vc_column width=&#8221;3\/5&#8243;]<style>.vcex-heading.vcex_69dd209ee04c2{width:500px;font-size:var(--wpex-text-3xl);}@media (max-width:479px){.vcex-heading.vcex_69dd209ee04c2{font-size:var(--wpex-text-5xl);}}<\/style><h1 class=\"vcex-heading vcex-heading-plain vcex-heading-w-badge vcex-module wpex-heading wpex-text-2xl wpex-h1 wpex-max-w-100 wpex-mr-auto vcex_69dd209ee04c2\"><span class=\"vcex-heading-inner wpex-inline-block\">\u00c9tablissement du tableau des influences externes <span class=\"vcex-heading-badge wpex-badge\">Attention aux \u00e9l\u00e9ments ext\u00e9rieurs \u00e0 risque<\/span><\/span><\/h1><div class=\"vcex-spacing wpex-w-100 wpex-clear\"><\/div>[vc_column_text css=&#8221;&#8221; font_size=&#8221;d:lg|pp:xl&#8221; line_height=&#8221;1.5em&#8221;]Tout dossier technique d\u2019une installation \u00e9lectrique doit contenir un tableau des influences externes. C\u2019est ce que stipule le RGIE (R\u00e8glement G\u00e9n\u00e9ral sur les Installations \u00c9lectriques). <\/p>\n<p>Humidit\u00e9, chaleur, froid, vermine, produits chimiques corrosifs\u2026<\/p>\n<p>Ce sont tous des facteurs et des \u00e9l\u00e9ments ext\u00e9rieurs qui peuvent affecter le fonctionnement s\u00fbr des installations \u00e9lectriques et ainsi augmenter le risque d\u2019accidents. Lors du choix et de l\u2019utilisation du mat\u00e9riel \u00e9lectrique, vous devez donc toujours tenir compte de ces facteurs d\u2019influences externes pr\u00e9sents.[\/vc_column_text]<div class=\"vcex-spacing wpex-w-100 wpex-clear\"><\/div><style>.vcex-button.vcex_69dd209ee102a:hover{background:var(--wpex-palette-15-color)!important;color:var(--wpex-palette-18-color)!important;}.vcex-button.vcex_69dd209ee102a{font-size:var(--wpex-text-base);}@media (max-width:479px){.vcex-button.vcex_69dd209ee102a{font-size:var(--wpex-text-lg);}}<\/style><style>@media (max-width:479px){.vcex_69dd209ee2e50{font-size:var(--wpex-text-lg)!important;}}<\/style><a href=\"https:\/\/www.relyonelectrical.be\/fr\/contact\/\" class=\"vcex-button theme-button align-left inline vcex_69dd209ee2e50 vcex_69dd209ee102a\"><span class=\"vcex-button-inner theme-button-inner wpex-flex wpex-flex-wrap wpex-items-center wpex-justify-center\">Faites appel \u00e0 nous pour l\u2019\u00e9tablissement d\u2019un tableau des influences externes<\/span><\/a> [\/vc_column][\/vc_row][vc_row full_width=&#8221;stretch_row&#8221; remove_bottom_col_margin=&#8221;true&#8221; typography_style=&#8221;white&#8221; wpex_bg_overlay=&#8221;color&#8221; wpex_bg_overlay_color=&#8221;palette-15&#8243; wpex_bg_overlay_opacity=&#8221;90%&#8221; css=&#8221;.vc_custom_1773773366692{background-image: url(https:\/\/www.relyonelectrical.be\/wp-content\/uploads\/2025\/12\/2023-09-04Bureau9000-318-2-scaled.jpg?id=593) !important;}&#8221; wpex_bg_size=&#8221;cover&#8221;][vc_column]<style>.vcex-teaser.vcex_69dd209ee39a0 .vcex-teaser-heading{font-size:var(--wpex-text-2xl);font-weight:300;margin-block-end:20px;}.vcex-teaser.vcex_69dd209ee39a0 .vcex-teaser-text{font-weight:300;}@media (max-width:479px){.vcex-teaser.vcex_69dd209ee39a0 .vcex-teaser-heading{font-size:var(--wpex-text-3xl);}}.vcex-teaser.vcex_69dd209ee3fa8 .vcex-teaser-heading{font-size:var(--wpex-text-2xl);font-weight:300;margin-block-end:20px;}.vcex-teaser.vcex_69dd209ee3fa8 .vcex-teaser-text{font-weight:300;}@media (max-width:479px){.vcex-teaser.vcex_69dd209ee3fa8 .vcex-teaser-heading{font-size:var(--wpex-text-3xl);}}<\/style><div class=\"vcex-flex-container vcex-module wpex-flex wpex-gap-20 wpex-flex-col relyon-boxes vcex-flex-container_69dd209ee31cd\"><div class=\"vcex-module vcex-teaser wpex-flex wpex-flex-col vc_custom_1774002243355 vcex_69dd209ee39a0\"><div class=\"vcex-teaser-content\"><h2 class=\"vcex-teaser-heading wpex-heading wpex-text-xl\">RelyOn \u00e9tablit votre document des influences externes<\/h2><div class=\"vcex-teaser-text wpex-mt-10 wpex-last-mb-0 wpex-clr\"><p>Le plan \u00e9labor\u00e9 constitue le <strong>document des influences externes<\/strong> et doit \u00eatre approuv\u00e9 par un organisme de contr\u00f4le.<\/p>\n<p>\u00c9tablir un document des influences externes ? RelyOn s\u2019en charge pour vous avec expertise. Notre expert veille \u00e0 ce que vous disposiez d\u2019un inventaire complet qui passera l\u2019inspection sans encombre.<\/p>\n<\/div><\/div><\/div><div class=\"vcex-module vcex-teaser vcex-teaser-three wpex-flex wpex-flex-col wpex-shadow-none wpex-surface-2 vc_custom_1774002272955 vcex_69dd209ee3fa8\" style=\"background:var(--wpex-palette-27-color);\"><div class=\"vcex-teaser-content wpex-p-20\"><h2 class=\"vcex-teaser-heading wpex-heading wpex-text-xl\">\u00c0 quoi pouvez-vous vous attendre ?<\/h2><div class=\"vcex-teaser-text wpex-mt-10 wpex-last-mb-0 wpex-clr\"><ul>\n<li>Visite de tous les locaux et sites de votre entreprise ;<\/li>\n<li>Un tableau par local avec les facteurs d\u2019influences externes pertinents ;<\/li>\n<li>R\u00e9sultat : un document reprenant les facteurs d\u2019influences externes au sein de votre entreprise, pr\u00eat \u00e0 \u00eatre sign\u00e9 par vous en tant qu\u2019entrepreneur et par le service externe de contr\u00f4le technique.<\/li>\n<\/ul>\n<\/div><\/div><\/div><\/div>[\/vc_column][\/vc_row][vc_row full_width=&#8221;stretch_row&#8221; wpex_bg_color=&#8221;palette-15&#8243;][vc_column]<div class=\"vcex-spacing wpex-w-100 wpex-clear show-at-mm-breakpoint\"><\/div><style>.vcex-heading.vcex_69dd209ee465c{color:var(--wpex-palette-18-color);}<\/style><h2 class=\"vcex-heading vcex-heading-plain vcex-module wpex-heading wpex-text-2xl wpex-h2 wpex-mb-20 wpex-text-center vcex_69dd209ee465c\"><span class=\"vcex-heading-inner wpex-inline-block\">Ils comptent sur nous pour identifier les influences externes<\/span><\/h2><div class=\"vcex-spacing wpex-w-100 wpex-clear\"><\/div><style>.wpex-post-cards.vcex_69dd209ee5d34 .wpex-post-cards-pagination{margin-block-start:50px;}<\/style><div class=\"wpex-post-cards wpex-post-cards-template_1145 vcex_69dd209ee5d34 wpex-relative\"><div class=\"wpex-post-cards-inner\"><\/div><\/div><div class=\"vcex-spacing wpex-w-100 wpex-clear show-at-mm-breakpoint\"><\/div>[\/vc_column][\/vc_row]\n<\/div>","protected":false},"excerpt":{"rendered":"<p>Quelles influences externes agissent sur votre installation \u00e9lectrique ? Vous \u00eates tenu de r\u00e9pertorier toutes ces influences. Nous vous accompagnons dans cette d\u00e9marche.  <\/p>\n","protected":false},"author":1,"featured_media":3646,"parent":3695,"menu_order":4,"comment_status":"closed","ping_status":"closed","template":"","meta":{"_acf_changed":false,"footnotes":""},"class_list":["post-3645","page","type-page","status-publish","has-post-thumbnail","hentry","entry","has-media"],"acf":[],"_links":{"self":[{"href":"https:\/\/www.relyonelectrical.be\/fr\/wp-json\/wp\/v2\/pages\/3645","targetHints":{"allow":["GET"]}}],"collection":[{"href":"https:\/\/www.relyonelectrical.be\/fr\/wp-json\/wp\/v2\/pages"}],"about":[{"href":"https:\/\/www.relyonelectrical.be\/fr\/wp-json\/wp\/v2\/types\/page"}],"author":[{"embeddable":true,"href":"https:\/\/www.relyonelectrical.be\/fr\/wp-json\/wp\/v2\/users\/1"}],"replies":[{"embeddable":true,"href":"https:\/\/www.relyonelectrical.be\/fr\/wp-json\/wp\/v2\/comments?post=3645"}],"version-history":[{"count":1,"href":"https:\/\/www.relyonelectrical.be\/fr\/wp-json\/wp\/v2\/pages\/3645\/revisions"}],"predecessor-version":[{"id":3649,"href":"https:\/\/www.relyonelectrical.be\/fr\/wp-json\/wp\/v2\/pages\/3645\/revisions\/3649"}],"up":[{"embeddable":true,"href":"https:\/\/www.relyonelectrical.be\/fr\/wp-json\/wp\/v2\/pages\/3695"}],"wp:featuredmedia":[{"embeddable":true,"href":"https:\/\/www.relyonelectrical.be\/fr\/wp-json\/wp\/v2\/media\/3646"}],"wp:attachment":[{"href":"https:\/\/www.relyonelectrical.be\/fr\/wp-json\/wp\/v2\/media?parent=3645"}],"curies":[{"name":"wp","href":"https:\/\/api.w.org\/{rel}","templated":true}]}}