{"id":3665,"date":"2025-12-14T15:56:56","date_gmt":"2025-12-14T14:56:56","guid":{"rendered":"https:\/\/www.relyonelectrical.be\/a-propos-de-nous\/"},"modified":"2026-04-08T13:47:06","modified_gmt":"2026-04-08T11:47:06","slug":"a-propos-de-nous","status":"publish","type":"page","link":"https:\/\/www.relyonelectrical.be\/fr\/a-propos-de-nous\/","title":{"rendered":"\u00c0 propos de nous"},"content":{"rendered":"<div class=\"wpb-content-wrapper\">[vc_row full_width=&#8221;stretch_row&#8221; remove_bottom_col_margin=&#8221;true&#8221; columns_right=&#8221;yes&#8221; offset_overlay_header=&#8221;yes&#8221; css=&#8221;.vc_custom_1765193168712{background-position: 0 0 !important;background-repeat: no-repeat !important;}&#8221;][vc_column width=&#8221;2\/5&#8243;]<figure class=\"vcex-image vcex-module intro-image\"><div class=\"vcex-image-inner wpex-relative wpex-inline-block\"><img width=\"886\" height=\"762\" src=\"https:\/\/www.relyonelectrical.be\/wp-content\/uploads\/2025\/12\/Schermafbeelding-2025-04-08-124116.jpg\" class=\"vcex-image-img wpex-align-middle wpex-aspect-1-1 wpex-object-cover\" alt=\"\" loading=\"lazy\" decoding=\"async\" srcset=\"https:\/\/www.relyonelectrical.be\/wp-content\/uploads\/2025\/12\/Schermafbeelding-2025-04-08-124116.jpg 886w, https:\/\/www.relyonelectrical.be\/wp-content\/uploads\/2025\/12\/Schermafbeelding-2025-04-08-124116-300x258.jpg 300w, https:\/\/www.relyonelectrical.be\/wp-content\/uploads\/2025\/12\/Schermafbeelding-2025-04-08-124116-768x661.jpg 768w\" sizes=\"auto, (max-width: 886px) 100vw, 886px\" \/><\/div><\/figure>[\/vc_column][vc_column width=&#8221;3\/5&#8243;]<style>.vcex-heading.vcex_69dd1f3be9621{width:500px;font-size:var(--wpex-text-3xl);}@media (max-width:479px){.vcex-heading.vcex_69dd1f3be9621{font-size:var(--wpex-text-5xl);}}<\/style><h1 class=\"vcex-heading vcex-heading-plain vcex-heading-w-badge vcex-module wpex-heading wpex-text-2xl wpex-h1 wpex-max-w-100 wpex-mr-auto vcex_69dd1f3be9621\"><span class=\"vcex-heading-inner wpex-inline-block\">D\u00e9couvrez RelyOn Electrical Services <span class=\"vcex-heading-badge wpex-badge\">\u00c0 propos de nous<\/span><\/span><\/h1><div class=\"vcex-spacing wpex-w-100 wpex-clear\"><\/div>[vc_column_text css=&#8221;&#8221; font_size=&#8221;d:lg|pp:xl&#8221; line_height=&#8221;1.5em&#8221;]<strong>RelyOn Belgium<\/strong> fait partie du <strong>groupe international RelyOn<\/strong>, fond\u00e9 au Danemark et pr\u00e9sent dans plus de 20 pays. Nous sommes leader du march\u00e9 en <strong>formations \u00e0 la s\u00e9curit\u00e9 et \u00e0 la survie ainsi qu\u2019en conseil<\/strong> pour les professionnels de secteurs critiques tels que l\u2019offshore, le maritime, l\u2019\u00e9nergie \u00e9olienne, l\u2019\u00e9lectrotechnique, l\u2019industrie, la construction et les services publics.<\/p>\n<p>Nous contribuons ainsi \u00e0 rendre les lieux de travail plus s\u00fbrs dans le monde entier. En proposant aussi bien des formations ouvertes que du sur-mesure, nous adaptons au maximum notre accompagnement aux besoins de nos clients. Pour nos formations, nous sommes certifi\u00e9s GWO, STCW, OPITO et VLARIO.<\/p>\n<p><strong>RelyOn Electrical Services<\/strong> (anciennement connu sous le nom de Bureau 9000) fait partie de RelyOn Belgium. Nous sommes v\u00e9ritablement passionn\u00e9s par tout ce qui touche \u00e0 l\u2019\u00e9lectricit\u00e9. En tant que partenaire ind\u00e9pendant, nous aidons nos clients \u00e0 maintenir la s\u00e9curit\u00e9 sur leur lieu de travail. Nous intervenons ainsi pour des <strong><a href=\"https:\/\/www.relyonelectrical.be\/fr\/analyses-de-risques\/\" target=\"_blank\" rel=\"noopener\">analyses de risques<\/a>, des <a href=\"https:\/\/www.relyonelectrical.be\/fr\/formations-en-securite-electrique\/\" target=\"_blank\" rel=\"noopener\">formations sur la s\u00e9curit\u00e9 \u00e9lectrique<\/a> et de l\u2019<a href=\"https:\/\/www.relyonelectrical.be\/fr\/genie-electrique\/\" target=\"_blank\" rel=\"noopener\">ing\u00e9nierie \u00e9lectrique<\/a><\/strong>.<\/p>\n<p>RelyOn est r\u00e9put\u00e9 pour son approche pratique, son accompagnement pragmatique et sa collaboration \u00e9troite avec les clients, l\u2019\u00e9quipe agissant souvent comme une extension du d\u00e9partement technique ou de pr\u00e9vention interne.[\/vc_column_text][\/vc_column][\/vc_row][vc_row full_width=&#8221;stretch_row&#8221; wpex_bg_color=&#8221;palette-26&#8243;][vc_column]<div class=\"vcex-image-grid-wrap\"><div class=\"vcex-module vcex-image-grid grid-style-masonry wpex-row wpex-clr vcex-isotope-grid no-transition wpex-overflow-hidden wpex-lightbox-group\" data-transition-duration=\"0.0\"><div class=\"id-3862 vcex-image-grid-entry vcex-grid-item vcex-isotope-entry wpex-text-center span_1_of_4 span_1_of_3_tp span_1_of_3_pl span_1_of_2_pp col col-1\"><figure class=\"vcex-image-grid-entry-figure wpex-last-mb-0 wpex-clr\"><div class=\"vcex-image-grid-entry-img entry-media wpex-relative wpex-mb-20\"><a href=\"https:\/\/www.relyonelectrical.be\/wp-content\/uploads\/2026\/03\/2026-01-23RelyOn-32-scaled.jpg\" class=\"vcex-image-grid-entry-link wpex-lightbox-group-item\" ><img width=\"2560\" height=\"1707\" src=\"https:\/\/www.relyonelectrical.be\/wp-content\/uploads\/2026\/03\/2026-01-23RelyOn-32-scaled.jpg\" class=\"wpex-align-middle skip-lazy\" alt=\"\" data-no-lazy=\"1\" srcset=\"https:\/\/www.relyonelectrical.be\/wp-content\/uploads\/2026\/03\/2026-01-23RelyOn-32-scaled.jpg 2560w, https:\/\/www.relyonelectrical.be\/wp-content\/uploads\/2026\/03\/2026-01-23RelyOn-32-300x200.jpg 300w, https:\/\/www.relyonelectrical.be\/wp-content\/uploads\/2026\/03\/2026-01-23RelyOn-32-1024x683.jpg 1024w, https:\/\/www.relyonelectrical.be\/wp-content\/uploads\/2026\/03\/2026-01-23RelyOn-32-768x512.jpg 768w, https:\/\/www.relyonelectrical.be\/wp-content\/uploads\/2026\/03\/2026-01-23RelyOn-32-1536x1024.jpg 1536w, https:\/\/www.relyonelectrical.be\/wp-content\/uploads\/2026\/03\/2026-01-23RelyOn-32-2048x1365.jpg 2048w\" sizes=\"(max-width: 2560px) 100vw, 2560px\" \/><\/a><\/div><\/figure><\/div><div class=\"id-3696 vcex-image-grid-entry vcex-grid-item vcex-isotope-entry wpex-text-center span_1_of_4 span_1_of_3_tp span_1_of_3_pl span_1_of_2_pp col col-2\"><figure class=\"vcex-image-grid-entry-figure wpex-last-mb-0 wpex-clr\"><div class=\"vcex-image-grid-entry-img entry-media wpex-relative wpex-mb-20\"><a href=\"https:\/\/www.relyonelectrical.be\/wp-content\/uploads\/2026\/03\/2026-01-23RelyOn-76-scaled.jpg\" class=\"vcex-image-grid-entry-link wpex-lightbox-group-item\" ><img width=\"2560\" height=\"1707\" src=\"https:\/\/www.relyonelectrical.be\/wp-content\/uploads\/2026\/03\/2026-01-23RelyOn-76-scaled.jpg\" class=\"wpex-align-middle skip-lazy\" alt=\"\" data-no-lazy=\"1\" srcset=\"https:\/\/www.relyonelectrical.be\/wp-content\/uploads\/2026\/03\/2026-01-23RelyOn-76-scaled.jpg 2560w, https:\/\/www.relyonelectrical.be\/wp-content\/uploads\/2026\/03\/2026-01-23RelyOn-76-300x200.jpg 300w, https:\/\/www.relyonelectrical.be\/wp-content\/uploads\/2026\/03\/2026-01-23RelyOn-76-1024x683.jpg 1024w, https:\/\/www.relyonelectrical.be\/wp-content\/uploads\/2026\/03\/2026-01-23RelyOn-76-768x512.jpg 768w, https:\/\/www.relyonelectrical.be\/wp-content\/uploads\/2026\/03\/2026-01-23RelyOn-76-1536x1024.jpg 1536w, https:\/\/www.relyonelectrical.be\/wp-content\/uploads\/2026\/03\/2026-01-23RelyOn-76-2048x1365.jpg 2048w\" sizes=\"(max-width: 2560px) 100vw, 2560px\" \/><\/a><\/div><\/figure><\/div><div class=\"id-3590 vcex-image-grid-entry vcex-grid-item vcex-isotope-entry wpex-text-center span_1_of_4 span_1_of_3_tp span_1_of_3_pl span_1_of_2_pp col col-3\"><figure class=\"vcex-image-grid-entry-figure wpex-last-mb-0 wpex-clr\"><div class=\"vcex-image-grid-entry-img entry-media wpex-relative wpex-mb-20\"><a href=\"https:\/\/www.relyonelectrical.be\/wp-content\/uploads\/2026\/03\/2026-01-23RelyOn-11-scaled.jpg\" class=\"vcex-image-grid-entry-link wpex-lightbox-group-item\" ><img width=\"2560\" height=\"1707\" src=\"https:\/\/www.relyonelectrical.be\/wp-content\/uploads\/2026\/03\/2026-01-23RelyOn-11-scaled.jpg\" class=\"wpex-align-middle skip-lazy\" alt=\"\" data-no-lazy=\"1\" srcset=\"https:\/\/www.relyonelectrical.be\/wp-content\/uploads\/2026\/03\/2026-01-23RelyOn-11-scaled.jpg 2560w, https:\/\/www.relyonelectrical.be\/wp-content\/uploads\/2026\/03\/2026-01-23RelyOn-11-300x200.jpg 300w, https:\/\/www.relyonelectrical.be\/wp-content\/uploads\/2026\/03\/2026-01-23RelyOn-11-1024x683.jpg 1024w, https:\/\/www.relyonelectrical.be\/wp-content\/uploads\/2026\/03\/2026-01-23RelyOn-11-768x512.jpg 768w, https:\/\/www.relyonelectrical.be\/wp-content\/uploads\/2026\/03\/2026-01-23RelyOn-11-1536x1024.jpg 1536w, https:\/\/www.relyonelectrical.be\/wp-content\/uploads\/2026\/03\/2026-01-23RelyOn-11-2048x1365.jpg 2048w\" sizes=\"(max-width: 2560px) 100vw, 2560px\" \/><\/a><\/div><\/figure><\/div><div class=\"id-3591 vcex-image-grid-entry vcex-grid-item vcex-isotope-entry wpex-text-center span_1_of_4 span_1_of_3_tp span_1_of_3_pl span_1_of_2_pp col col-4\"><figure class=\"vcex-image-grid-entry-figure wpex-last-mb-0 wpex-clr\"><div class=\"vcex-image-grid-entry-img entry-media wpex-relative wpex-mb-20\"><a href=\"https:\/\/www.relyonelectrical.be\/wp-content\/uploads\/2026\/03\/2026-01-23RelyOn-52-scaled.jpg\" class=\"vcex-image-grid-entry-link wpex-lightbox-group-item\" ><img width=\"2560\" height=\"1707\" src=\"https:\/\/www.relyonelectrical.be\/wp-content\/uploads\/2026\/03\/2026-01-23RelyOn-52-scaled.jpg\" class=\"wpex-align-middle skip-lazy\" alt=\"\" data-no-lazy=\"1\" srcset=\"https:\/\/www.relyonelectrical.be\/wp-content\/uploads\/2026\/03\/2026-01-23RelyOn-52-scaled.jpg 2560w, https:\/\/www.relyonelectrical.be\/wp-content\/uploads\/2026\/03\/2026-01-23RelyOn-52-300x200.jpg 300w, https:\/\/www.relyonelectrical.be\/wp-content\/uploads\/2026\/03\/2026-01-23RelyOn-52-1024x683.jpg 1024w, https:\/\/www.relyonelectrical.be\/wp-content\/uploads\/2026\/03\/2026-01-23RelyOn-52-768x512.jpg 768w, https:\/\/www.relyonelectrical.be\/wp-content\/uploads\/2026\/03\/2026-01-23RelyOn-52-1536x1024.jpg 1536w, https:\/\/www.relyonelectrical.be\/wp-content\/uploads\/2026\/03\/2026-01-23RelyOn-52-2048x1365.jpg 2048w\" sizes=\"(max-width: 2560px) 100vw, 2560px\" \/><\/a><\/div><\/figure><\/div><div class=\"id-3592 vcex-image-grid-entry vcex-grid-item vcex-isotope-entry wpex-text-center span_1_of_4 span_1_of_3_tp span_1_of_3_pl span_1_of_2_pp col col-1\"><figure class=\"vcex-image-grid-entry-figure wpex-last-mb-0 wpex-clr\"><div class=\"vcex-image-grid-entry-img entry-media wpex-relative wpex-mb-20\"><a href=\"https:\/\/www.relyonelectrical.be\/wp-content\/uploads\/2026\/03\/2026-01-23RelyOn-133-scaled.jpg\" class=\"vcex-image-grid-entry-link wpex-lightbox-group-item\" ><img width=\"2560\" height=\"1707\" src=\"https:\/\/www.relyonelectrical.be\/wp-content\/uploads\/2026\/03\/2026-01-23RelyOn-133-scaled.jpg\" class=\"wpex-align-middle skip-lazy\" alt=\"\" data-no-lazy=\"1\" srcset=\"https:\/\/www.relyonelectrical.be\/wp-content\/uploads\/2026\/03\/2026-01-23RelyOn-133-scaled.jpg 2560w, https:\/\/www.relyonelectrical.be\/wp-content\/uploads\/2026\/03\/2026-01-23RelyOn-133-300x200.jpg 300w, https:\/\/www.relyonelectrical.be\/wp-content\/uploads\/2026\/03\/2026-01-23RelyOn-133-1024x683.jpg 1024w, https:\/\/www.relyonelectrical.be\/wp-content\/uploads\/2026\/03\/2026-01-23RelyOn-133-768x512.jpg 768w, https:\/\/www.relyonelectrical.be\/wp-content\/uploads\/2026\/03\/2026-01-23RelyOn-133-1536x1024.jpg 1536w, https:\/\/www.relyonelectrical.be\/wp-content\/uploads\/2026\/03\/2026-01-23RelyOn-133-2048x1365.jpg 2048w\" sizes=\"(max-width: 2560px) 100vw, 2560px\" \/><\/a><\/div><\/figure><\/div><\/div><\/div>[\/vc_column][\/vc_row][vc_row full_width=&#8221;stretch_row&#8221; remove_bottom_col_margin=&#8221;true&#8221; typography_style=&#8221;white&#8221; wpex_bg_overlay=&#8221;color&#8221; wpex_bg_overlay_color=&#8221;palette-15&#8243; wpex_bg_overlay_opacity=&#8221;90%&#8221; css=&#8221;.vc_custom_1773756043649{background-image: url(https:\/\/www.relyonelectrical.be\/wp-content\/uploads\/2025\/12\/WhatsApp-Image-2020-07-02-at-15.29.33.jpeg?id=101) !important;}&#8221; wpex_bg_position=&#8221;center center&#8221; wpex_bg_size=&#8221;cover&#8221;][vc_column]<div class=\"vcex-spacing wpex-w-100 wpex-clear\"><\/div><style>.vcex-flex-container_69dd1f3bebcfb{gap:40px;}.vcex-flex-container_69dd1f3bebcfb > * {flex-basis:calc(33% - 40px);flex-grow:0;flex-shrink:1;}.vcex-teaser.vcex_69dd1f3bec598 .vcex-teaser-heading{font-size:var(--wpex-text-2xl);font-weight:300;margin-block-end:20px;}.vcex-teaser.vcex_69dd1f3bec598 .vcex-teaser-text{font-weight:300;}@media (max-width:479px){.vcex-teaser.vcex_69dd1f3bec598 .vcex-teaser-heading{font-size:var(--wpex-text-3xl);}}.vcex-teaser.vcex_69dd1f3becbcd .vcex-teaser-heading{font-size:var(--wpex-text-2xl);font-weight:300;margin-block-end:20px;}.vcex-teaser.vcex_69dd1f3becbcd .vcex-teaser-text{font-weight:300;}@media (max-width:479px){.vcex-teaser.vcex_69dd1f3becbcd .vcex-teaser-heading{font-size:var(--wpex-text-3xl);}}.vcex-teaser.vcex_69dd1f3bed15d .vcex-teaser-heading{font-size:var(--wpex-text-2xl);font-weight:300;margin-block-end:20px;}.vcex-teaser.vcex_69dd1f3bed15d .vcex-teaser-text{font-weight:300;}@media (max-width:479px){.vcex-teaser.vcex_69dd1f3bed15d .vcex-teaser-heading{font-size:var(--wpex-text-3xl);}}<\/style><div class=\"vcex-flex-container vcex-module wpex-flex wpex-gap-20 wpex-flex-wrap vcex-flex-container--items_grow vcex-flex-container_69dd1f3bebcfb\"><div class=\"vcex-module vcex-teaser wpex-flex wpex-flex-col vc_custom_1774970876337 vcex_69dd1f3bec598\"><div class=\"vcex-teaser-content\"><h2 class=\"vcex-teaser-heading wpex-heading wpex-text-xl\">Pourquoi les clients font appel \u00e0 nous<\/h2><div class=\"vcex-teaser-text wpex-mt-10 wpex-last-mb-0 wpex-clr\"><p>RelyOn Electrical Services est votre partenaire ind\u00e9pendant pour tout ce qui concerne l\u2019\u00e9lectricit\u00e9 et la s\u00e9curit\u00e9.<\/p>\n<p>Gr\u00e2ce \u00e0 notre passion presque \u00ab geek \u00bb pour l\u2019\u00e9lectricit\u00e9 et notre savoir-faire technique, nous formons une \u00e9quipe d\u2019experts suppl\u00e9mentaire pour nos clients.<\/p>\n<p>Une \u00e9quipe sur laquelle ils peuvent compter en toute confiance.<\/p>\n<\/div><\/div><\/div><div class=\"vcex-module vcex-teaser wpex-flex wpex-flex-col vc_custom_1774865240610 vcex_69dd1f3becbcd\"><div class=\"vcex-teaser-content\"><h2 class=\"vcex-teaser-heading wpex-heading wpex-text-xl\">S\u00e9curit\u00e9 \u00e9lectrique : formations ouvertes ou totalement sur mesure<\/h2><div class=\"vcex-teaser-text wpex-mt-10 wpex-last-mb-0 wpex-clr\"><p>Nos formateurs exp\u00e9riment\u00e9s dispensent des formations de qualit\u00e9 BA4, BA5, RGIE, VCA, commutation haute tension et bien plus encore. Les formations sont truff\u00e9es d\u2019exemples pratiques. Si n\u00e9cessaire, nous pratiquons \u00e9galement de mani\u00e8re effective dans un environnement de formation s\u00e9curis\u00e9. Des collaborateurs bien form\u00e9s travaillent en toute s\u00e9curit\u00e9 et pr\u00e9viennent les accidents ainsi que les incendies.<\/p>\n<p>Des formations \u00e0 la s\u00e9curit\u00e9 \u00e9lectrique sur mesure ? Nous nous d\u00e9pla\u00e7ons avec plaisir dans votre entreprise pour dispenser une formation \u00e0 la s\u00e9curit\u00e9 \u00e9lectrique sur votre site. Tous les exemples proviennent alors directement de l\u2019environnement de travail o\u00f9 vos collaborateurs \u00e9voluent quotidiennement.<\/p>\n<\/div><\/div><\/div><div class=\"vcex-module vcex-teaser wpex-flex wpex-flex-col vc_custom_1774270683163 vcex_69dd1f3bed15d\"><div class=\"vcex-teaser-content\"><h2 class=\"vcex-teaser-heading wpex-heading wpex-text-xl\">Ing\u00e9nierie \u00e9lectrique &amp; conseil<\/h2><div class=\"vcex-teaser-text wpex-mt-10 wpex-last-mb-0 wpex-clr\"><p>Nous aidons les entreprises, les autorit\u00e9s et les organisations \u00e0 mettre leurs installations \u00e9lectriques en conformit\u00e9 avec la loi. Nous r\u00e9alisons \u00e9galement des \u00e9tudes de faisabilit\u00e9 ind\u00e9pendantes, vous permettant de d\u00e9cider de vos investissements en toute connaissance de cause.<\/p>\n<p>Nos ing\u00e9nieurs se rendent dans vos \u00e9tablissements et b\u00e2timents pour effectuer les analyses de risques obligatoires et mettre au point les dossiers techniques \u00e9lectriques.<\/p>\n<p>Vous envisagez un investissement dans des panneaux solaires, une flotte de v\u00e9hicules \u00e9lectriques ou un parking avec des bornes de recharge ? Nous r\u00e9alisons une \u00e9tude de faisabilit\u00e9, indiquons les adaptations n\u00e9cessaires \u00e0 votre installation \u00e9lectrique et offrons un regard ind\u00e9pendant sur le temps de retour sur investissement.<\/p>\n<\/div><\/div><\/div><\/div><div class=\"vcex-spacing wpex-w-100 wpex-clear\"><\/div>[\/vc_column][\/vc_row][vc_row remove_bottom_col_margin=&#8221;true&#8221;][vc_column]<div class=\"wpex-post-cards wpex-post-cards-template_51 wpex-relative\"><div class=\"wpex-post-cards-inner\"><\/div><\/div>[\/vc_column][\/vc_row][vc_row full_width=&#8221;stretch_row&#8221; wpex_bg_color=&#8221;accent&#8221;][vc_column]<div class=\"vcex-spacing wpex-w-100 wpex-clear show-at-mm-breakpoint\"><\/div><style>.vcex-heading.vcex_69dd1f3bef23b{color:var(--wpex-palette-18-color);}<\/style><h2 class=\"vcex-heading vcex-heading-plain vcex-module wpex-heading wpex-text-2xl wpex-h2 wpex-mb-50 wpex-text-center vcex_69dd1f3bef23b\"><span class=\"vcex-heading-inner wpex-inline-block\">Rencontrez l\u2019\u00e9quipe<\/span><\/h2><div class=\"wpex-post-cards wpex-post-cards-template_1700 wpex-relative\"><div class=\"wpex-post-cards-inner\"><div class=\"wpex-post-cards-loop wpex-post-cards-grid wpex-row wpex-clr\"><div class=\"wpex-post-cards-entry col col-1 span_1_of_4 post-3971 type-staff\"><div class=\"wpex-card wpex-card-template_1700\"><div class=\"wpex-card-inner\"><div class=\"vc_row wpb_row vc_row-fluid wpex-relative wpex-vc_row-col-mb-0\"><div class=\"wpb_column vc_column_container vc_col-sm-12\"><div class=\"vc_column-inner\"><div class=\"wpb_wrapper\"><style>.vcex-image.vcex_69dd1f3bf14df .vcex-image-img{border-radius:var(--wpex-rounded-xl);}<\/style><figure class=\"vcex-image vcex-module vcex_69dd1f3bf14df\"><div class=\"vcex-image-inner wpex-relative wpex-inline-block\"><img width=\"1024\" height=\"768\" src=\"https:\/\/www.relyonelectrical.be\/wp-content\/uploads\/2025\/12\/WhatsApp-Image-2020-07-02-at-15.29.33-2.jpeg\" class=\"vcex-image-img wpex-align-middle wpex-aspect-1-1 wpex-object-cover\" alt=\"\" loading=\"lazy\" decoding=\"async\" srcset=\"https:\/\/www.relyonelectrical.be\/wp-content\/uploads\/2025\/12\/WhatsApp-Image-2020-07-02-at-15.29.33-2.jpeg 1024w, https:\/\/www.relyonelectrical.be\/wp-content\/uploads\/2025\/12\/WhatsApp-Image-2020-07-02-at-15.29.33-2-300x225.jpeg 300w, https:\/\/www.relyonelectrical.be\/wp-content\/uploads\/2025\/12\/WhatsApp-Image-2020-07-02-at-15.29.33-2-768x576.jpeg 768w\" sizes=\"auto, (max-width: 1024px) 100vw, 1024px\" \/><\/div><\/figure><h4 class=\"vcex-heading vcex-heading-plain vcex-module wpex-heading wpex-text-2xl wpex-h4 wpex-mt-20 wpex-mb-20\"><span class=\"vcex-heading-inner wpex-inline-block\">Robbe Lammens<\/span><\/h4><\/div><\/div><\/div><\/div><\/div><\/div><\/div><div class=\"wpex-post-cards-entry col col-2 span_1_of_4 post-3969 type-staff\"><div class=\"wpex-card wpex-card-template_1700\"><div class=\"wpex-card-inner\"><div class=\"vc_row wpb_row vc_row-fluid wpex-relative wpex-vc_row-col-mb-0\"><div class=\"wpb_column vc_column_container vc_col-sm-12\"><div class=\"vc_column-inner\"><div class=\"wpb_wrapper\"><style>.vcex-image.vcex_69dd1f3bf363a .vcex-image-img{border-radius:var(--wpex-rounded-xl);}<\/style><figure class=\"vcex-image vcex-module vcex_69dd1f3bf363a\"><div class=\"vcex-image-inner wpex-relative wpex-inline-block\"><img width=\"1707\" height=\"2560\" src=\"https:\/\/www.relyonelectrical.be\/wp-content\/uploads\/2025\/12\/2023-09-04Bureau9000-243-scaled.jpg\" class=\"vcex-image-img wpex-align-middle wpex-aspect-1-1 wpex-object-cover\" alt=\"\" loading=\"lazy\" decoding=\"async\" srcset=\"https:\/\/www.relyonelectrical.be\/wp-content\/uploads\/2025\/12\/2023-09-04Bureau9000-243-scaled.jpg 1707w, https:\/\/www.relyonelectrical.be\/wp-content\/uploads\/2025\/12\/2023-09-04Bureau9000-243-scaled-200x300.jpg 200w, https:\/\/www.relyonelectrical.be\/wp-content\/uploads\/2025\/12\/2023-09-04Bureau9000-243-scaled-683x1024.jpg 683w, https:\/\/www.relyonelectrical.be\/wp-content\/uploads\/2025\/12\/2023-09-04Bureau9000-243-scaled-768x1152.jpg 768w, https:\/\/www.relyonelectrical.be\/wp-content\/uploads\/2025\/12\/2023-09-04Bureau9000-243-scaled-1024x1536.jpg 1024w, https:\/\/www.relyonelectrical.be\/wp-content\/uploads\/2025\/12\/2023-09-04Bureau9000-243-scaled-1366x2048.jpg 1366w\" sizes=\"auto, (max-width: 1707px) 100vw, 1707px\" \/><\/div><\/figure><h4 class=\"vcex-heading vcex-heading-plain vcex-module wpex-heading wpex-text-2xl wpex-h4 wpex-mt-20 wpex-mb-20\"><span class=\"vcex-heading-inner wpex-inline-block\">Lotte Thomas<\/span><\/h4><\/div><\/div><\/div><\/div><\/div><\/div><\/div><div class=\"wpex-post-cards-entry col col-3 span_1_of_4 post-3965 type-staff\"><div class=\"wpex-card wpex-card-template_1700\"><div class=\"wpex-card-inner\"><div class=\"vc_row wpb_row vc_row-fluid wpex-relative wpex-vc_row-col-mb-0\"><div class=\"wpb_column vc_column_container vc_col-sm-12\"><div class=\"vc_column-inner\"><div class=\"wpb_wrapper\"><style>.vcex-image.vcex_69dd1f3c00f6a .vcex-image-img{border-radius:var(--wpex-rounded-xl);}<\/style><figure class=\"vcex-image vcex-module vcex_69dd1f3c00f6a\"><div class=\"vcex-image-inner wpex-relative wpex-inline-block\"><img width=\"683\" height=\"1024\" src=\"https:\/\/www.relyonelectrical.be\/wp-content\/uploads\/2025\/12\/Karen3-683x1024-1.jpg\" class=\"vcex-image-img wpex-align-middle wpex-aspect-1-1 wpex-object-cover\" alt=\"\" loading=\"lazy\" decoding=\"async\" srcset=\"https:\/\/www.relyonelectrical.be\/wp-content\/uploads\/2025\/12\/Karen3-683x1024-1.jpg 683w, https:\/\/www.relyonelectrical.be\/wp-content\/uploads\/2025\/12\/Karen3-683x1024-1-200x300.jpg 200w\" sizes=\"auto, (max-width: 683px) 100vw, 683px\" \/><\/div><\/figure><h4 class=\"vcex-heading vcex-heading-plain vcex-module wpex-heading wpex-text-2xl wpex-h4 wpex-mt-20 wpex-mb-20\"><span class=\"vcex-heading-inner wpex-inline-block\">Karen Bracke<\/span><\/h4><\/div><\/div><\/div><\/div><\/div><\/div><\/div><div class=\"wpex-post-cards-entry col col-4 span_1_of_4 post-3961 type-staff\"><div class=\"wpex-card wpex-card-template_1700\"><div class=\"wpex-card-inner\"><div class=\"vc_row wpb_row vc_row-fluid wpex-relative wpex-vc_row-col-mb-0\"><div class=\"wpb_column vc_column_container vc_col-sm-12\"><div class=\"vc_column-inner\"><div class=\"wpb_wrapper\"><style>.vcex-image.vcex_69dd1f3c03ce2 .vcex-image-img{border-radius:var(--wpex-rounded-xl);}<\/style><figure class=\"vcex-image vcex-module vcex_69dd1f3c03ce2\"><div class=\"vcex-image-inner wpex-relative wpex-inline-block\"><img width=\"1707\" height=\"2560\" src=\"https:\/\/www.relyonelectrical.be\/wp-content\/uploads\/2025\/12\/2023-09-04Bureau9000-254-scaled.jpg\" class=\"vcex-image-img wpex-align-middle wpex-aspect-1-1 wpex-object-cover\" alt=\"\" loading=\"lazy\" decoding=\"async\" srcset=\"https:\/\/www.relyonelectrical.be\/wp-content\/uploads\/2025\/12\/2023-09-04Bureau9000-254-scaled.jpg 1707w, https:\/\/www.relyonelectrical.be\/wp-content\/uploads\/2025\/12\/2023-09-04Bureau9000-254-scaled-200x300.jpg 200w, https:\/\/www.relyonelectrical.be\/wp-content\/uploads\/2025\/12\/2023-09-04Bureau9000-254-scaled-683x1024.jpg 683w, https:\/\/www.relyonelectrical.be\/wp-content\/uploads\/2025\/12\/2023-09-04Bureau9000-254-scaled-768x1152.jpg 768w, https:\/\/www.relyonelectrical.be\/wp-content\/uploads\/2025\/12\/2023-09-04Bureau9000-254-scaled-1024x1536.jpg 1024w, https:\/\/www.relyonelectrical.be\/wp-content\/uploads\/2025\/12\/2023-09-04Bureau9000-254-scaled-1366x2048.jpg 1366w\" sizes=\"auto, (max-width: 1707px) 100vw, 1707px\" \/><\/div><\/figure><h4 class=\"vcex-heading vcex-heading-plain vcex-module wpex-heading wpex-text-2xl wpex-h4 wpex-mt-20 wpex-mb-20\"><span class=\"vcex-heading-inner wpex-inline-block\">Jozef Mees<\/span><\/h4><\/div><\/div><\/div><\/div><\/div><\/div><\/div><div class=\"wpex-post-cards-entry col col-1 span_1_of_4 post-3959 type-staff\"><div class=\"wpex-card wpex-card-template_1700\"><div class=\"wpex-card-inner\"><div class=\"vc_row wpb_row vc_row-fluid wpex-relative wpex-vc_row-col-mb-0\"><div class=\"wpb_column vc_column_container vc_col-sm-12\"><div class=\"vc_column-inner\"><div class=\"wpb_wrapper\"><style>.vcex-image.vcex_69dd1f3c05801 .vcex-image-img{border-radius:var(--wpex-rounded-xl);}<\/style><figure class=\"vcex-image vcex-module vcex_69dd1f3c05801\"><div class=\"vcex-image-inner wpex-relative wpex-inline-block\"><img width=\"683\" height=\"1024\" src=\"https:\/\/www.relyonelectrical.be\/wp-content\/uploads\/2025\/12\/Arne-683x1024-1.jpg\" class=\"vcex-image-img wpex-align-middle wpex-aspect-1-1 wpex-object-cover\" alt=\"\" loading=\"lazy\" decoding=\"async\" srcset=\"https:\/\/www.relyonelectrical.be\/wp-content\/uploads\/2025\/12\/Arne-683x1024-1.jpg 683w, https:\/\/www.relyonelectrical.be\/wp-content\/uploads\/2025\/12\/Arne-683x1024-1-200x300.jpg 200w\" sizes=\"auto, (max-width: 683px) 100vw, 683px\" \/><\/div><\/figure><h4 class=\"vcex-heading vcex-heading-plain vcex-module wpex-heading wpex-text-2xl wpex-h4 wpex-mt-20 wpex-mb-20\"><span class=\"vcex-heading-inner wpex-inline-block\">Arne Detollenaere<\/span><\/h4><\/div><\/div><\/div><\/div><\/div><\/div><\/div><\/div><\/div><\/div>[\/vc_column][\/vc_row]\n<\/div>","protected":false},"excerpt":{"rendered":"<p>RelyOn Electrical Services fait partie de la famille mondiale RelyOn et se sp\u00e9cialise dans les formations \u00e0 la s\u00e9curit\u00e9 \u00e9lectrique et le conseil. Rencontrez l\u2019\u00e9quipe !<\/p>\n","protected":false},"author":1,"featured_media":0,"parent":0,"menu_order":5,"comment_status":"closed","ping_status":"closed","template":"","meta":{"_acf_changed":false,"footnotes":""},"class_list":["post-3665","page","type-page","status-publish","hentry","entry","has-media"],"acf":[],"_links":{"self":[{"href":"https:\/\/www.relyonelectrical.be\/fr\/wp-json\/wp\/v2\/pages\/3665","targetHints":{"allow":["GET"]}}],"collection":[{"href":"https:\/\/www.relyonelectrical.be\/fr\/wp-json\/wp\/v2\/pages"}],"about":[{"href":"https:\/\/www.relyonelectrical.be\/fr\/wp-json\/wp\/v2\/types\/page"}],"author":[{"embeddable":true,"href":"https:\/\/www.relyonelectrical.be\/fr\/wp-json\/wp\/v2\/users\/1"}],"replies":[{"embeddable":true,"href":"https:\/\/www.relyonelectrical.be\/fr\/wp-json\/wp\/v2\/comments?post=3665"}],"version-history":[{"count":6,"href":"https:\/\/www.relyonelectrical.be\/fr\/wp-json\/wp\/v2\/pages\/3665\/revisions"}],"predecessor-version":[{"id":3856,"href":"https:\/\/www.relyonelectrical.be\/fr\/wp-json\/wp\/v2\/pages\/3665\/revisions\/3856"}],"wp:attachment":[{"href":"https:\/\/www.relyonelectrical.be\/fr\/wp-json\/wp\/v2\/media?parent=3665"}],"curies":[{"name":"wp","href":"https:\/\/api.w.org\/{rel}","templated":true}]}}