{"id":3683,"date":"2025-12-14T15:17:06","date_gmt":"2025-12-14T14:17:06","guid":{"rendered":"https:\/\/www.relyonelectrical.be\/etablissement-de-schemas-electriques\/"},"modified":"2026-04-08T14:08:09","modified_gmt":"2026-04-08T12:08:09","slug":"etablissement-de-schemas-electriques","status":"publish","type":"page","link":"https:\/\/www.relyonelectrical.be\/fr\/genie-electrique\/etablissement-de-schemas-electriques\/","title":{"rendered":"\u00c9tablissement de sch\u00e9mas \u00e9lectriques"},"content":{"rendered":"<div class=\"wpb-content-wrapper\">[vc_row full_width=&#8221;stretch_row&#8221; remove_bottom_col_margin=&#8221;true&#8221; columns_right=&#8221;yes&#8221; offset_overlay_header=&#8221;yes&#8221; css=&#8221;.vc_custom_1765193168712{background-position: 0 0 !important;background-repeat: no-repeat !important;}&#8221;][vc_column width=&#8221;2\/5&#8243;]<figure class=\"vcex-image vcex-module intro-image\"><div class=\"vcex-image-inner wpex-relative wpex-inline-block\"><img width=\"2560\" height=\"2194\" src=\"https:\/\/www.relyonelectrical.be\/wp-content\/uploads\/2025\/12\/energieaudit-shutterstock_214450246-scaled.jpg\" class=\"vcex-image-img wpex-align-middle wpex-aspect-1-1 wpex-object-cover\" alt=\"\" loading=\"lazy\" decoding=\"async\" srcset=\"https:\/\/www.relyonelectrical.be\/wp-content\/uploads\/2025\/12\/energieaudit-shutterstock_214450246-scaled.jpg 2560w, https:\/\/www.relyonelectrical.be\/wp-content\/uploads\/2025\/12\/energieaudit-shutterstock_214450246-scaled-300x257.jpg 300w, https:\/\/www.relyonelectrical.be\/wp-content\/uploads\/2025\/12\/energieaudit-shutterstock_214450246-scaled-1024x878.jpg 1024w, https:\/\/www.relyonelectrical.be\/wp-content\/uploads\/2025\/12\/energieaudit-shutterstock_214450246-scaled-768x658.jpg 768w, https:\/\/www.relyonelectrical.be\/wp-content\/uploads\/2025\/12\/energieaudit-shutterstock_214450246-scaled-1536x1316.jpg 1536w, https:\/\/www.relyonelectrical.be\/wp-content\/uploads\/2025\/12\/energieaudit-shutterstock_214450246-scaled-2048x1755.jpg 2048w\" sizes=\"auto, (max-width: 2560px) 100vw, 2560px\" \/><\/div><\/figure>[\/vc_column][vc_column width=&#8221;3\/5&#8243;]<style>.vcex-heading.vcex_69dd1f3c11abb{width:500px;font-size:var(--wpex-text-3xl);}@media (max-width:479px){.vcex-heading.vcex_69dd1f3c11abb{font-size:var(--wpex-text-5xl);}}<\/style><h1 class=\"vcex-heading vcex-heading-plain vcex-heading-w-badge vcex-module wpex-heading wpex-text-2xl wpex-h1 wpex-max-w-100 wpex-mr-auto vcex_69dd1f3c11abb\"><span class=\"vcex-heading-inner wpex-inline-block\">\u00c9tablissement de sch\u00e9mas \u00e9lectriques <span class=\"vcex-heading-badge wpex-badge\">Installations \u00e9lectriques non domestiques<\/span><\/span><\/h1><div class=\"vcex-spacing wpex-w-100 wpex-clear\"><\/div>[vc_column_text css=&#8221;&#8221; font_size=&#8221;d:lg|pp:xl&#8221; line_height=&#8221;1.5em&#8221;]Des sch\u00e9mas actualis\u00e9s doivent \u00eatre disponibles pour toute installation \u00e9lectrique non domestique. Ceux-ci sont requis pour les contr\u00f4les, mais constituent \u00e9galement une source d\u2019information pour toute personne qui utilise, entretient ou modifie l\u2019installation. Il existe diff\u00e9rents types de sch\u00e9mas.  <\/p>\n<p><strong>RelyOn vous aide \u00e0 \u00e9laborer, assembler et actualiser vos sch\u00e9mas \u00e9lectriques.<\/strong>[\/vc_column_text]<div class=\"vcex-spacing wpex-w-100 wpex-clear\"><\/div><style>.vcex-button.vcex_69dd1f3c12ba6:hover{background:var(--wpex-palette-15-color)!important;color:var(--wpex-palette-18-color)!important;}.vcex-button.vcex_69dd1f3c12ba6{font-size:var(--wpex-text-base);}@media (max-width:479px){.vcex-button.vcex_69dd1f3c12ba6{font-size:var(--wpex-text-lg);}}<\/style><style>@media (max-width:479px){.vcex_69dd1f3c133fa{font-size:var(--wpex-text-lg)!important;}}<\/style><a href=\"#\" class=\"vcex-button theme-button inline vcex_69dd1f3c133fa vcex_69dd1f3c12ba6\"><span class=\"vcex-button-inner theme-button-inner wpex-flex wpex-flex-wrap wpex-items-center wpex-justify-center\">Demander des sch\u00e9mas \u00e9lectriques<\/span><\/a> [\/vc_column][\/vc_row][vc_row full_width=&#8221;stretch_row&#8221; remove_bottom_col_margin=&#8221;true&#8221; typography_style=&#8221;white&#8221; wpex_bg_overlay=&#8221;color&#8221; wpex_bg_overlay_color=&#8221;palette-15&#8243; wpex_bg_overlay_opacity=&#8221;90%&#8221; css=&#8221;.vc_custom_1773773317105{background-image: url(https:\/\/www.relyonelectrical.be\/wp-content\/uploads\/2025\/12\/2023-09-04Bureau9000-318-2-scaled.jpg?id=593) !important;}&#8221; wpex_bg_size=&#8221;cover&#8221;][vc_column]<style>.vcex-teaser.vcex_69dd1f3c14454 .vcex-teaser-heading{font-size:var(--wpex-text-2xl);font-weight:300;margin-block-end:20px;}.vcex-teaser.vcex_69dd1f3c14454 .vcex-teaser-text{font-weight:300;}@media (max-width:479px){.vcex-teaser.vcex_69dd1f3c14454 .vcex-teaser-heading{font-size:var(--wpex-text-3xl);}}.vcex-teaser.vcex_69dd1f3c14a14 .vcex-teaser-heading{font-size:var(--wpex-text-2xl);font-weight:300;margin-block-end:20px;}.vcex-teaser.vcex_69dd1f3c14a14 .vcex-teaser-text{font-weight:300;}@media (max-width:479px){.vcex-teaser.vcex_69dd1f3c14a14 .vcex-teaser-heading{font-size:var(--wpex-text-3xl);}}.vcex-teaser.vcex_69dd1f3c14f00 .vcex-teaser-heading{font-size:var(--wpex-text-2xl);font-weight:300;margin-block-end:20px;}.vcex-teaser.vcex_69dd1f3c14f00 .vcex-teaser-text{font-weight:300;}@media (max-width:479px){.vcex-teaser.vcex_69dd1f3c14f00 .vcex-teaser-heading{font-size:var(--wpex-text-3xl);}}.vcex-teaser.vcex_69dd1f3c1554b .vcex-teaser-heading{font-size:var(--wpex-text-2xl);font-weight:300;margin-block-end:20px;}.vcex-teaser.vcex_69dd1f3c1554b .vcex-teaser-text{font-weight:300;}@media (max-width:479px){.vcex-teaser.vcex_69dd1f3c1554b .vcex-teaser-heading{font-size:var(--wpex-text-3xl);}}<\/style><div class=\"vcex-flex-container vcex-module wpex-flex wpex-gap-20 wpex-flex-col relyon-boxes vcex-flex-container_69dd1f3c13878\"><div class=\"vcex-module vcex-teaser wpex-flex wpex-flex-col vc_custom_1774000736597 vcex_69dd1f3c14454\"><div class=\"vcex-teaser-content\"><h2 class=\"vcex-teaser-heading wpex-heading wpex-text-xl\">Sch\u00e9ma unifilaire par tableau<\/h2><div class=\"vcex-teaser-text wpex-mt-10 wpex-last-mb-0 wpex-clr\"><p>Il s\u2019agit d\u2019une repr\u00e9sentation sch\u00e9matique de l\u2019ensemble des conduits, c\u00e2bles et \u00e9l\u00e9ments de l\u2019installation \u00e9lectrique. Pour ce faire, nous utilisons des symboles sp\u00e9cifiques d\u00e9finis dans le RGIE (R\u00e8glement G\u00e9n\u00e9ral sur les Installations \u00c9lectriques &#8211; <a href=\"https:\/\/www.relyonelectrical.be\/fr\/trainingen\/masterclass-rgie\/\">plus d\u2019informations \u00e0 ce sujet ici<\/a>). <\/p>\n<p>Tous les conduits sont d\u00e9sign\u00e9s par une lettre. Les disjoncteurs dans le coffret \u00e9lectrique sont marqu\u00e9s des m\u00eames lettres. Pour chaque circuit, chaque point de d\u00e9rivation est num\u00e9rot\u00e9.  <\/p>\n<p>\u00c0 l\u2019aide des symboles du RGIE, le type de conduit, la section et le nombre de conducteurs, le type et les caract\u00e9ristiques des interrupteurs diff\u00e9rentiels, les interrupteurs, les bo\u00eetes de d\u00e9rivation, les prises de courant, les r\u00e9cepteurs, etc., sont \u00e9galement indiqu\u00e9s.<\/p>\n<\/div><\/div><\/div><div class=\"vcex-module vcex-teaser wpex-flex wpex-flex-col vc_custom_1774000795125 vcex_69dd1f3c14a14\"><div class=\"vcex-teaser-content\"><h2 class=\"vcex-teaser-heading wpex-heading wpex-text-xl\">Sch\u00e9ma unifilaire de l\u2019installation \u2013 sch\u00e9ma de principe<\/h2><div class=\"vcex-teaser-text wpex-mt-10 wpex-last-mb-0 wpex-clr\"><p>Ce sch\u00e9ma de principe donne un aper\u00e7u global de l\u2019installation avec tous ses r\u00e9cepteurs.<\/p>\n<p>Vous obtenez ainsi une vue d\u2019ensemble claire des diff\u00e9rents tableaux \u00e9lectriques de votre installation. Vous visualisez pr\u00e9cis\u00e9ment d\u2019o\u00f9 provient l\u2019alimentation du tableau ainsi que les r\u00e9cepteurs qui y sont raccord\u00e9s.<\/p>\n<\/div><\/div><\/div><div class=\"vcex-module vcex-teaser wpex-flex wpex-flex-col vc_custom_1774000870127 vcex_69dd1f3c14f00\"><div class=\"vcex-teaser-content\"><h2 class=\"vcex-teaser-heading wpex-heading wpex-text-xl\">Sch\u00e9ma de position \u2013 plan de position<\/h2><div class=\"vcex-teaser-text wpex-mt-10 wpex-last-mb-0 wpex-clr\"><p>Le sch\u00e9ma de position indique, sur le plan d\u2019un b\u00e2timent, l\u2019emplacement exact des diff\u00e9rents \u00e9l\u00e9ments \u00e9lectriques.<\/p>\n<p>Pensez par exemple aux :<\/p>\n<ul>\n<li>interrupteurs d\u2019\u00e9clairage<\/li>\n<li>prises de courant<\/li>\n<li>r\u00e9cepteurs fixes (machines \u00e0 laver, installation de r\u00e9frig\u00e9ration, ventilation\u2026)<\/li>\n<li>tableaux de r\u00e9partition<\/li>\n<li>c\u00e2bles souterrains<\/li>\n<\/ul>\n<\/div><\/div><\/div><div class=\"vcex-module vcex-teaser vcex-teaser-three wpex-flex wpex-flex-col wpex-shadow-none wpex-surface-2 vc_custom_1774000947951 vcex_69dd1f3c1554b\" style=\"background:var(--wpex-palette-27-color);\"><div class=\"vcex-teaser-content wpex-p-20\"><h2 class=\"vcex-teaser-heading wpex-heading wpex-text-xl\">Ce \u00e0 quoi vous pouvez vous attendre<\/h2><div class=\"vcex-teaser-text wpex-mt-10 wpex-last-mb-0 wpex-clr\"><p><strong>En faisant appel \u00e0 RelyOn pour vos sch\u00e9mas \u00e9lectriques, vous b\u00e9n\u00e9ficiez de :<\/strong><\/p>\n<ul>\n<li>Une \u00e9laboration rapide et pr\u00e9cise des sch\u00e9mas unifilaires et du sch\u00e9ma de position<\/li>\n<li>Des impressions claires dans un dossier PDF, avec un sch\u00e9ma par page A4<\/li>\n<\/ul>\n<\/div><\/div><\/div><\/div>[\/vc_column][\/vc_row][vc_row full_width=&#8221;stretch_row&#8221; wpex_bg_color=&#8221;palette-26&#8243;][vc_column]<div class=\"vcex-spacing wpex-w-100 wpex-clear show-at-mm-breakpoint\"><\/div><style>.vcex-heading.vcex_69dd1f3c1624b{color:var(--wpex-palette-18-color);}<\/style><h2 class=\"vcex-heading vcex-heading-plain vcex-module wpex-heading wpex-text-2xl wpex-h2 wpex-mb-20 wpex-text-center vcex_69dd1f3c1624b\"><span class=\"vcex-heading-inner wpex-inline-block\">Ils comptent sur nous pour leurs sch\u00e9mas \u00e9lectriques<\/span><\/h2><div class=\"vcex-spacing wpex-w-100 wpex-clear\"><\/div><style>.wpex-post-cards.vcex_69dd1f3c17952 .wpex-post-cards-pagination{margin-block-start:50px;}<\/style><div class=\"wpex-post-cards wpex-post-cards-template_1145 vcex_69dd1f3c17952 wpex-relative\"><div class=\"wpex-post-cards-inner\"><\/div><\/div><div class=\"vcex-spacing wpex-w-100 wpex-clear show-at-mm-breakpoint\"><\/div>[\/vc_column][\/vc_row]\n<\/div>","protected":false},"excerpt":{"rendered":"<p>Des sch\u00e9mas actualis\u00e9s doivent \u00eatre disponibles pour chaque installation \u00e9lectrique d\u2019entreprise. Nous vous aidons \u00e0 \u00e9laborer, assembler et actualiser vos sch\u00e9mas \u00e9lectriques. <\/p>\n","protected":false},"author":1,"featured_media":3684,"parent":3695,"menu_order":2,"comment_status":"closed","ping_status":"closed","template":"","meta":{"_acf_changed":false,"footnotes":""},"class_list":["post-3683","page","type-page","status-publish","has-post-thumbnail","hentry","entry","has-media"],"acf":[],"_links":{"self":[{"href":"https:\/\/www.relyonelectrical.be\/fr\/wp-json\/wp\/v2\/pages\/3683","targetHints":{"allow":["GET"]}}],"collection":[{"href":"https:\/\/www.relyonelectrical.be\/fr\/wp-json\/wp\/v2\/pages"}],"about":[{"href":"https:\/\/www.relyonelectrical.be\/fr\/wp-json\/wp\/v2\/types\/page"}],"author":[{"embeddable":true,"href":"https:\/\/www.relyonelectrical.be\/fr\/wp-json\/wp\/v2\/users\/1"}],"replies":[{"embeddable":true,"href":"https:\/\/www.relyonelectrical.be\/fr\/wp-json\/wp\/v2\/comments?post=3683"}],"version-history":[{"count":3,"href":"https:\/\/www.relyonelectrical.be\/fr\/wp-json\/wp\/v2\/pages\/3683\/revisions"}],"predecessor-version":[{"id":4129,"href":"https:\/\/www.relyonelectrical.be\/fr\/wp-json\/wp\/v2\/pages\/3683\/revisions\/4129"}],"up":[{"embeddable":true,"href":"https:\/\/www.relyonelectrical.be\/fr\/wp-json\/wp\/v2\/pages\/3695"}],"wp:featuredmedia":[{"embeddable":true,"href":"https:\/\/www.relyonelectrical.be\/fr\/wp-json\/wp\/v2\/media\/3684"}],"wp:attachment":[{"href":"https:\/\/www.relyonelectrical.be\/fr\/wp-json\/wp\/v2\/media?parent=3683"}],"curies":[{"name":"wp","href":"https:\/\/api.w.org\/{rel}","templated":true}]}}