{"id":3708,"date":"2025-12-14T15:01:40","date_gmt":"2025-12-14T14:01:40","guid":{"rendered":"https:\/\/www.relyonelectrical.be\/genie-electrique\/etablissement-de-dossiers-techniques-dinstallations-electriques\/"},"modified":"2026-04-08T15:58:22","modified_gmt":"2026-04-08T13:58:22","slug":"etablissement-de-dossiers-techniques-dinstallations-electriques","status":"publish","type":"page","link":"https:\/\/www.relyonelectrical.be\/fr\/genie-electrique\/etablissement-de-dossiers-techniques-dinstallations-electriques\/","title":{"rendered":"\u00c9tablissement de dossiers techniques d\u2019installations \u00e9lectriques"},"content":{"rendered":"<div class=\"wpb-content-wrapper\">[vc_row full_width=&#8221;stretch_row&#8221; remove_bottom_col_margin=&#8221;true&#8221; columns_right=&#8221;yes&#8221; offset_overlay_header=&#8221;yes&#8221; css=&#8221;.vc_custom_1765193168712{background-position: 0 0 !important;background-repeat: no-repeat !important;}&#8221;][vc_column width=&#8221;2\/5&#8243;]<figure class=\"vcex-image vcex-module intro-image\"><div class=\"vcex-image-inner wpex-relative wpex-inline-block\"><img width=\"1500\" height=\"2000\" src=\"https:\/\/www.relyonelectrical.be\/wp-content\/uploads\/2025\/12\/WhatsApp-Image-2024-09-03-at-16.56.28-3.jpeg\" class=\"vcex-image-img wpex-align-middle wpex-aspect-1-1 wpex-object-cover\" alt=\"\" loading=\"lazy\" decoding=\"async\" srcset=\"https:\/\/www.relyonelectrical.be\/wp-content\/uploads\/2025\/12\/WhatsApp-Image-2024-09-03-at-16.56.28-3.jpeg 1500w, https:\/\/www.relyonelectrical.be\/wp-content\/uploads\/2025\/12\/WhatsApp-Image-2024-09-03-at-16.56.28-3-225x300.jpeg 225w, https:\/\/www.relyonelectrical.be\/wp-content\/uploads\/2025\/12\/WhatsApp-Image-2024-09-03-at-16.56.28-3-768x1024.jpeg 768w, https:\/\/www.relyonelectrical.be\/wp-content\/uploads\/2025\/12\/WhatsApp-Image-2024-09-03-at-16.56.28-3-1152x1536.jpeg 1152w\" sizes=\"auto, (max-width: 1500px) 100vw, 1500px\" \/><\/div><\/figure>[\/vc_column][vc_column width=&#8221;3\/5&#8243;]<style>.vcex-heading.vcex_69dd1f47e4a31{width:500px;font-size:var(--wpex-text-3xl);}@media (max-width:479px){.vcex-heading.vcex_69dd1f47e4a31{font-size:var(--wpex-text-5xl);}}<\/style><h1 class=\"vcex-heading vcex-heading-plain vcex-heading-w-badge vcex-module wpex-heading wpex-text-2xl wpex-h1 wpex-max-w-100 wpex-mr-auto vcex_69dd1f47e4a31\"><span class=\"vcex-heading-inner wpex-inline-block\">\u00c9tablissement de dossiers techniques d\u2019installations \u00e9lectriques <span class=\"vcex-heading-badge wpex-badge\">Un rapport de contr\u00f4le truff\u00e9 de remarques ? Une installation \u00e9lectrique neuve ou modifi\u00e9e ? <\/span><\/span><\/h1><div class=\"vcex-spacing wpex-w-100 wpex-clear\"><\/div>[vc_column_text css=&#8221;&#8221; font_size=&#8221;d:lg|pp:xl&#8221; line_height=&#8221;1.5em&#8221;]L\u2019organisme de contr\u00f4le vous a remis <strong>un rapport de contr\u00f4le contenant une longue liste de remarques :<\/strong> les dossiers techniques de vos installations \u00e9lectriques ne sont pas en ordre. C\u2019est une t\u00e2che fastidieuse que de r\u00e9gulariser toutes ces infractions en plus de vos t\u00e2ches quotidiennes. RelyOn vous y aide.  <\/p>\n<p>Ou alors : vous disposez d\u2019<strong>une installation \u00e9lectrique neuve ou fortement modifi\u00e9e<\/strong> qui doit \u00eatre contr\u00f4l\u00e9e prochainement. Vous souhaitez obtenir un certificat de contr\u00f4le sans r\u00e9serve et donc un dossier technique complet pour votre installation \u00e9lectrique. Nous vous accompagnons dans la phase pr\u00e9paratoire au contr\u00f4le.  <\/p>\n<p>RelyOn vous soutient \u00e0 chaque \u00e9tape. Que ce soit avant ou apr\u00e8s le contr\u00f4le. Nous sommes m\u00eame dispos\u00e9s \u00e0 vous assister pendant le contr\u00f4le et \u00e0 fournir des explications au contr\u00f4leur.  <\/p>\n<p>Nous combinons une expertise hautement sp\u00e9cialis\u00e9e en installations \u00e9lectriques avec une solide exp\u00e9rience de terrain. Attention : nous ne sommes pas nous-m\u00eames un organisme de contr\u00f4le. <\/p>\n<h3>Un dossier technique est obligatoire pour chaque installation \u00e9lectrique<\/h3>\n<p>Si nous regroupons toute la documentation obligatoire issue du RGIE et du Codex III.2, l\u2019aper\u00e7u au bas de cette page pr\u00e9sente la composition compl\u00e8te du dossier technique \u00e9lectrique.<\/p>\n<p>Il manque un \u00e9l\u00e9ment \u00e0 votre dossier \u00e9lectrique ? Nous pouvons mettre en ordre chacune des parties pour vous.[\/vc_column_text]<div class=\"vcex-spacing wpex-w-100 wpex-clear\"><\/div><style>.vcex-button.vcex_69dd1f47e66f2:hover{background:var(--wpex-palette-15-color)!important;color:var(--wpex-palette-18-color)!important;}.vcex-button.vcex_69dd1f47e66f2{font-size:var(--wpex-text-base);}@media (max-width:479px){.vcex-button.vcex_69dd1f47e66f2{font-size:var(--wpex-text-lg);}}<\/style><style>@media (max-width:479px){.vcex_69dd1f47e7843{font-size:var(--wpex-text-lg)!important;}}<\/style><a href=\"\/contact\/\" class=\"vcex-button theme-button inline vcex_69dd1f47e7843 vcex_69dd1f47e66f2\"><span class=\"vcex-button-inner theme-button-inner wpex-flex wpex-flex-wrap wpex-items-center wpex-justify-center\">Demandez votre dossier technique<\/span><\/a> [\/vc_column][\/vc_row][vc_row full_width=&#8221;stretch_row&#8221; remove_bottom_col_margin=&#8221;true&#8221; typography_style=&#8221;white&#8221; wpex_bg_overlay=&#8221;color&#8221; wpex_bg_overlay_color=&#8221;palette-15&#8243; wpex_bg_overlay_opacity=&#8221;90%&#8221; css=&#8221;.vc_custom_1773773388223{background-image: url(https:\/\/www.relyonelectrical.be\/wp-content\/uploads\/2025\/12\/2023-09-04Bureau9000-318-2-scaled.jpg?id=593) !important;}&#8221; wpex_bg_size=&#8221;cover&#8221;][vc_column]<style>.vcex-teaser.vcex_69dd1f47f305a .vcex-teaser-heading{font-size:var(--wpex-text-2xl);font-weight:300;margin-block-end:20px;}.vcex-teaser.vcex_69dd1f47f305a .vcex-teaser-text{font-weight:300;}@media (max-width:479px){.vcex-teaser.vcex_69dd1f47f305a .vcex-teaser-heading{font-size:var(--wpex-text-3xl);}}.vcex-teaser.vcex_69dd1f4802bf9 .vcex-teaser-heading{font-size:var(--wpex-text-2xl);color:var(--wpex-palette-15-color);font-weight:300;margin-block-end:20px;}.vcex-teaser.vcex_69dd1f4802bf9 .vcex-teaser-text{font-weight:300;color:var(--wpex-palette-15-color);}@media (max-width:479px){.vcex-teaser.vcex_69dd1f4802bf9 .vcex-teaser-heading{font-size:var(--wpex-text-3xl);}}<\/style><div class=\"vcex-flex-container vcex-module wpex-flex wpex-gap-20 wpex-flex-col relyon-boxes vcex-flex-container_69dd1f47e7ccd\"><div class=\"vcex-module vcex-teaser wpex-flex wpex-flex-col vc_custom_1774868195751 vcex_69dd1f47f305a\"><div class=\"vcex-teaser-content\"><h2 class=\"vcex-teaser-heading wpex-heading wpex-text-xl\">Un dossier technique correct d\u2019une installation \u00e9lectrique contient :<\/h2><div class=\"vcex-teaser-text wpex-mt-10 wpex-last-mb-0 wpex-clr\"><ul>\n<li><a href=\"https:\/\/www.relyonelectrical.be\/fr\/genie-electrique\/etablissement-de-schemas-electriques\/\">Sch\u00e9mas \u00e9lectriques \/ unifilaires<\/a><\/li>\n<li>Plan d\u2019implantation des prises de terre<\/li>\n<li>Plan de situation<\/li>\n<li>Sch\u00e9ma g\u00e9n\u00e9ral par blocs (voir aussi sch\u00e9mas)<\/li>\n<li><a href=\"https:\/\/www.relyonelectrical.be\/fr\/genie-electrique\/etablissement-de-calculs-de-cables\/\">Calculs de c\u00e2bles<\/a> \/ notes de calcul<\/li>\n<li>Attestation de pr\u00e9sence d\u2019un r\u00e9seau HT avec mise \u00e0 la terre globale<\/li>\n<li>Plan, listes des circuits vitaux<\/li>\n<li><a href=\"https:\/\/www.relyonelectrical.be\/fr\/analyses-de-risques\/analyse-de-risques-de-linstallation-de-securite\/\">Analyse de risques des installations de s\u00e9curit\u00e9<\/a><\/li>\n<li><a href=\"https:\/\/www.relyonelectrical.be\/fr\/analyses-de-risques\/analyse-de-risques-installation-critique\/\">Analyse de risques des installations critiques<\/a><\/li>\n<li>Plan de masse avec compartimentage incendie<\/li>\n<li>Rapports de contr\u00f4le<\/li>\n<li>Rapport de conformit\u00e9<\/li>\n<li>Rapport de mise en service<\/li>\n<li>Contr\u00f4les p\u00e9riodiques (deux derniers rapports)<\/li>\n<li>Documentation technique<\/li>\n<li><a href=\"https:\/\/www.relyonelectrical.be\/fr\/analyses-de-risques\/analyse-de-risques-des-installations-electriques\/\">Analyse de risques des installations \u00e9lectriques<\/a> sur les lieux de travail<\/li>\n<li>Identification des \u00ab anciennes \u00bb installations ne r\u00e9pondant pas au RGIE<\/li>\n<li>Rapport du 1er contr\u00f4le des \u00ab anciennes \u00bb installations \u00e9lectriques<\/li>\n<li><a href=\"https:\/\/www.relyonelectrical.be\/fr\/genie-electrique\/etablissement-du-tableau-des-influences-externes\/\">Aper\u00e7u des influences externes ou facteurs environnementaux<\/a><\/li>\n<li>Aper\u00e7u des formations externes et internes du personnel<\/li>\n<li>Liste et d\u00e9clarations de comp\u00e9tence du personnel <a href=\"https:\/\/www.relyonelectrical.be\/fr\/trainingen\/formation-ba4\/\">BA4<\/a> et <a href=\"https:\/\/www.relyonelectrical.be\/fr\/trainingen\/formation-ba5\/\">BA5<\/a><\/li>\n<\/ul>\n<\/div><\/div><\/div><div class=\"vcex-module vcex-teaser vcex-teaser-three wpex-flex wpex-flex-col wpex-shadow-none wpex-surface-2 vc_custom_1774876758528 vcex_69dd1f4802bf9\" style=\"background:var(--wpex-palette-18-color);\"><div class=\"vcex-teaser-content wpex-p-20\"><h2 class=\"vcex-teaser-heading wpex-heading wpex-text-xl\">Il manque quelque chose au dossier technique de votre installation \u00e9lectrique ? Faites appel \u00e0 nous ! <\/h2><div class=\"vcex-teaser-text wpex-mt-10 wpex-last-mb-0 wpex-clr\"><p>Notre expert se rend sur place et v\u00e9rifie minutieusement ce qu\u2019il manque pour constituer un dossier technique \u00e9lectrique correct. Nous mettons en ordre les \u00e9l\u00e9ments manquants et compl\u00e9tons le dossier conform\u00e9ment aux toutes derni\u00e8res r\u00e9glementations. <\/p>\n<p><strong>Vous avez un b\u00e2timent flambant neuf avec une installation assortie ?<\/strong>  Dans ce cas \u00e9galement, nous mettons votre dossier \u00e9lectrique en ordre de A \u00e0 Z.<\/p>\n<p>Vous souhaitez d\u00e9l\u00e9guer l\u2019<strong>int\u00e9gralit\u00e9 du processus<\/strong> \u2014 de la r\u00e9solution des infractions apr\u00e8s contr\u00f4le jusqu\u2019\u00e0 l\u2019organisation et l\u2019accompagnement d\u2019un nouveau contr\u00f4le p\u00e9riodique ? <a href=\"https:\/\/www.relyonelectrical.be\/fr\/genie-electrique\/conformite-des-installations-electriques\/\">Comptez sur nous<\/a>.<\/p>\n<\/div><\/div><\/div><\/div>[\/vc_column][\/vc_row]\n<\/div>","protected":false},"excerpt":{"rendered":"<p>Un rapport de contr\u00f4le truff\u00e9 de remarques ? Nous vous aidons \u00e9tape par \u00e9tape \u00e0 mettre en ordre les dossiers techniques de vos installations \u00e9lectriques. <\/p>\n","protected":false},"author":1,"featured_media":3696,"parent":3695,"menu_order":1,"comment_status":"closed","ping_status":"closed","template":"","meta":{"_acf_changed":false,"footnotes":""},"class_list":["post-3708","page","type-page","status-publish","has-post-thumbnail","hentry","entry","has-media"],"acf":[],"_links":{"self":[{"href":"https:\/\/www.relyonelectrical.be\/fr\/wp-json\/wp\/v2\/pages\/3708","targetHints":{"allow":["GET"]}}],"collection":[{"href":"https:\/\/www.relyonelectrical.be\/fr\/wp-json\/wp\/v2\/pages"}],"about":[{"href":"https:\/\/www.relyonelectrical.be\/fr\/wp-json\/wp\/v2\/types\/page"}],"author":[{"embeddable":true,"href":"https:\/\/www.relyonelectrical.be\/fr\/wp-json\/wp\/v2\/users\/1"}],"replies":[{"embeddable":true,"href":"https:\/\/www.relyonelectrical.be\/fr\/wp-json\/wp\/v2\/comments?post=3708"}],"version-history":[{"count":11,"href":"https:\/\/www.relyonelectrical.be\/fr\/wp-json\/wp\/v2\/pages\/3708\/revisions"}],"predecessor-version":[{"id":4257,"href":"https:\/\/www.relyonelectrical.be\/fr\/wp-json\/wp\/v2\/pages\/3708\/revisions\/4257"}],"up":[{"embeddable":true,"href":"https:\/\/www.relyonelectrical.be\/fr\/wp-json\/wp\/v2\/pages\/3695"}],"wp:featuredmedia":[{"embeddable":true,"href":"https:\/\/www.relyonelectrical.be\/fr\/wp-json\/wp\/v2\/media\/3696"}],"wp:attachment":[{"href":"https:\/\/www.relyonelectrical.be\/fr\/wp-json\/wp\/v2\/media?parent=3708"}],"curies":[{"name":"wp","href":"https:\/\/api.w.org\/{rel}","templated":true}]}}