{"id":3719,"date":"2025-12-14T14:20:30","date_gmt":"2025-12-14T13:20:30","guid":{"rendered":"https:\/\/www.relyonelectrical.be\/analyse-de-risques-des-bornes-de-recharge\/"},"modified":"2026-04-08T13:46:59","modified_gmt":"2026-04-08T11:46:59","slug":"analyse-de-risques-des-bornes-de-recharge","status":"publish","type":"page","link":"https:\/\/www.relyonelectrical.be\/fr\/analyses-de-risques\/analyse-de-risques-des-bornes-de-recharge\/","title":{"rendered":"Analyse de risques des bornes de recharge"},"content":{"rendered":"<div class=\"wpb-content-wrapper\">[vc_row full_width=&#8221;stretch_row&#8221; remove_bottom_col_margin=&#8221;true&#8221; columns_right=&#8221;yes&#8221; offset_overlay_header=&#8221;yes&#8221; css=&#8221;.vc_custom_1765193168712{background-position: 0 0 !important;background-repeat: no-repeat !important;}&#8221;][vc_column width=&#8221;2\/5&#8243;]<figure class=\"vcex-image vcex-module intro-image\"><div class=\"vcex-image-inner wpex-relative wpex-inline-block\"><img width=\"2560\" height=\"1689\" src=\"https:\/\/www.relyonelectrical.be\/wp-content\/uploads\/2025\/12\/shutterstock_1890460564-scaled.jpg\" class=\"vcex-image-img wpex-align-middle wpex-aspect-1-1 wpex-object-cover\" alt=\"\" loading=\"lazy\" decoding=\"async\" srcset=\"https:\/\/www.relyonelectrical.be\/wp-content\/uploads\/2025\/12\/shutterstock_1890460564-scaled.jpg 2560w, https:\/\/www.relyonelectrical.be\/wp-content\/uploads\/2025\/12\/shutterstock_1890460564-scaled-300x198.jpg 300w, https:\/\/www.relyonelectrical.be\/wp-content\/uploads\/2025\/12\/shutterstock_1890460564-scaled-1024x676.jpg 1024w, https:\/\/www.relyonelectrical.be\/wp-content\/uploads\/2025\/12\/shutterstock_1890460564-scaled-768x507.jpg 768w, https:\/\/www.relyonelectrical.be\/wp-content\/uploads\/2025\/12\/shutterstock_1890460564-scaled-1536x1013.jpg 1536w, https:\/\/www.relyonelectrical.be\/wp-content\/uploads\/2025\/12\/shutterstock_1890460564-scaled-2048x1351.jpg 2048w\" sizes=\"auto, (max-width: 2560px) 100vw, 2560px\" \/><\/div><\/figure>[\/vc_column][vc_column width=&#8221;3\/5&#8243;]<style>.vcex-heading.vcex_69dd1f48d6314{width:500px;font-size:var(--wpex-text-3xl);}@media (max-width:479px){.vcex-heading.vcex_69dd1f48d6314{font-size:var(--wpex-text-5xl);}}<\/style><h1 class=\"vcex-heading vcex-heading-plain vcex-heading-w-badge vcex-module wpex-heading wpex-text-2xl wpex-h1 wpex-max-w-100 wpex-mr-auto vcex_69dd1f48d6314\"><span class=\"vcex-heading-inner wpex-inline-block\">Analyse de risques des bornes de recharge <span class=\"vcex-heading-badge wpex-badge\">Pr\u00e9venez les incendies dans votre parking souterrain<\/span><\/span><\/h1><div class=\"vcex-spacing wpex-w-100 wpex-clear\"><\/div>[vc_column_text css=&#8221;&#8221; font_size=&#8221;d:lg|pp:xl&#8221; line_height=&#8221;1.5em&#8221;]Avant d\u2019installer des bornes de recharge dans votre parking, il est pr\u00e9f\u00e9rable de v\u00e9rifier si l\u2019installation \u00e9lectrique de votre entreprise peut supporter une infrastructure de recharge. Nous calculons avec plaisir la <a href=\"https:\/\/www.relyonelectrical.be\/fr\/genie-electrique\/etude-de-faisabilite-pour-bornes-de-recharge\/\">faisabilit\u00e9 des bornes de recharge<\/a> dans votre situation sp\u00e9cifique. Vous conna\u00eetrez ainsi le rapport co\u00fbts-avantages, les sc\u00e9narios les plus int\u00e9ressants et le co\u00fbt d\u2019investissement estim\u00e9.  <\/p>\n<p>De plus, une analyse de risques des bornes de recharge est obligatoire lors de l\u2019installation de bornes dans un parking ferm\u00e9. L\u2019analyse de risques apporte de la clart\u00e9 sur les risques de s\u00e9curit\u00e9 sp\u00e9cifiquement li\u00e9s aux bornes de recharge et aux v\u00e9hicules \u00e9lectriques. Vous saurez ainsi quelles adaptations sont n\u00e9cessaires pour installer les bornes de recharge en toute s\u00e9curit\u00e9.[\/vc_column_text]<div class=\"vcex-spacing wpex-w-100 wpex-clear\"><\/div><style>.vcex-button.vcex_69dd1f48d7523:hover{background:var(--wpex-palette-15-color)!important;color:var(--wpex-palette-18-color)!important;}.vcex-button.vcex_69dd1f48d7523{font-size:var(--wpex-text-base);}@media (max-width:479px){.vcex-button.vcex_69dd1f48d7523{font-size:var(--wpex-text-lg);}}<\/style><style>@media (max-width:479px){.vcex_69dd1f48d8cc6{font-size:var(--wpex-text-lg)!important;}}<\/style><a href=\"https:\/\/www.relyonelectrical.be\/fr\/contact\/\" class=\"vcex-button theme-button inline vcex_69dd1f48d8cc6 vcex_69dd1f48d7523\"><span class=\"vcex-button-inner theme-button-inner wpex-flex wpex-flex-wrap wpex-items-center wpex-justify-center\">Demandez votre analyse de risques<\/span><\/a> [\/vc_column][\/vc_row][vc_row full_width=&#8221;stretch_row&#8221; remove_bottom_col_margin=&#8221;true&#8221; typography_style=&#8221;white&#8221; wpex_fixed_bg=&#8221;fixed&#8221; wpex_bg_overlay=&#8221;color&#8221; wpex_bg_overlay_color=&#8221;palette-15&#8243; wpex_bg_overlay_opacity=&#8221;90%&#8221; css=&#8221;.vc_custom_1773773270691{background-image: url(https:\/\/www.relyonelectrical.be\/wp-content\/uploads\/2025\/12\/shutterstock_1121414222-scaled.jpg?id=544) !important;}&#8221; wpex_bg_position=&#8221;center center&#8221;][vc_column]<style>.vcex-teaser.vcex_69dd1f48d9d90 .vcex-teaser-heading{font-size:var(--wpex-text-2xl);font-weight:300;}.vcex-teaser.vcex_69dd1f48d9d90 .vcex-teaser-text{font-weight:300;}@media (max-width:479px){.vcex-teaser.vcex_69dd1f48d9d90 .vcex-teaser-heading{font-size:var(--wpex-text-3xl);}}.vcex-teaser.vcex_69dd1f48dc220 .vcex-teaser-heading{font-size:var(--wpex-text-2xl);color:var(--wpex-palette-15-color);font-weight:300;margin-block-end:20px;}.vcex-teaser.vcex_69dd1f48dc220 .vcex-teaser-text{font-weight:300;color:var(--wpex-palette-15-color);}@media (max-width:479px){.vcex-teaser.vcex_69dd1f48dc220 .vcex-teaser-heading{font-size:var(--wpex-text-3xl);}}.vcex-teaser.vcex_69dd1f48e20a4 .vcex-teaser-heading{font-size:var(--wpex-text-2xl);font-weight:300;}.vcex-teaser.vcex_69dd1f48e20a4 .vcex-teaser-text{font-weight:300;}@media (max-width:479px){.vcex-teaser.vcex_69dd1f48e20a4 .vcex-teaser-heading{font-size:var(--wpex-text-3xl);}}<\/style><div class=\"vcex-flex-container vcex-module wpex-flex wpex-gap-20 wpex-flex-col relyon-boxes vcex-flex-container_69dd1f48d91ba\"><div class=\"vcex-module vcex-teaser wpex-flex wpex-flex-col vcex_69dd1f48d9d90\"><div class=\"vcex-teaser-content\"><h2 class=\"vcex-teaser-heading wpex-heading wpex-text-xl\">Installer des bornes de recharge ? D\u2019abord une analyse de risques ! <\/h2><div class=\"vcex-teaser-text wpex-mt-10 wpex-last-mb-0 wpex-clr\"><p>D\u2019un point de vue pratique, l\u2019infrastructure de recharge \u2014 qui repr\u00e9sente tout de m\u00eame une modification majeure de votre installation \u00e9lectrique \u2014 doit naturellement \u00eatre conforme au RGIE (R\u00e8glement G\u00e9n\u00e9ral sur les Installations \u00c9lectriques). Un contr\u00f4le avant la mise en service des bornes de recharge est donc indispensable. <\/p>\n<p>Mais ce n\u2019est pas tout. Car l\u2019utilisation de telles quantit\u00e9s d\u2019\u00e9nergie \u00e9lectrique comporte aussi certains risques. Un incendie sur un v\u00e9hicule \u00e9lectrique dure longtemps et est dangereux. C\u2019est \u00e9videmment ce que vous voulez \u00e9viter.   <\/p>\n<p>En faisant identifier et \u00e9valuer les risques potentiels de vos installations de bornes de recharge, vous pr\u00e9venez des dangers tels que :<\/p>\n<ul>\n<li>la surchauffe<\/li>\n<li>le court-circuit<\/li>\n<li>l\u2019incendie d\u2019origine \u00e9lectrique<\/li>\n<li>les chocs \u00e9lectriques<\/li>\n<\/ul>\n<p>Vous aurez alors l\u2019assurance de disposer d\u2019une infrastructure de recharge s\u00fbre et fiable, et de contribuer de mani\u00e8re s\u00e9curis\u00e9e \u00e0 la r\u00e9duction de notre empreinte fossile.<\/p>\n<\/div><\/div><\/div><div class=\"vcex-module vcex-teaser vcex-teaser-three wpex-flex wpex-flex-col wpex-shadow-none wpex-surface-2 vc_custom_1774269469004 vcex_69dd1f48dc220\" style=\"background:var(--wpex-palette-16-color);\"><div class=\"vcex-teaser-content wpex-p-20\"><h2 class=\"vcex-teaser-heading wpex-heading wpex-text-xl\">Les bornes de recharge sont-elles obligatoires ?<\/h2><div class=\"vcex-teaser-text wpex-mt-10 wpex-last-mb-0 wpex-clr\"><p>Pour les nouvelles constructions industrielles, l\u2019installation de bornes de recharge \u2014 ou la pr\u00e9vision de chemins de c\u00e2bles pour une installation ult\u00e9rieure \u2014 est obligatoire sur les parkings de plus de 10 places.<\/p>\n<\/div><\/div><\/div><div class=\"vcex-module vcex-teaser wpex-flex wpex-flex-col vcex_69dd1f48e20a4\"><div class=\"vcex-teaser-content\"><h2 class=\"vcex-teaser-heading wpex-heading wpex-text-xl\">De quelles bornes de recharge s\u2019agit-il ?<\/h2><div class=\"vcex-teaser-text wpex-mt-10 wpex-last-mb-0 wpex-clr\"><p>Nos experts r\u00e9alisent des analyses de risques pour tout type d\u2019installations de recharge pour voitures \u00e9lectriques ou pour deux-roues \u00e9lectriques (v\u00e9los, speed pedelecs, trottinettes).<\/p>\n<p>Nous cartographions les risques des bornes de recharge dans les environnements publics ou professionnels.<\/p>\n<\/div><\/div><\/div><\/div>[\/vc_column][\/vc_row][vc_row column_spacing=&#8221;60&#8243;][vc_column]<div class=\"vcex-spacing wpex-w-100 wpex-clear show-at-mm-breakpoint\" style=\"height:30px;\"><\/div><style>.vcex-heading.vcex_69dd1f48e3ee2{font-size:var(--wpex-text-2xl);font-weight:300;}@media (max-width:479px){.vcex-heading.vcex_69dd1f48e3ee2{font-size:var(--wpex-text-3xl);}}<\/style><h2 class=\"vcex-heading vcex-heading-plain vcex-heading-w-badge vcex-module wpex-heading wpex-text-2xl wpex-h2 vcex_69dd1f48e3ee2\"><span class=\"vcex-heading-inner wpex-inline-block\">Analyse de risques des bornes de recharge pour v\u00e9hicules \u00e9lectriques <span class=\"vcex-heading-badge wpex-badge\">\u00c0 quoi pouvez-vous vous attendre ?<\/span><\/span><\/h2><div class=\"vcex-spacing wpex-w-100 wpex-clear\"><\/div>[vc_column_text align=&#8221;left&#8221; css=&#8221;&#8221; width=&#8221;800px&#8221; font_weight=&#8221;300&#8243;]Nos experts se rendent sur place pour v\u00e9rifier si des dangers potentiels menacent l\u2019infrastructure de recharge ou ses environs. Nous analysons pour cela diff\u00e9rents facteurs tels que :[\/vc_column_text]<div class=\"vcex-spacing wpex-w-100 wpex-clear\"><\/div><style>.vcex-teaser.vcex_69dd1f48e89b3 .vcex-teaser-heading{font-size:var(--wpex-text-lg);font-weight:700;}.vcex-teaser.vcex_69dd1f48e89b3 .vcex-teaser-text{font-weight:300;}.vcex-teaser.vcex_69dd1f48e9246 .vcex-teaser-heading{font-size:var(--wpex-text-lg);font-weight:700;}.vcex-teaser.vcex_69dd1f48e9246 .vcex-teaser-text{font-weight:300;}.vcex-teaser.vcex_69dd1f48e9999 .vcex-teaser-heading{font-size:var(--wpex-text-lg);font-weight:700;}.vcex-teaser.vcex_69dd1f48e9999 .vcex-teaser-text{font-weight:300;}.vcex-teaser.vcex_69dd1f48ea0a7 .vcex-teaser-heading{font-size:var(--wpex-text-lg);}.vcex-teaser.vcex_69dd1f48ea0a7 .vcex-teaser-text{font-weight:300;}.vcex-teaser.vcex_69dd1f48ea687 .vcex-teaser-heading{font-size:var(--wpex-text-lg);}.vcex-teaser.vcex_69dd1f48ea687 .vcex-teaser-text{font-weight:300;}<\/style><div class=\"vcex-flex-container vcex-module wpex-flex wpex-gap-20 wpex-flex-col relyon-boxes vcex-flex-container_69dd1f48e4b7d\"><div class=\"vcex-module vcex-teaser wpex-flex wpex-flex-col vcex_69dd1f48e89b3\"><div class=\"vcex-teaser-content\"><h3 class=\"vcex-teaser-heading wpex-heading wpex-text-xl\">Risques li\u00e9s \u00e0 l\u2019emplacement<\/h3><div class=\"vcex-teaser-text wpex-mt-10 wpex-last-mb-0 wpex-clr\"><p>O\u00f9 se situent les bornes de recharge (ou o\u00f9 seront-elles situ\u00e9es) ? Avec quels facteurs environnementaux les bornes entrent-elles en contact ? Quels facteurs peuvent influencer la s\u00e9curit\u00e9 et les performances des bornes ? Pensez par exemple \u00e0 la m\u00e9t\u00e9o ou au trafic environnant.<\/p>\n<\/div><\/div><\/div><div class=\"vcex-module vcex-teaser wpex-flex wpex-flex-col vcex_69dd1f48e9246\"><div class=\"vcex-teaser-content\"><h3 class=\"vcex-teaser-heading wpex-heading wpex-text-xl\">Surcharge \u00e9ventuelle<\/h3><div class=\"vcex-teaser-text wpex-mt-10 wpex-last-mb-0 wpex-clr\"><p>Un \u00e9l\u00e9ment essentiel de l\u2019analyse de risques est le calcul de la capacit\u00e9 \u00e9lectrique n\u00e9cessaire et la garantie d\u2019une alimentation \u00e9lectrique appropri\u00e9e pour \u00e9viter toute surcharge.<\/p>\n<\/div><\/div><\/div><div class=\"vcex-module vcex-teaser wpex-flex wpex-flex-col vcex_69dd1f48e9999\"><div class=\"vcex-teaser-content\"><h3 class=\"vcex-teaser-heading wpex-heading wpex-text-xl\">\u00c9valuation technique<\/h3><div class=\"vcex-teaser-text wpex-mt-10 wpex-last-mb-0 wpex-clr\"><p>Nous comparons les sp\u00e9cifications techniques des bornes de recharge avec la compatibilit\u00e9 des v\u00e9hicules \u00e9lectriques. Sont-elles harmonis\u00e9es ? R\u00e9pondent-elles aux normes et directives requises ?<\/p>\n<\/div><\/div><\/div><div class=\"vcex-module vcex-teaser wpex-flex wpex-flex-col vcex_69dd1f48ea0a7\"><div class=\"vcex-teaser-content\"><h3 class=\"vcex-teaser-heading wpex-heading wpex-text-xl\">Mesures de s\u00e9curit\u00e9<\/h3><div class=\"vcex-teaser-text wpex-mt-10 wpex-last-mb-0 wpex-clr\"><p>Les m\u00e9canismes de protection n\u00e9cessaires sont-ils pr\u00e9sents, tels que les interrupteurs diff\u00e9rentiels et la protection contre la surchauffe ?<\/p>\n<\/div><\/div><\/div><div class=\"vcex-module vcex-teaser wpex-flex wpex-flex-col vcex_69dd1f48ea687\"><div class=\"vcex-teaser-content\"><h3 class=\"vcex-teaser-heading wpex-heading wpex-text-xl\">R\u00e9glementation et normes<\/h3><div class=\"vcex-teaser-text wpex-mt-10 wpex-last-mb-0 wpex-clr\"><p>Naturellement, l\u2019analyse de risques s\u2019inscrit enti\u00e8rement dans le cadre des normes et r\u00e9glementations de s\u00e9curit\u00e9 en vigueur.<\/p>\n<\/div><\/div><\/div><\/div>[\/vc_column][\/vc_row]\n<\/div>","protected":false},"excerpt":{"rendered":"<p>Une analyse de risques des bornes de recharge apporte de la clart\u00e9 avant d\u2019installer des bornes de recharge dans votre parking souterrain. C\u2019est \u00e9galement une obligation. <\/p>\n","protected":false},"author":1,"featured_media":3621,"parent":3844,"menu_order":8,"comment_status":"closed","ping_status":"closed","template":"","meta":{"_acf_changed":false,"footnotes":""},"class_list":["post-3719","page","type-page","status-publish","has-post-thumbnail","hentry","entry","has-media"],"acf":[],"_links":{"self":[{"href":"https:\/\/www.relyonelectrical.be\/fr\/wp-json\/wp\/v2\/pages\/3719","targetHints":{"allow":["GET"]}}],"collection":[{"href":"https:\/\/www.relyonelectrical.be\/fr\/wp-json\/wp\/v2\/pages"}],"about":[{"href":"https:\/\/www.relyonelectrical.be\/fr\/wp-json\/wp\/v2\/types\/page"}],"author":[{"embeddable":true,"href":"https:\/\/www.relyonelectrical.be\/fr\/wp-json\/wp\/v2\/users\/1"}],"replies":[{"embeddable":true,"href":"https:\/\/www.relyonelectrical.be\/fr\/wp-json\/wp\/v2\/comments?post=3719"}],"version-history":[{"count":1,"href":"https:\/\/www.relyonelectrical.be\/fr\/wp-json\/wp\/v2\/pages\/3719\/revisions"}],"predecessor-version":[{"id":3722,"href":"https:\/\/www.relyonelectrical.be\/fr\/wp-json\/wp\/v2\/pages\/3719\/revisions\/3722"}],"up":[{"embeddable":true,"href":"https:\/\/www.relyonelectrical.be\/fr\/wp-json\/wp\/v2\/pages\/3844"}],"wp:featuredmedia":[{"embeddable":true,"href":"https:\/\/www.relyonelectrical.be\/fr\/wp-json\/wp\/v2\/media\/3621"}],"wp:attachment":[{"href":"https:\/\/www.relyonelectrical.be\/fr\/wp-json\/wp\/v2\/media?parent=3719"}],"curies":[{"name":"wp","href":"https:\/\/api.w.org\/{rel}","templated":true}]}}