{"id":3727,"date":"2025-12-14T11:45:46","date_gmt":"2025-12-14T10:45:46","guid":{"rendered":"https:\/\/www.relyonelectrical.be\/analyse-des-risques-lies-a-la-securite-contre-les-explosions\/"},"modified":"2026-04-08T13:46:59","modified_gmt":"2026-04-08T11:46:59","slug":"analyse-des-risques-lies-a-la-securite-contre-les-explosions","status":"publish","type":"page","link":"https:\/\/www.relyonelectrical.be\/fr\/analyses-de-risques\/analyse-des-risques-lies-a-la-securite-contre-les-explosions\/","title":{"rendered":"Analyse des risques li\u00e9s \u00e0 la s\u00e9curit\u00e9 contre les explosions"},"content":{"rendered":"<div class=\"wpb-content-wrapper\">[vc_row full_width=&#8221;stretch_row&#8221; remove_bottom_col_margin=&#8221;true&#8221; columns_right=&#8221;yes&#8221; offset_overlay_header=&#8221;yes&#8221; css=&#8221;.vc_custom_1765193168712{background-position: 0 0 !important;background-repeat: no-repeat !important;}&#8221;][vc_column width=&#8221;2\/5&#8243;]<figure class=\"vcex-image vcex-module intro-image\"><div class=\"vcex-image-inner wpex-relative wpex-inline-block\"><img width=\"1600\" height=\"1200\" src=\"https:\/\/www.relyonelectrical.be\/wp-content\/uploads\/2025\/12\/Vaste-Batt-3.jpg\" class=\"vcex-image-img wpex-align-middle wpex-aspect-1-1 wpex-object-cover\" alt=\"\" loading=\"lazy\" decoding=\"async\" srcset=\"https:\/\/www.relyonelectrical.be\/wp-content\/uploads\/2025\/12\/Vaste-Batt-3.jpg 1600w, https:\/\/www.relyonelectrical.be\/wp-content\/uploads\/2025\/12\/Vaste-Batt-3-300x225.jpg 300w, https:\/\/www.relyonelectrical.be\/wp-content\/uploads\/2025\/12\/Vaste-Batt-3-1024x768.jpg 1024w, https:\/\/www.relyonelectrical.be\/wp-content\/uploads\/2025\/12\/Vaste-Batt-3-768x576.jpg 768w, https:\/\/www.relyonelectrical.be\/wp-content\/uploads\/2025\/12\/Vaste-Batt-3-1536x1152.jpg 1536w\" sizes=\"auto, (max-width: 1600px) 100vw, 1600px\" \/><\/div><\/figure>[\/vc_column][vc_column width=&#8221;3\/5&#8243;]<style>.vcex-heading.vcex_69dd1f627a25d{width:500px;font-size:var(--wpex-text-3xl);}@media (max-width:479px){.vcex-heading.vcex_69dd1f627a25d{font-size:var(--wpex-text-5xl);}}<\/style><h1 class=\"vcex-heading vcex-heading-plain vcex-heading-w-badge vcex-module wpex-heading wpex-text-2xl wpex-h1 wpex-max-w-100 wpex-mr-auto vcex_69dd1f627a25d\"><span class=\"vcex-heading-inner wpex-inline-block\">Analyse des risques li\u00e9s \u00e0 la s\u00e9curit\u00e9 contre les explosions <span class=\"vcex-heading-badge wpex-badge\">Limitez le risque d\u2019explosion<\/span><\/span><\/h1><div class=\"vcex-spacing wpex-w-100 wpex-clear\"><\/div>[vc_column_text css=&#8221;&#8221; font_size=&#8221;d:lg|pp:xl&#8221; line_height=&#8221;1.5em&#8221;]Les explosions peuvent avoir des cons\u00e9quences spectaculaires et dramatiques : elles co\u00fbtent souvent des vies humaines et causent de lourds dommages \u00e9conomiques. La pr\u00e9vention de ces accidents explosifs est donc \u00e9galement encadr\u00e9e par la loi.<\/p>\n<p>RelyOn vous accompagne en tant qu\u2019employeur dans l\u2019\u00e9laboration de l\u2019<strong>analyse des risques obligatoire relative \u00e0 la s\u00e9curit\u00e9 contre les explosions<\/strong> (Codex III.4), ainsi que dans sa r\u00e9vision lors de chaque modification de produits, de processus ou d\u2019installations.[\/vc_column_text]<div class=\"vcex-spacing wpex-w-100 wpex-clear\"><\/div><style>.vcex-button.vcex_69dd1f627afb7:hover{background:var(--wpex-palette-15-color)!important;color:var(--wpex-palette-18-color)!important;}.vcex-button.vcex_69dd1f627afb7{font-size:var(--wpex-text-base);}@media (max-width:479px){.vcex-button.vcex_69dd1f627afb7{font-size:var(--wpex-text-lg);}}<\/style><style>@media (max-width:479px){.vcex_69dd1f627bf9a{font-size:var(--wpex-text-lg)!important;}}<\/style><a href=\"https:\/\/www.relyonelectrical.be\/fr\/contact\/\" class=\"vcex-button theme-button inline vcex_69dd1f627bf9a vcex_69dd1f627afb7\"><span class=\"vcex-button-inner theme-button-inner wpex-flex wpex-flex-wrap wpex-items-center wpex-justify-center\">Demandez votre analyse des risques<\/span><\/a> [\/vc_column][\/vc_row][vc_row full_width=&#8221;stretch_row&#8221; remove_bottom_col_margin=&#8221;true&#8221; typography_style=&#8221;white&#8221; wpex_bg_overlay=&#8221;color&#8221; wpex_bg_overlay_color=&#8221;palette-15&#8243; wpex_bg_overlay_opacity=&#8221;90%&#8221; css=&#8221;.vc_custom_1773773237093{background-image: url(https:\/\/www.relyonelectrical.be\/wp-content\/uploads\/2025\/12\/Groot-gezoneerd-opslaglokaal.jpeg?id=534) !important;}&#8221;][vc_column]<style>.vcex-teaser.vcex_69dd1f627cae8 .vcex-teaser-heading{font-size:var(--wpex-text-2xl);font-weight:300;}.vcex-teaser.vcex_69dd1f627cae8 .vcex-teaser-text{font-weight:300;}@media (max-width:479px){.vcex-teaser.vcex_69dd1f627cae8 .vcex-teaser-heading{font-size:var(--wpex-text-3xl);}}.vcex-teaser.vcex_69dd1f627d0ba .vcex-teaser-heading{font-size:var(--wpex-text-2xl);font-weight:300;}.vcex-teaser.vcex_69dd1f627d0ba .vcex-teaser-text{font-weight:300;}@media (max-width:479px){.vcex-teaser.vcex_69dd1f627d0ba .vcex-teaser-heading{font-size:var(--wpex-text-3xl);}}.vcex-teaser.vcex_69dd1f627d637 .vcex-teaser-heading{font-size:var(--wpex-text-2xl);font-weight:300;}.vcex-teaser.vcex_69dd1f627d637 .vcex-teaser-text{font-weight:300;}@media (max-width:479px){.vcex-teaser.vcex_69dd1f627d637 .vcex-teaser-heading{font-size:var(--wpex-text-3xl);}}.vcex-teaser.vcex_69dd1f627dbc0 .vcex-teaser-heading{font-size:var(--wpex-text-2xl);color:var(--wpex-palette-15-color);font-weight:300;margin-block-end:20px;}.vcex-teaser.vcex_69dd1f627dbc0 .vcex-teaser-text{font-weight:300;color:var(--wpex-palette-15-color);}@media (max-width:479px){.vcex-teaser.vcex_69dd1f627dbc0 .vcex-teaser-heading{font-size:var(--wpex-text-3xl);}}.vcex-teaser.vcex_69dd1f627e1b3 .vcex-teaser-heading{font-size:var(--wpex-text-2xl);font-weight:300;}.vcex-teaser.vcex_69dd1f627e1b3 .vcex-teaser-text{font-weight:300;}@media (max-width:479px){.vcex-teaser.vcex_69dd1f627e1b3 .vcex-teaser-heading{font-size:var(--wpex-text-3xl);}}<\/style><div class=\"vcex-flex-container vcex-module wpex-flex wpex-gap-20 wpex-flex-col relyon-boxes vcex-flex-container_69dd1f627c2dc\"><div class=\"vcex-module vcex-teaser wpex-flex wpex-flex-col vcex_69dd1f627cae8\"><div class=\"vcex-teaser-content\"><h2 class=\"vcex-teaser-heading wpex-heading wpex-text-xl\">Risque d\u2019explosion, o\u00f9 ?<\/h2><div class=\"vcex-teaser-text wpex-mt-10 wpex-last-mb-0 wpex-clr\"><p>Le risque d\u2019explosion se trouve parfois dans des endroits \u00e9vidents. Mais parfois aussi l\u00e0 o\u00f9 on ne s\u2019y attend pas imm\u00e9diatement.<\/p>\n<p>Le stockage de liquides inflammables, mais aussi la recharge de la batterie d\u2019un chariot \u00e9l\u00e9vateur ou l\u2019usinage du bois sont des exemples de situations pr\u00e9sentant un <strong>risque<\/strong> d\u2019<strong>explosion<\/strong>.<\/p>\n<\/div><\/div><\/div><div class=\"vcex-module vcex-teaser wpex-flex wpex-flex-col vcex_69dd1f627d0ba\"><div class=\"vcex-teaser-content\"><h2 class=\"vcex-teaser-heading wpex-heading wpex-text-xl\">D\u00e9limiter les zones de danger<\/h2><div class=\"vcex-teaser-text wpex-mt-10 wpex-last-mb-0 wpex-clr\"><p>Lorsqu\u2019il ressort de l\u2019analyse des risques d\u2019explosion que la formation d\u2019une atmosph\u00e8re explosive est possible dans certains locaux de votre b\u00e2timent, ces locaux doivent \u00eatre <strong>class\u00e9s en zones de danger<\/strong>.<\/p>\n<p>Il existe 3 niveaux de zones (du risque le plus \u00e9lev\u00e9 au plus faible) : les zones 0, 1 et 2 pour le gaz et 20, 21 et 22 pour la poussi\u00e8re. Vous devrez \u00e9galement \u00e9viter les sources d\u2019inflammation actives et les appareils situ\u00e9s dans les zones devront r\u00e9pondre \u00e0 certaines exigences techniques, d\u00e9finies par la <strong>directive ATEX 114<\/strong>.<\/p>\n<\/div><\/div><\/div><div class=\"vcex-module vcex-teaser wpex-flex wpex-flex-col vcex_69dd1f627d637\"><div class=\"vcex-teaser-content\"><h2 class=\"vcex-teaser-heading wpex-heading wpex-text-xl\">Le document relatif \u00e0 la protection contre les explosions (DRPCE)<\/h2><div class=\"vcex-teaser-text wpex-mt-10 wpex-last-mb-0 wpex-clr\"><p>Afin de limiter les dommages en cas d\u2019explosion \u00e9ventuelle, vous pouvez prendre des mesures tant constructives qu\u2019organisationnelles. Lors d\u2019une analyse des risques, les experts de RelyOn rassemblent toute cette documentation ainsi que d\u2019autres documents pertinents. Nous les regroupons dans le <strong>document relatif \u00e0 la protection contre les explosions (DRPCE)<\/strong>.<\/p>\n<p>Les plans de zonage et le rapport circonstanci\u00e9 pour les locaux pr\u00e9sentant un risque d\u2019explosion (parfois aussi appel\u00e9 \u00ab dossier de zonage \u00bb) selon le <strong>RGIE Livre 1 &#8211; 7.102<\/strong> peuvent \u00eatre int\u00e9gr\u00e9s dans le document relatif \u00e0 la protection contre les explosions.<\/p>\n<\/div><\/div><\/div><div class=\"vcex-module vcex-teaser vcex-teaser-three wpex-flex wpex-flex-col wpex-shadow-none wpex-surface-2 vc_custom_1774268885794 vcex_69dd1f627dbc0\" style=\"background:var(--wpex-palette-18-color);\"><div class=\"vcex-teaser-content wpex-p-20\"><h2 class=\"vcex-teaser-heading wpex-heading wpex-text-xl\">\u00c0 quoi pouvez-vous vous attendre lors d\u2019une analyse des risques d\u2019explosion par RelyOn ?<\/h2><div class=\"vcex-teaser-text wpex-mt-10 wpex-last-mb-0 wpex-clr\"><ul>\n<li>Une visite de l\u2019entreprise ;<\/li>\n<li>L\u2019inventaire des substances pr\u00e9sentes, des points d\u2019\u00e9mission et des sources d\u2019inflammation par local ;<\/li>\n<li>L\u2019analyse des risques li\u00e9s aux atmosph\u00e8res explosives ;<\/li>\n<li>L\u2019\u00e9laboration des plans de zonage et l\u2019accompagnement lors de l\u2019approbation par un service externe de contr\u00f4le technique ;<\/li>\n<li>L\u2019\u00e9laboration du document relatif \u00e0 la protection contre les explosions (DRPCE) en format PDF ;<\/li>\n<li>La discussion du rapport et l\u2019explication des r\u00e9sultats obtenus.<\/li>\n<\/ul>\n<\/div><\/div><\/div><div class=\"vcex-module vcex-teaser wpex-flex wpex-flex-col vcex_69dd1f627e1b3\"><div class=\"vcex-teaser-content\"><h2 class=\"vcex-teaser-heading wpex-heading wpex-text-xl\">Options suppl\u00e9mentaires<\/h2><div class=\"vcex-teaser-text wpex-mt-10 wpex-last-mb-0 wpex-clr\"><ul>\n<li>L\u2019actualisation annuelle du document relatif \u00e0 la protection contre les explosions ;<\/li>\n<li>Le soutien dans la d\u00e9termination des propri\u00e9t\u00e9s \u00e9lectrostatiques des mat\u00e9riaux ;<\/li>\n<li>Le soutien du service de pr\u00e9vention lors de l\u2019\u00e9laboration de mesures organisationnelles.<\/li>\n<\/ul>\n<\/div><\/div><\/div><\/div>[\/vc_column][\/vc_row]\n<\/div>","protected":false},"excerpt":{"rendered":"<p>L\u2019analyse des risques li\u00e9s \u00e0 la s\u00e9curit\u00e9 contre les explosions identifie les risques d\u2019explosion et constitue un document obligatoire dans le dossier technique de votre installation \u00e9lectrique.<\/p>\n","protected":false},"author":1,"featured_media":3728,"parent":3844,"menu_order":7,"comment_status":"closed","ping_status":"closed","template":"","meta":{"_acf_changed":false,"footnotes":""},"class_list":["post-3727","page","type-page","status-publish","has-post-thumbnail","hentry","entry","has-media"],"acf":[],"_links":{"self":[{"href":"https:\/\/www.relyonelectrical.be\/fr\/wp-json\/wp\/v2\/pages\/3727","targetHints":{"allow":["GET"]}}],"collection":[{"href":"https:\/\/www.relyonelectrical.be\/fr\/wp-json\/wp\/v2\/pages"}],"about":[{"href":"https:\/\/www.relyonelectrical.be\/fr\/wp-json\/wp\/v2\/types\/page"}],"author":[{"embeddable":true,"href":"https:\/\/www.relyonelectrical.be\/fr\/wp-json\/wp\/v2\/users\/1"}],"replies":[{"embeddable":true,"href":"https:\/\/www.relyonelectrical.be\/fr\/wp-json\/wp\/v2\/comments?post=3727"}],"version-history":[{"count":1,"href":"https:\/\/www.relyonelectrical.be\/fr\/wp-json\/wp\/v2\/pages\/3727\/revisions"}],"predecessor-version":[{"id":3731,"href":"https:\/\/www.relyonelectrical.be\/fr\/wp-json\/wp\/v2\/pages\/3727\/revisions\/3731"}],"up":[{"embeddable":true,"href":"https:\/\/www.relyonelectrical.be\/fr\/wp-json\/wp\/v2\/pages\/3844"}],"wp:featuredmedia":[{"embeddable":true,"href":"https:\/\/www.relyonelectrical.be\/fr\/wp-json\/wp\/v2\/media\/3728"}],"wp:attachment":[{"href":"https:\/\/www.relyonelectrical.be\/fr\/wp-json\/wp\/v2\/media?parent=3727"}],"curies":[{"name":"wp","href":"https:\/\/api.w.org\/{rel}","templated":true}]}}