{"id":3738,"date":"2025-12-14T11:20:34","date_gmt":"2025-12-14T10:20:34","guid":{"rendered":"https:\/\/www.relyonelectrical.be\/analyse-de-risques-de-linstallation-de-securite\/"},"modified":"2026-04-08T14:08:08","modified_gmt":"2026-04-08T12:08:08","slug":"analyse-de-risques-de-linstallation-de-securite","status":"publish","type":"page","link":"https:\/\/www.relyonelectrical.be\/fr\/analyses-de-risques\/analyse-de-risques-de-linstallation-de-securite\/","title":{"rendered":"Analyse de risques de l&#8217;installation de s\u00e9curit\u00e9"},"content":{"rendered":"<div class=\"wpb-content-wrapper\">[vc_row full_width=&#8221;stretch_row&#8221; remove_bottom_col_margin=&#8221;true&#8221; columns_right=&#8221;yes&#8221; offset_overlay_header=&#8221;yes&#8221; css=&#8221;.vc_custom_1765193168712{background-position: 0 0 !important;background-repeat: no-repeat !important;}&#8221;][vc_column width=&#8221;2\/5&#8243;]<figure class=\"vcex-image vcex-module intro-image\"><div class=\"vcex-image-inner wpex-relative wpex-inline-block\"><img width=\"2560\" height=\"1707\" src=\"https:\/\/www.relyonelectrical.be\/wp-content\/uploads\/2025\/12\/shutterstock_1432401848-scaled.jpg\" class=\"vcex-image-img wpex-align-middle wpex-aspect-1-1 wpex-object-cover\" alt=\"\" loading=\"lazy\" decoding=\"async\" srcset=\"https:\/\/www.relyonelectrical.be\/wp-content\/uploads\/2025\/12\/shutterstock_1432401848-scaled.jpg 2560w, https:\/\/www.relyonelectrical.be\/wp-content\/uploads\/2025\/12\/shutterstock_1432401848-scaled-300x200.jpg 300w, https:\/\/www.relyonelectrical.be\/wp-content\/uploads\/2025\/12\/shutterstock_1432401848-scaled-1024x683.jpg 1024w, https:\/\/www.relyonelectrical.be\/wp-content\/uploads\/2025\/12\/shutterstock_1432401848-scaled-768x512.jpg 768w, https:\/\/www.relyonelectrical.be\/wp-content\/uploads\/2025\/12\/shutterstock_1432401848-scaled-1536x1024.jpg 1536w, https:\/\/www.relyonelectrical.be\/wp-content\/uploads\/2025\/12\/shutterstock_1432401848-scaled-2048x1366.jpg 2048w\" sizes=\"auto, (max-width: 2560px) 100vw, 2560px\" \/><\/div><\/figure>[\/vc_column][vc_column width=&#8221;3\/5&#8243;]<style>.vcex-heading.vcex_69dd1f489fafa{width:500px;font-size:var(--wpex-text-3xl);}@media (max-width:479px){.vcex-heading.vcex_69dd1f489fafa{font-size:var(--wpex-text-5xl);}}<\/style><h1 class=\"vcex-heading vcex-heading-plain vcex-heading-w-badge vcex-module wpex-heading wpex-text-2xl wpex-h1 wpex-max-w-100 wpex-mr-auto vcex_69dd1f489fafa\"><span class=\"vcex-heading-inner wpex-inline-block\">Analyse de risques de l&apos;installation de s\u00e9curit\u00e9 <span class=\"vcex-heading-badge wpex-badge\">Prot\u00e9gez vos collaborateurs en cas d&#039;incendie et de coupure de courant<\/span><\/span><\/h1><div class=\"vcex-spacing wpex-w-100 wpex-clear\"><\/div>[vc_column_text css=&#8221;&#8221; font_size=&#8221;d:lg|pp:xl&#8221; line_height=&#8221;1.5em&#8221;]Depuis le 1er juin 2020, tout exploitant d&#8217;une installation \u00e9lectrique est tenu de disposer d&#8217;une analyse de risques des installations de s\u00e9curit\u00e9. Ce document fait partie du dossier technique de votre installation \u00e9lectrique. <\/p>\n<p>Nos experts prennent en charge ces analyses de risques et respectent les prescriptions n\u00e9cessaires du nouveau RGIE. Votre s\u00e9curit\u00e9 et celle de votre personnel sont prioritaires, surtout en situation d&#8217;urgence ![\/vc_column_text]<div class=\"vcex-spacing wpex-w-100 wpex-clear\"><\/div><style>.vcex-button.vcex_69dd1f48a6e0f:hover{background:var(--wpex-palette-15-color)!important;color:var(--wpex-palette-18-color)!important;}.vcex-button.vcex_69dd1f48a6e0f{font-size:var(--wpex-text-base);}@media (max-width:479px){.vcex-button.vcex_69dd1f48a6e0f{font-size:var(--wpex-text-lg);}}<\/style><style>@media (max-width:479px){.vcex_69dd1f48b5b39{font-size:var(--wpex-text-lg)!important;}}<\/style><a href=\"https:\/\/www.relyonelectrical.be\/fr\/contact\/\" class=\"vcex-button theme-button inline vcex_69dd1f48b5b39 vcex_69dd1f48a6e0f\"><span class=\"vcex-button-inner theme-button-inner wpex-flex wpex-flex-wrap wpex-items-center wpex-justify-center\">Demandez votre analyse de risques<\/span><\/a> [\/vc_column][\/vc_row][vc_row full_width=&#8221;stretch_row&#8221; remove_bottom_col_margin=&#8221;true&#8221; typography_style=&#8221;white&#8221; wpex_bg_overlay=&#8221;color&#8221; wpex_bg_overlay_color=&#8221;palette-15&#8243; wpex_bg_overlay_opacity=&#8221;80%&#8221; css=&#8221;.vc_custom_1773773149115{background-image: url(https:\/\/www.relyonelectrical.be\/wp-content\/uploads\/2025\/12\/shutterstock_76396018-scaled.jpg?id=538) !important;}&#8221;][vc_column]<style>.vcex-teaser.vcex_69dd1f48b6e3f .vcex-teaser-heading{font-size:var(--wpex-text-2xl);font-weight:300;margin-block-end:20px;}.vcex-teaser.vcex_69dd1f48b6e3f .vcex-teaser-text{font-weight:300;}@media (max-width:479px){.vcex-teaser.vcex_69dd1f48b6e3f .vcex-teaser-heading{font-size:var(--wpex-text-3xl);}}.vcex-teaser.vcex_69dd1f48b7734 .vcex-teaser-heading{font-size:var(--wpex-text-2xl);font-weight:300;margin-block-end:20px;}.vcex-teaser.vcex_69dd1f48b7734 .vcex-teaser-text{font-weight:300;}@media (max-width:479px){.vcex-teaser.vcex_69dd1f48b7734 .vcex-teaser-heading{font-size:var(--wpex-text-3xl);}}<\/style><div class=\"vcex-flex-container vcex-module wpex-flex wpex-gap-20 wpex-flex-col relyon-boxes vcex-flex-container_69dd1f48b616a\"><div class=\"vcex-module vcex-teaser wpex-flex wpex-flex-col vc_custom_1774435286847 vcex_69dd1f48b6e3f\"><div class=\"vcex-teaser-content\"><h2 class=\"vcex-teaser-heading wpex-heading wpex-text-xl\">Qu&apos;est-ce qu&apos;une installation de s\u00e9curit\u00e9 ?<\/h2><div class=\"vcex-teaser-text wpex-mt-10 wpex-last-mb-0 wpex-clr\"><p>Une installation de s\u00e9curit\u00e9 a pour but de <strong>garantir<\/strong> <strong>la s\u00e9curit\u00e9 de toutes les personnes pr\u00e9sentes<\/strong> dans un b\u00e2timent en cas d&#8217;incendie, de coupure de courant ou de toute autre situation d&#8217;urgence.<\/p>\n<p>Une installation de s\u00e9curit\u00e9 peut, par exemple, se composer de :<\/p>\n<ul>\n<li>\u00e9clairage de s\u00e9curit\u00e9<\/li>\n<li>centrales de d\u00e9tection incendie<\/li>\n<li>exutoires de fum\u00e9e<\/li>\n<li>pompes d&#8217;incendie<\/li>\n<li>ascenseurs de s\u00e9curit\u00e9<\/li>\n<\/ul>\n<p>Une installation de s\u00e9curit\u00e9 se compose d&#8217; <strong>une source de s\u00e9curit\u00e9, des circuits de s\u00e9curit\u00e9 et des r\u00e9cepteurs de s\u00e9curit\u00e9<\/strong>. L&#8217;installation consid\u00e9r\u00e9e comme installation de s\u00e9curit\u00e9 est d\u00e9termin\u00e9e par une norme l\u00e9gale, un AR ou une analyse de risques. Et nous pouvons vous y aider.  <\/p>\n<p>Cette installation de s\u00e9curit\u00e9 doit continuer \u00e0 fonctionner en cas d&#8217;urgence, afin que les personnes puissent se mettre en s\u00e9curit\u00e9 ou que les pompiers disposent de suffisamment de temps pour \u00e9vacuer les personnes.<\/p>\n<\/div><\/div><\/div><div class=\"vcex-module vcex-teaser wpex-flex wpex-flex-col vc_custom_1774262724283 vcex_69dd1f48b7734\"><div class=\"vcex-teaser-content\"><h2 class=\"vcex-teaser-heading wpex-heading wpex-text-xl\">Exemples d&apos;installations de s\u00e9curit\u00e9<\/h2><div class=\"vcex-teaser-text wpex-mt-10 wpex-last-mb-0 wpex-clr\"><ul>\n<li>\u00c9clairage de s\u00e9curit\u00e9, \u00e9clairage d&#8217;\u00e9vacuation\u2026 ;<\/li>\n<li>Installations de d\u00e9tection, de signalisation et d&#8217;alerte incendie ;<\/li>\n<li>Installation d&#8217;\u00e9vacuation de fum\u00e9e et de chaleur (EFC) ;<\/li>\n<li>Installations de surpression et de d\u00e9pression (fum\u00e9e) ;<\/li>\n<li>Ascenseurs avec appel prioritaire ;<\/li>\n<li>Pompes d&#8217;incendie de surpression ;<\/li>\n<li>Installations de sprinklage ;<\/li>\n<li>Exutoires de fum\u00e9e et leur commande ;<\/li>\n<li>Alimentation des panneaux d&#8217;affichage pour la communication visuelle ;<\/li>\n<li>D\u00e9tection d&#8217;oxyg\u00e8ne.<\/li>\n<\/ul>\n<\/div><\/div><\/div><\/div>[\/vc_column][\/vc_row][vc_row column_spacing=&#8221;60&#8243;][vc_column width=&#8221;1\/2&#8243;]<style>.vcex-heading.vcex_69dd1f48b7f06{font-size:var(--wpex-text-2xl);font-weight:300;}@media (max-width:479px){.vcex-heading.vcex_69dd1f48b7f06{font-size:var(--wpex-text-3xl);}}<\/style><h2 class=\"vcex-heading vcex-heading-plain vcex-heading-w-badge vcex-module wpex-heading wpex-text-2xl wpex-h2 vcex_69dd1f48b7f06\"><span class=\"vcex-heading-inner wpex-inline-block\">Analyse de risques des installations de s\u00e9curit\u00e9 <span class=\"vcex-heading-badge wpex-badge\">De quoi s&#039;agit-il<\/span><\/span><\/h2><div class=\"vcex-spacing wpex-w-100 wpex-clear\"><\/div>[vc_column_text css=&#8221;&#8221; font_weight=&#8221;300&#8243;]Sur la base du <a href=\"https:\/\/www.relyonelectrical.be\/fr\/trainingen\/masterclass-rgie\/\">RGIE<\/a> (R\u00e8glement G\u00e9n\u00e9ral sur les Installations \u00c9lectriques), notre expert traite les \u00e9l\u00e9ments suivants :<\/p>\n<ul>\n<li>Liste des installations de s\u00e9curit\u00e9 + justification bas\u00e9e sur la norme, la l\u00e9gislation ou l&#8217;analyse de risques correspondante ;<\/li>\n<li>D\u00e9termination du temps de fonctionnement minimal (maintien de fonction) des r\u00e9cepteurs de s\u00e9curit\u00e9 ;<\/li>\n<li>D\u00e9termination de la r\u00e9sistance au feu des circuits de s\u00e9curit\u00e9 et des r\u00e9cepteurs de s\u00e9curit\u00e9 ;<\/li>\n<li>D\u00e9termination des caract\u00e9ristiques des sources de s\u00e9curit\u00e9 :\n<ul>\n<li>D\u00e9termination de la puissance et du nombre de sources de s\u00e9curit\u00e9 ;<\/li>\n<li>D\u00e9termination de l&#8217;emplacement des sources de s\u00e9curit\u00e9 ;<\/li>\n<li>D\u00e9termination du temps de commutation minimal en cas de coupure de tension ;<\/li>\n<li>D\u00e9termination du lieu de la mesure de tension ;<\/li>\n<li>D\u00e9termination de la n\u00e9cessit\u00e9 de signaler les pannes ;<\/li>\n<li>D\u00e9termination des moyens \u00e0 activer lors de l&#8217;enclenchement de l&#8217;alimentation de s\u00e9curit\u00e9 ;<\/li>\n<li>D\u00e9termination de la fr\u00e9quence des tests de commutation sous pleine charge ;<\/li>\n<li>D\u00e9termination de l&#8217;ordre d&#8217;enclenchement pour l&#8217;ensemble des sources de s\u00e9curit\u00e9.<\/li>\n<\/ul>\n<\/li>\n<\/ul>\n<p>La liste de l&#8217;installation de s\u00e9curit\u00e9 inclut les <strong>mesures<\/strong> \u00e0 prendre dans le cadre de l&#8217;analyse de risques.<\/p>\n<p>Ensuite, l&#8217;installation de s\u00e9curit\u00e9 doit \u00eatre indiqu\u00e9e sur les plans (sch\u00e9mas de position). Ceux-ci mentionnent \u00e9galement la r\u00e9sistance au feu des diff\u00e9rents compartimentages coupe-feu (valeur Rf).<\/p>\n<p>Ainsi, votre b\u00e2timent est parfaitement pr\u00eat pour une \u00e9ventuelle situation d&#8217;urgence et votre entreprise est en r\u00e8gle vis-\u00e0-vis de la loi.[\/vc_column_text][\/vc_column][vc_column width=&#8221;1\/2&#8243;]<style>.vcex-heading.vcex_69dd1f48b87a3{font-size:var(--wpex-text-2xl);font-weight:300;}@media (max-width:479px){.vcex-heading.vcex_69dd1f48b87a3{font-size:var(--wpex-text-3xl);}}<\/style><h2 class=\"vcex-heading vcex-heading-plain vcex-heading-w-badge vcex-module wpex-heading wpex-text-2xl wpex-h2 vcex_69dd1f48b87a3\"><span class=\"vcex-heading-inner wpex-inline-block\">Ce que vous pouvez attendre de RelyOn <span class=\"vcex-heading-badge wpex-badge\">Ce que nous faisons<\/span><\/span><\/h2><div class=\"vcex-spacing wpex-w-100 wpex-clear\"><\/div>[vc_column_text css=&#8221;&#8221; font_weight=&#8221;300&#8243;]\n<ul>\n<li>D\u00e9termination des installations de s\u00e9curit\u00e9 sur la base d&#8217;une norme, de la l\u00e9gislation ou d&#8217;une analyse de risques ;<\/li>\n<li>Analyse de risques des installations de s\u00e9curit\u00e9 selon le RGIE (voir aper\u00e7u ci-dessus) ;<\/li>\n<li>D\u00e9termination du local de s\u00e9curit\u00e9 ;<\/li>\n<li>Dimensionnement des alimentations de s\u00e9curit\u00e9 ;<\/li>\n<li>D\u00e9termination du type de circuits de s\u00e9curit\u00e9 \u00e0 utiliser ;<\/li>\n<li>D\u00e9termination de la redondance des r\u00e9cepteurs de s\u00e9curit\u00e9.<\/li>\n<\/ul>\n[\/vc_column_text]<div class=\"vcex-spacing wpex-w-100 wpex-clear\" style=\"height:50px;\"><\/div><style>.vcex-heading.vcex_69dd1f48b90ed{font-size:var(--wpex-text-2xl);font-weight:300;}@media (max-width:479px){.vcex-heading.vcex_69dd1f48b90ed{font-size:var(--wpex-text-3xl);}}<\/style><h2 class=\"vcex-heading vcex-heading-plain vcex-module wpex-heading wpex-text-2xl wpex-h2 vcex_69dd1f48b90ed\"><span class=\"vcex-heading-inner wpex-inline-block\">Nous soutenons les installateurs en mati\u00e8re de<\/span><\/h2><div class=\"vcex-spacing wpex-w-100 wpex-clear\"><\/div>[vc_column_text css=&#8221;&#8221; font_weight=&#8221;300&#8243;]\n<ul>\n<li>Directives pour la construction d&#8217;une installation de s\u00e9curit\u00e9 ;<\/li>\n<li>Directives pour la conception d&#8217;une alimentation de s\u00e9curit\u00e9 ;<\/li>\n<li>Directives pour la conception d&#8217;un tableau de s\u00e9curit\u00e9 ;<\/li>\n<li>Directives concernant les circuits de s\u00e9curit\u00e9 et de communication ;<\/li>\n<li>Directives concernant le trac\u00e9 de c\u00e2bles \u00e0 suivre ;<\/li>\n<li>Directives concernant les r\u00e9cepteurs de s\u00e9curit\u00e9.<\/li>\n<\/ul>\n[\/vc_column_text][\/vc_column][\/vc_row]\n<\/div>","protected":false},"excerpt":{"rendered":"<p>Gr\u00e2ce \u00e0 une analyse de risques de l&#8217;installation de s\u00e9curit\u00e9, vous prot\u00e9gez vos collaborateurs. Il s&#8217;agit d&#8217;un document obligatoire pour votre installation \u00e9lectrique. <\/p>\n","protected":false},"author":1,"featured_media":3739,"parent":3844,"menu_order":5,"comment_status":"closed","ping_status":"closed","template":"","meta":{"_acf_changed":false,"footnotes":""},"class_list":["post-3738","page","type-page","status-publish","has-post-thumbnail","hentry","entry","has-media"],"acf":[],"_links":{"self":[{"href":"https:\/\/www.relyonelectrical.be\/fr\/wp-json\/wp\/v2\/pages\/3738","targetHints":{"allow":["GET"]}}],"collection":[{"href":"https:\/\/www.relyonelectrical.be\/fr\/wp-json\/wp\/v2\/pages"}],"about":[{"href":"https:\/\/www.relyonelectrical.be\/fr\/wp-json\/wp\/v2\/types\/page"}],"author":[{"embeddable":true,"href":"https:\/\/www.relyonelectrical.be\/fr\/wp-json\/wp\/v2\/users\/1"}],"replies":[{"embeddable":true,"href":"https:\/\/www.relyonelectrical.be\/fr\/wp-json\/wp\/v2\/comments?post=3738"}],"version-history":[{"count":5,"href":"https:\/\/www.relyonelectrical.be\/fr\/wp-json\/wp\/v2\/pages\/3738\/revisions"}],"predecessor-version":[{"id":4128,"href":"https:\/\/www.relyonelectrical.be\/fr\/wp-json\/wp\/v2\/pages\/3738\/revisions\/4128"}],"up":[{"embeddable":true,"href":"https:\/\/www.relyonelectrical.be\/fr\/wp-json\/wp\/v2\/pages\/3844"}],"wp:featuredmedia":[{"embeddable":true,"href":"https:\/\/www.relyonelectrical.be\/fr\/wp-json\/wp\/v2\/media\/3739"}],"wp:attachment":[{"href":"https:\/\/www.relyonelectrical.be\/fr\/wp-json\/wp\/v2\/media?parent=3738"}],"curies":[{"name":"wp","href":"https:\/\/api.w.org\/{rel}","templated":true}]}}