{"id":3775,"date":"2025-12-09T10:23:55","date_gmt":"2025-12-09T09:23:55","guid":{"rendered":"https:\/\/www.relyonelectrical.be\/analyse-de-risques-de-leclairage-de-securite\/"},"modified":"2026-04-08T13:46:56","modified_gmt":"2026-04-08T11:46:56","slug":"analyse-de-risques-de-leclairage-de-securite","status":"publish","type":"page","link":"https:\/\/www.relyonelectrical.be\/fr\/analyses-de-risques\/analyse-de-risques-de-leclairage-de-securite\/","title":{"rendered":"Analyse de risques de l\u2019\u00e9clairage de s\u00e9curit\u00e9"},"content":{"rendered":"<div class=\"wpb-content-wrapper\">[vc_row full_width=&#8221;stretch_row&#8221; remove_bottom_col_margin=&#8221;true&#8221; columns_right=&#8221;yes&#8221; offset_overlay_header=&#8221;yes&#8221; css=&#8221;.vc_custom_1765193168712{background-position: 0 0 !important;background-repeat: no-repeat !important;}&#8221;][vc_column width=&#8221;2\/5&#8243;]<figure class=\"vcex-image vcex-module intro-image\"><div class=\"vcex-image-inner wpex-relative wpex-inline-block\"><img width=\"2560\" height=\"1707\" src=\"https:\/\/www.relyonelectrical.be\/wp-content\/uploads\/2025\/12\/shutterstock_1539378212-scaled.jpg\" class=\"vcex-image-img wpex-align-middle wpex-aspect-1-1 wpex-object-cover\" alt=\"\" loading=\"lazy\" decoding=\"async\" srcset=\"https:\/\/www.relyonelectrical.be\/wp-content\/uploads\/2025\/12\/shutterstock_1539378212-scaled.jpg 2560w, https:\/\/www.relyonelectrical.be\/wp-content\/uploads\/2025\/12\/shutterstock_1539378212-scaled-300x200.jpg 300w, https:\/\/www.relyonelectrical.be\/wp-content\/uploads\/2025\/12\/shutterstock_1539378212-scaled-1024x683.jpg 1024w, https:\/\/www.relyonelectrical.be\/wp-content\/uploads\/2025\/12\/shutterstock_1539378212-scaled-768x512.jpg 768w, https:\/\/www.relyonelectrical.be\/wp-content\/uploads\/2025\/12\/shutterstock_1539378212-scaled-1536x1024.jpg 1536w, https:\/\/www.relyonelectrical.be\/wp-content\/uploads\/2025\/12\/shutterstock_1539378212-scaled-2048x1366.jpg 2048w\" sizes=\"auto, (max-width: 2560px) 100vw, 2560px\" \/><\/div><\/figure>[\/vc_column][vc_column width=&#8221;3\/5&#8243;]<style>.vcex-heading.vcex_69dd1f3b9c4f5{width:500px;font-size:var(--wpex-text-3xl);}@media (max-width:479px){.vcex-heading.vcex_69dd1f3b9c4f5{font-size:var(--wpex-text-5xl);}}<\/style><h1 class=\"vcex-heading vcex-heading-plain vcex-heading-w-badge vcex-module wpex-heading wpex-text-2xl wpex-h1 wpex-max-w-100 wpex-mr-auto vcex_69dd1f3b9c4f5\"><span class=\"vcex-heading-inner wpex-inline-block\">Analyse de risques de l\u2019\u00e9clairage de s\u00e9curit\u00e9 <span class=\"vcex-heading-badge wpex-badge\">Pour une \u00e9vacuation s\u00fbre en cas d\u2019incendie ou de coupure de courant<\/span><\/span><\/h1><div class=\"vcex-spacing wpex-w-100 wpex-clear\"><\/div><style>.vcex-heading.vcex_69dd1f3b9ce96{width:500px;font-size:var(--wpex-text-2xl);font-weight:300;}@media (max-width:479px){.vcex-heading.vcex_69dd1f3b9ce96{font-size:var(--wpex-text-3xl);}}<\/style><h2 class=\"vcex-heading vcex-heading-plain vcex-module wpex-heading wpex-text-2xl wpex-h2 wpex-max-w-100 wpex-mr-auto vcex_69dd1f3b9ce96\"><span class=\"vcex-heading-inner wpex-inline-block\">Car un \u00e9clairage de s\u00e9curit\u00e9 performant peut sauver des vies.<\/span><\/h2><div class=\"vcex-spacing wpex-w-100 wpex-clear\"><\/div>[vc_column_text css=&#8221;&#8221; font_size=&#8221;d:lg|pp:xl&#8221; line_height=&#8221;1.5em&#8221;]Si votre b\u00e2timent dispose, au moment d\u2019un incendie ou d\u2019une panne de courant, d\u2019une installation d\u2019\u00e9clairage de s\u00e9curit\u00e9 correctement con\u00e7ue et fonctionnelle, celle-ci constitue le moyen par excellence pour guider les collaborateurs, clients et visiteurs vers l\u2019ext\u00e9rieur en toute s\u00e9curit\u00e9 et par le chemin le plus court. Vous \u00e9vacuez ainsi votre lieu de travail ou b\u00e2timent de la mani\u00e8re la plus fluide possible, en minimisant les risques de blessures. Gr\u00e2ce \u00e0 l\u2019\u00e9clairage de s\u00e9curit\u00e9, les collaborateurs peuvent \u00e9galement localiser les extincteurs, ce qui permet d\u2019\u00e9viter la panique parmi le personnel pr\u00e9sent.[\/vc_column_text]<div class=\"vcex-spacing wpex-w-100 wpex-clear\"><\/div><style>.vcex-teaser.vcex_69dd1f3b9e36a .vcex-teaser-heading{font-size:var(--wpex-text-lg);font-weight:700;}.vcex-teaser.vcex_69dd1f3b9eb5a .vcex-teaser-heading{font-size:var(--wpex-text-lg);font-weight:700;}<\/style><div class=\"vcex-flex-container vcex-module wpex-flex wpex-gap-20 wpex-flex-col relyon-boxes no-marge vcex-flex-container_69dd1f3b9d72b\"><div class=\"vcex-module vcex-teaser wpex-flex wpex-flex-col vcex_69dd1f3b9e36a\"><div class=\"vcex-teaser-content\"><h3 class=\"vcex-teaser-heading wpex-heading wpex-text-xl\">Pas seulement en cas d\u2019incendie<\/h3><div class=\"vcex-teaser-text wpex-mt-10 wpex-last-mb-0 wpex-clr\"><p>Soudainement, m\u00eame sans incendie, le courant peut \u00eatre coup\u00e9 suite \u00e0 une d\u00e9faillance \u00e9lectrique. Un bon \u00e9clairage de s\u00e9curit\u00e9 garantit alors qu\u2019il ne fasse pas brusquement nuit noire. Chacun peut continuer \u00e0 s\u2019orienter, terminer ses activit\u00e9s en toute s\u00e9curit\u00e9 et se diriger vers la sortie de mani\u00e8re s\u00fbre.<\/p>\n<\/div><\/div><\/div><div class=\"vcex-module vcex-teaser wpex-flex wpex-flex-col vcex_69dd1f3b9eb5a\"><div class=\"vcex-teaser-content\"><h3 class=\"vcex-teaser-heading wpex-heading wpex-text-xl\">Postes de travail \u00e0 risques accrus<\/h3><div class=\"vcex-teaser-text wpex-mt-10 wpex-last-mb-0 wpex-clr\"><p><span style=\"font-weight: 400\">Pour les postes de travail pr\u00e9sentant des risques accrus, par exemple les ateliers o\u00f9 l\u2019on intervient sur des tableaux \u00e9lectriques, les zones comportant des pi\u00e8ces en rotation, les bains d\u2019acide ou des mat\u00e9riaux chauds ou inflammables, l\u2019\u00e9clairage de s\u00e9curit\u00e9 fournit une lumi\u00e8re suffisante pour interrompre ces processus de mani\u00e8re contr\u00f4l\u00e9e et trouver le chemin vers la sortie en toute s\u00e9curit\u00e9.<\/span><\/p>\n<\/div><\/div><\/div><\/div><div class=\"vcex-spacing wpex-w-100 wpex-clear\"><\/div><style>.vcex-button.vcex_69dd1f3b9fc80:hover{background:var(--wpex-palette-15-color)!important;color:var(--wpex-palette-18-color)!important;}.vcex-button.vcex_69dd1f3b9fc80{font-size:var(--wpex-text-base);}@media (max-width:479px){.vcex-button.vcex_69dd1f3b9fc80{font-size:var(--wpex-text-lg);}}<\/style><style>@media (max-width:479px){.vcex_69dd1f3ba33a1{font-size:var(--wpex-text-lg)!important;}}<\/style><a href=\"https:\/\/www.relyonelectrical.be\/fr\/contact\/\" class=\"vcex-button theme-button inline vcex_69dd1f3ba33a1 vcex_69dd1f3b9fc80\"><span class=\"vcex-button-inner theme-button-inner wpex-flex wpex-flex-wrap wpex-items-center wpex-justify-center\">Demandez votre analyse de risques<\/span><\/a> [\/vc_column][\/vc_row][vc_row remove_bottom_col_margin=&#8221;true&#8221;][vc_column]<div class=\"wpex-post-cards wpex-post-cards-template_51 wpex-relative\"><div class=\"wpex-post-cards-inner\"><\/div><\/div>[\/vc_column][\/vc_row][vc_row full_width=&#8221;stretch_row&#8221; remove_bottom_col_margin=&#8221;true&#8221; typography_style=&#8221;white&#8221; wpex_bg_overlay=&#8221;color&#8221; wpex_bg_overlay_color=&#8221;palette-26&#8243; wpex_bg_overlay_opacity=&#8221;90%&#8221; css=&#8221;.vc_custom_1774262368152{background-image: url(https:\/\/www.relyonelectrical.be\/wp-content\/uploads\/2025\/12\/shutterstock_1539378212-scaled.jpg?id=553) !important;}&#8221;][vc_column]<div class=\"vcex-spacing wpex-w-100 wpex-clear show-at-mm-breakpoint\" style=\"height:30px;\"><\/div><style>.vcex-heading.vcex_69dd1f3ba5d16{font-size:var(--wpex-text-2xl);font-weight:300;}@media (max-width:479px){.vcex-heading.vcex_69dd1f3ba5d16{font-size:var(--wpex-text-3xl);}}<\/style><h2 class=\"vcex-heading vcex-heading-plain vcex-heading-w-badge vcex-module wpex-heading wpex-text-2xl wpex-h2 vcex_69dd1f3ba5d16\"><span class=\"vcex-heading-inner wpex-inline-block\">\u00c9clairage de s\u00e9curit\u00e9 local dans les b\u00e2timents ne devant pas \u00eatre \u00e9vacu\u00e9s <span class=\"vcex-heading-badge wpex-badge\">Analyse de risques de l\u2019\u00e9clairage de s\u00e9curit\u00e9<\/span><\/span><\/h2><div class=\"vcex-spacing wpex-w-100 wpex-clear\"><\/div>[vc_column_text align=&#8221;left&#8221; css=&#8221;&#8221; width=&#8221;800px&#8221; font_weight=&#8221;300&#8243;]En d\u00e9cembre 2024, une nouvelle norme relative \u00e0 l\u2019\u00e9clairage de s\u00e9curit\u00e9 est entr\u00e9e en vigueur (EN 1838). Elle d\u00e9finit toutes les exigences photom\u00e9triques pour les syst\u00e8mes d\u2019\u00e9clairage de s\u00e9curit\u00e9, telles que l\u2019intensit\u00e9 lumineuse et d\u2019autres param\u00e8tres similaires. <\/p>\n<p>L\u2019une des nouveaut\u00e9s de la norme EN 1838 concerne l\u2019\u00e9clairage de s\u00e9curit\u00e9 dans les b\u00e2timents o\u00f9 il est, dans certains cas, plus s\u00fbr de NE PAS \u00e9vacuer, comme les h\u00f4pitaux ou les centres de soins r\u00e9sidentiels.<\/p>\n<p>Dans ces b\u00e2timents, l\u2019installation d\u2019un \u00e9clairage de s\u00e9curit\u00e9 local est d\u00e9sormais obligatoire, afin que les soins puissent \u00eatre pleinement poursuivis m\u00eame en cas de coupure d\u2019\u00e9lectricit\u00e9.<\/p>\n<p>Quel \u00e9clairage de s\u00e9curit\u00e9 faut-il alors pr\u00e9voir, quelle doit \u00eatre l\u2019intensit\u00e9 de cet \u00e9clairage et quelle autonomie les blocs de secours doivent-ils avoir ? Cela est d\u00e9termin\u00e9 sur la base d\u2019une analyse de risques de l\u2019\u00e9clairage de s\u00e9curit\u00e9.[\/vc_column_text]<style>.vcex-flex-container_69dd1f3ba634a{gap:20px;}.vcex-flex-container_69dd1f3ba634a > * {flex-basis:calc(33% - 20px);flex-grow:0;flex-shrink:1;}.vcex-teaser.vcex_69dd1f3ba6908 .vcex-teaser-heading{font-size:var(--wpex-text-lg);font-weight:700;}.vcex-teaser.vcex_69dd1f3ba6908 .vcex-teaser-text{font-weight:300;}.vcex-teaser.vcex_69dd1f3ba7109 .vcex-teaser-heading{font-size:var(--wpex-text-lg);font-weight:700;}.vcex-teaser.vcex_69dd1f3ba7109 .vcex-teaser-text{font-weight:300;}.vcex-teaser.vcex_69dd1f3ba789b .vcex-teaser-heading{font-size:var(--wpex-text-lg);font-weight:700;}.vcex-teaser.vcex_69dd1f3ba789b .vcex-teaser-text{font-weight:300;}<\/style><div class=\"vcex-flex-container vcex-module wpex-flex wpex-gap-20 wpex-flex-wrap vcex-flex-container--items_grow wpex-py-50 vcex-flex-container_69dd1f3ba634a\"><div class=\"vcex-module vcex-teaser wpex-flex wpex-flex-col vcex_69dd1f3ba6908\"><div class=\"vcex-teaser-content\"><h3 class=\"vcex-teaser-heading wpex-heading wpex-text-xl\">Renforcez la s\u00e9curit\u00e9 de votre personnel<\/h3><div class=\"vcex-teaser-text wpex-mt-10 wpex-last-mb-0 wpex-clr\"><p>Une analyse de risques de l\u2019\u00e9clairage de s\u00e9curit\u00e9 pour l\u2019\u00e9clairage local renforce la s\u00e9curit\u00e9 des r\u00e9sidents, des patients et du personnel dans les b\u00e2timents d\u00e9di\u00e9s aux soins o\u00f9 il est parfois plus s\u00fbr \u2014 par exemple lorsqu\u2019il n\u2019y a pas de danger d\u2019incendie direct \u2014 de ne pas \u00e9vacuer.<\/p>\n<\/div><\/div><\/div><div class=\"vcex-module vcex-teaser wpex-flex wpex-flex-col vcex_69dd1f3ba7109\"><div class=\"vcex-teaser-content\"><h3 class=\"vcex-teaser-heading wpex-heading wpex-text-xl\">Analyse de risques sur mesure<\/h3><div class=\"vcex-teaser-text wpex-mt-10 wpex-last-mb-0 wpex-clr\"><p>Pour une AR \u00c9clairage de s\u00e9curit\u00e9 \u00e9galement, nous travaillons sur mesure. Chaque b\u00e2timent a des besoins uniques et une utilisation sp\u00e9cifique. Aucune situation n\u2019est trop complexe pour y trouver une solution.<\/p>\n<\/div><\/div><\/div><div class=\"vcex-module vcex-teaser wpex-flex wpex-flex-col vcex_69dd1f3ba789b\"><div class=\"vcex-teaser-content\"><h3 class=\"vcex-teaser-heading wpex-heading wpex-text-xl\">Anticipez d\u00e8s maintenant<\/h3><div class=\"vcex-teaser-text wpex-mt-10 wpex-last-mb-0 wpex-clr\"><p>En installant d\u00e8s maintenant l\u2019\u00e9clairage ad\u00e9quat, vous \u00e9vitez des erreurs co\u00fbteuses et des situations dangereuses.<\/p>\n<\/div><\/div><\/div><\/div>[\/vc_column][\/vc_row]\n<\/div>","protected":false},"excerpt":{"rendered":"<p>L\u2019analyse de risques de l\u2019\u00e9clairage de s\u00e9curit\u00e9 permet de d\u00e9terminer pr\u00e9cis\u00e9ment les endroits du b\u00e2timent o\u00f9 un \u00e9clairage de s\u00e9curit\u00e9 doit \u00eatre pr\u00e9vu.<\/p>\n","protected":false},"author":1,"featured_media":3776,"parent":3844,"menu_order":3,"comment_status":"closed","ping_status":"closed","template":"","meta":{"_acf_changed":false,"footnotes":""},"class_list":["post-3775","page","type-page","status-publish","has-post-thumbnail","hentry","entry","has-media"],"acf":[],"_links":{"self":[{"href":"https:\/\/www.relyonelectrical.be\/fr\/wp-json\/wp\/v2\/pages\/3775","targetHints":{"allow":["GET"]}}],"collection":[{"href":"https:\/\/www.relyonelectrical.be\/fr\/wp-json\/wp\/v2\/pages"}],"about":[{"href":"https:\/\/www.relyonelectrical.be\/fr\/wp-json\/wp\/v2\/types\/page"}],"author":[{"embeddable":true,"href":"https:\/\/www.relyonelectrical.be\/fr\/wp-json\/wp\/v2\/users\/1"}],"replies":[{"embeddable":true,"href":"https:\/\/www.relyonelectrical.be\/fr\/wp-json\/wp\/v2\/comments?post=3775"}],"version-history":[{"count":1,"href":"https:\/\/www.relyonelectrical.be\/fr\/wp-json\/wp\/v2\/pages\/3775\/revisions"}],"predecessor-version":[{"id":3779,"href":"https:\/\/www.relyonelectrical.be\/fr\/wp-json\/wp\/v2\/pages\/3775\/revisions\/3779"}],"up":[{"embeddable":true,"href":"https:\/\/www.relyonelectrical.be\/fr\/wp-json\/wp\/v2\/pages\/3844"}],"wp:featuredmedia":[{"embeddable":true,"href":"https:\/\/www.relyonelectrical.be\/fr\/wp-json\/wp\/v2\/media\/3776"}],"wp:attachment":[{"href":"https:\/\/www.relyonelectrical.be\/fr\/wp-json\/wp\/v2\/media?parent=3775"}],"curies":[{"name":"wp","href":"https:\/\/api.w.org\/{rel}","templated":true}]}}