{"id":3812,"date":"2025-12-14T10:33:38","date_gmt":"2025-12-14T09:33:38","guid":{"rendered":"https:\/\/www.relyonelectrical.be\/analyse-de-risques-installation-critique\/"},"modified":"2026-04-08T13:46:57","modified_gmt":"2026-04-08T11:46:57","slug":"analyse-de-risques-installation-critique","status":"publish","type":"page","link":"https:\/\/www.relyonelectrical.be\/fr\/analyses-de-risques\/analyse-de-risques-installation-critique\/","title":{"rendered":"Analyse de risques installation critique"},"content":{"rendered":"<div class=\"wpb-content-wrapper\">[vc_row full_width=&#8221;stretch_row&#8221; remove_bottom_col_margin=&#8221;true&#8221; columns_right=&#8221;yes&#8221; offset_overlay_header=&#8221;yes&#8221; css=&#8221;.vc_custom_1765193168712{background-position: 0 0 !important;background-repeat: no-repeat !important;}&#8221;][vc_column width=&#8221;2\/5&#8243;]<figure class=\"vcex-image vcex-module intro-image\"><div class=\"vcex-image-inner wpex-relative wpex-inline-block\"><img width=\"2560\" height=\"1493\" src=\"https:\/\/www.relyonelectrical.be\/wp-content\/uploads\/2025\/12\/Kritische-installatie-serverruimte-scaled.jpg\" class=\"vcex-image-img wpex-align-middle wpex-aspect-1-1 wpex-object-cover\" alt=\"\" loading=\"lazy\" decoding=\"async\" srcset=\"https:\/\/www.relyonelectrical.be\/wp-content\/uploads\/2025\/12\/Kritische-installatie-serverruimte-scaled.jpg 2560w, https:\/\/www.relyonelectrical.be\/wp-content\/uploads\/2025\/12\/Kritische-installatie-serverruimte-scaled-300x175.jpg 300w, https:\/\/www.relyonelectrical.be\/wp-content\/uploads\/2025\/12\/Kritische-installatie-serverruimte-scaled-1024x597.jpg 1024w, https:\/\/www.relyonelectrical.be\/wp-content\/uploads\/2025\/12\/Kritische-installatie-serverruimte-scaled-768x448.jpg 768w, https:\/\/www.relyonelectrical.be\/wp-content\/uploads\/2025\/12\/Kritische-installatie-serverruimte-scaled-1536x896.jpg 1536w, https:\/\/www.relyonelectrical.be\/wp-content\/uploads\/2025\/12\/Kritische-installatie-serverruimte-scaled-2048x1194.jpg 2048w\" sizes=\"auto, (max-width: 2560px) 100vw, 2560px\" \/><\/div><\/figure>[\/vc_column][vc_column width=&#8221;3\/5&#8243;]<style>.vcex-heading.vcex_69dd1f61d3195{width:500px;font-size:var(--wpex-text-3xl);}@media (max-width:479px){.vcex-heading.vcex_69dd1f61d3195{font-size:var(--wpex-text-5xl);}}<\/style><h1 class=\"vcex-heading vcex-heading-plain vcex-heading-w-badge vcex-module wpex-heading wpex-text-2xl wpex-h1 wpex-max-w-100 wpex-mr-auto vcex_69dd1f61d3195\"><span class=\"vcex-heading-inner wpex-inline-block\">Analyse de risques des installations critiques <span class=\"vcex-heading-badge wpex-badge\">Prot\u00e9gez vos machines et vos biens<\/span><\/span><\/h1><div class=\"vcex-spacing wpex-w-100 wpex-clear\"><\/div>[vc_column_text css=&#8221;&#8221; font_size=&#8221;d:lg|pp:xl&#8221; line_height=&#8221;1.5em&#8221;]Saviez-vous que depuis le 1er juin 2020, toute entreprise disposant d\u2019une installation \u00e9lectrique est tenue de poss\u00e9der \u00e9galement une analyse de risques des installations critiques ? C\u2019est ce que stipule le RGIE (R\u00e8glement G\u00e9n\u00e9ral sur les Installations \u00c9lectriques). <\/p>\n<p>Ne vous inqui\u00e9tez pas. Tout comme pour les analyses de risques des installations \u00e9lectriques, nos experts prennent en charge cette analyse de risques des installations critiques. Ils suivent scrupuleusement les derni\u00e8res prescriptions telles qu\u2019elles figurent dans la version la plus r\u00e9cente du RGIE. Il est d\u2019une importance capitale que vos b\u00e2timents ainsi que les biens ou les machines qui s\u2019y trouvent subissent le moins de dommages possible en situation d\u2019urgence.[\/vc_column_text]<div class=\"vcex-spacing wpex-w-100 wpex-clear\"><\/div><style>.vcex-button.vcex_69dd1f61d3d12:hover{background:var(--wpex-palette-15-color)!important;color:var(--wpex-palette-18-color)!important;}.vcex-button.vcex_69dd1f61d3d12{font-size:var(--wpex-text-base);}@media (max-width:479px){.vcex-button.vcex_69dd1f61d3d12{font-size:var(--wpex-text-lg);}}<\/style><style>@media (max-width:479px){.vcex_69dd1f61d52db{font-size:var(--wpex-text-lg)!important;}}<\/style><a href=\"https:\/\/www.relyonelectrical.be\/fr\/contact\/\" class=\"vcex-button theme-button inline vcex_69dd1f61d52db vcex_69dd1f61d3d12\"><span class=\"vcex-button-inner theme-button-inner wpex-flex wpex-flex-wrap wpex-items-center wpex-justify-center\">Demander une analyse de risques des installations critiques<\/span><\/a> [\/vc_column][\/vc_row][vc_row full_width=&#8221;stretch_row&#8221; remove_bottom_col_margin=&#8221;true&#8221; typography_style=&#8221;white&#8221; wpex_bg_overlay=&#8221;color&#8221; wpex_bg_overlay_color=&#8221;palette-15&#8243; wpex_bg_overlay_opacity=&#8221;90%&#8221; css=&#8221;.vc_custom_1773773115324{background-image: url(https:\/\/www.relyonelectrical.be\/wp-content\/uploads\/2025\/12\/Kritische-installaties-kippenstal-scaled.jpg?id=541) !important;}&#8221;][vc_column]<div class=\"vcex-spacing wpex-w-100 wpex-clear show-at-mm-breakpoint\"><\/div><style>.vcex-heading.vcex_69dd1f61d59b8{font-size:var(--wpex-text-2xl);font-weight:300;}@media (max-width:479px){.vcex-heading.vcex_69dd1f61d59b8{font-size:var(--wpex-text-3xl);}}<\/style><h2 class=\"vcex-heading vcex-heading-plain vcex-heading-w-badge vcex-module wpex-heading wpex-text-2xl wpex-h2 vcex_69dd1f61d59b8\"><span class=\"vcex-heading-inner wpex-inline-block\">Qu\u2019est-ce qu\u2019une installation critique ? <span class=\"vcex-heading-badge wpex-badge\">Analyse de risques<\/span><\/span><\/h2><div class=\"vcex-spacing wpex-w-100 wpex-clear\"><\/div>[vc_column_text align=&#8221;left&#8221; css=&#8221;&#8221; font_weight=&#8221;300&#8243; width=&#8221;800&#8243;]Une installation critique a pour but de <strong>pr\u00e9venir les dommages \u00e9conomiques en situation d\u2019urgence<\/strong>. Pensez par exemple \u00e0 la panne d\u2019un serveur, d\u2019une cellule de cong\u00e9lation, de la ventilation dans une porcherie ou un poulailler, etc. <\/p>\n<p>En cas d\u2019incendie, de coupure de courant ou de toute autre situation d\u2019urgence, <strong>l\u2019installation critique veille \u00e0 ce que<\/strong> vos machines continuent de fonctionner afin de limiter au maximum les dommages \u00e9conomiques potentiels.<\/p>\n<p>Une installation critique se compose par d\u00e9finition d\u2019une <strong>source de remplacement, de circuits critiques et de r\u00e9cepteurs critiques<\/strong>. En tant qu\u2019exploitant ou utilisateur d\u2019un b\u00e2timent, vous d\u00e9terminez l\u2019installation critique \u00e0 mettre en place <strong>sur la base d\u2019une analyse de risques<\/strong>. Une installation critique ne peut jamais \u00eatre d\u00e9termin\u00e9e par une norme ou une exigence l\u00e9gale.[\/vc_column_text]<div class=\"vcex-spacing wpex-w-100 wpex-clear\" style=\"height:50px;\"><\/div><style>.vcex-heading.vcex_69dd1f61d62fb{font-size:var(--wpex-text-2xl);font-weight:300;}@media (max-width:479px){.vcex-heading.vcex_69dd1f61d62fb{font-size:var(--wpex-text-3xl);}}<\/style><h2 class=\"vcex-heading vcex-heading-plain vcex-heading-w-badge vcex-module wpex-heading wpex-text-2xl wpex-h2 vcex_69dd1f61d62fb\"><span class=\"vcex-heading-inner wpex-inline-block\">Analyse de risques des installations critiques <span class=\"vcex-heading-badge wpex-badge\">Analyse de risques<\/span><\/span><\/h2><div class=\"vcex-spacing wpex-w-100 wpex-clear\" style=\"height:30px;\"><\/div><style>.vcex-teaser.vcex_69dd1f61d7549 .vcex-teaser-heading{font-size:var(--wpex-text-lg);font-weight:700;}.vcex-teaser.vcex_69dd1f61d7549 .vcex-teaser-text{font-weight:300;}.vcex-teaser.vcex_69dd1f61d7cf9 .vcex-teaser-heading{font-size:var(--wpex-text-lg);font-weight:700;}.vcex-teaser.vcex_69dd1f61d7cf9 .vcex-teaser-text{font-weight:300;}<\/style><div class=\"vcex-flex-container vcex-module wpex-flex wpex-gap-20 relyon-boxes no-marge vcex-flex-container_69dd1f61d69f4\"><div class=\"vcex-module vcex-teaser wpex-flex wpex-flex-col vcex_69dd1f61d7549\"><div class=\"vcex-teaser-content\"><h3 class=\"vcex-teaser-heading wpex-heading wpex-text-xl\">Ce que vous pouvez attendre de RelyOn<\/h3><div class=\"vcex-teaser-text wpex-mt-10 wpex-last-mb-0 wpex-clr\"><ul>\n<li>D\u00e9termination des installations critiques sur la base d\u2019une norme, de la l\u00e9gislation ou d\u2019une analyse de risques<\/li>\n<li>Analyse de risques des installations critiques selon le RGIE<\/li>\n<li>D\u00e9termination du local de s\u00e9curit\u00e9<\/li>\n<li>Dimensionnement des alimentations de s\u00e9curit\u00e9<\/li>\n<li>D\u00e9termination du type de circuits de s\u00e9curit\u00e9 \u00e0 utiliser<\/li>\n<li>D\u00e9termination de la redondance des r\u00e9cepteurs de s\u00e9curit\u00e9<\/li>\n<\/ul>\n<\/div><\/div><\/div><div class=\"vcex-module vcex-teaser wpex-flex wpex-flex-col vcex_69dd1f61d7cf9\"><div class=\"vcex-teaser-content\"><h3 class=\"vcex-teaser-heading wpex-heading wpex-text-xl\">En tant qu\u2019installateur, vous pouvez compter sur un soutien en mati\u00e8re de<\/h3><div class=\"vcex-teaser-text wpex-mt-10 wpex-last-mb-0 wpex-clr\"><ul>\n<li>Directives pour la conception d\u2019une alimentation pour l\u2019installation critique<\/li>\n<li>Directives pour la conception d\u2019un tableau de s\u00e9curit\u00e9<\/li>\n<li>Directives concernant les circuits de s\u00e9curit\u00e9 et de communication<\/li>\n<li>Directives concernant le trac\u00e9 des c\u00e2bles \u00e0 suivre<\/li>\n<li>Directives concernant les r\u00e9cepteurs pour l\u2019installation critique<\/li>\n<\/ul>\n<\/div><\/div><\/div><\/div><div class=\"vcex-spacing wpex-w-100 wpex-clear\"><\/div>[\/vc_column][\/vc_row]\n<\/div>","protected":false},"excerpt":{"rendered":"<p>Une analyse de risques d\u2019installation critique est obligatoire. Gr\u00e2ce \u00e0 cette analyse de risques, vous \u00e9vitez les dommages \u00e9conomiques en cas d\u2019incendie ou de coupure de courant. <\/p>\n","protected":false},"author":1,"featured_media":3813,"parent":3844,"menu_order":4,"comment_status":"closed","ping_status":"closed","template":"","meta":{"_acf_changed":false,"footnotes":""},"class_list":["post-3812","page","type-page","status-publish","has-post-thumbnail","hentry","entry","has-media"],"acf":[],"_links":{"self":[{"href":"https:\/\/www.relyonelectrical.be\/fr\/wp-json\/wp\/v2\/pages\/3812","targetHints":{"allow":["GET"]}}],"collection":[{"href":"https:\/\/www.relyonelectrical.be\/fr\/wp-json\/wp\/v2\/pages"}],"about":[{"href":"https:\/\/www.relyonelectrical.be\/fr\/wp-json\/wp\/v2\/types\/page"}],"author":[{"embeddable":true,"href":"https:\/\/www.relyonelectrical.be\/fr\/wp-json\/wp\/v2\/users\/1"}],"replies":[{"embeddable":true,"href":"https:\/\/www.relyonelectrical.be\/fr\/wp-json\/wp\/v2\/comments?post=3812"}],"version-history":[{"count":4,"href":"https:\/\/www.relyonelectrical.be\/fr\/wp-json\/wp\/v2\/pages\/3812\/revisions"}],"predecessor-version":[{"id":3817,"href":"https:\/\/www.relyonelectrical.be\/fr\/wp-json\/wp\/v2\/pages\/3812\/revisions\/3817"}],"up":[{"embeddable":true,"href":"https:\/\/www.relyonelectrical.be\/fr\/wp-json\/wp\/v2\/pages\/3844"}],"wp:featuredmedia":[{"embeddable":true,"href":"https:\/\/www.relyonelectrical.be\/fr\/wp-json\/wp\/v2\/media\/3813"}],"wp:attachment":[{"href":"https:\/\/www.relyonelectrical.be\/fr\/wp-json\/wp\/v2\/media?parent=3812"}],"curies":[{"name":"wp","href":"https:\/\/api.w.org\/{rel}","templated":true}]}}