{"id":3858,"date":"2025-12-07T18:14:07","date_gmt":"2025-12-07T17:14:07","guid":{"rendered":"https:\/\/www.relyonelectrical.be\/analyses-de-risques\/analyse-de-risques-des-installations-electriques\/"},"modified":"2026-04-08T13:47:21","modified_gmt":"2026-04-08T11:47:21","slug":"analyse-de-risques-des-installations-electriques","status":"publish","type":"page","link":"https:\/\/www.relyonelectrical.be\/fr\/analyses-de-risques\/analyse-de-risques-des-installations-electriques\/","title":{"rendered":"Analyse de risques des installations \u00e9lectriques"},"content":{"rendered":"<div class=\"wpb-content-wrapper\">[vc_row full_width=&#8221;stretch_row&#8221; remove_bottom_col_margin=&#8221;true&#8221; columns_right=&#8221;yes&#8221; offset_overlay_header=&#8221;yes&#8221; css=&#8221;.vc_custom_1765193168712{background-position: 0 0 !important;background-repeat: no-repeat !important;}&#8221;][vc_column width=&#8221;2\/5&#8243;]<figure class=\"vcex-image vcex-module intro-image\"><div class=\"vcex-image-inner wpex-relative wpex-inline-block\"><img width=\"2560\" height=\"1707\" src=\"https:\/\/www.relyonelectrical.be\/wp-content\/uploads\/2026\/03\/2026-01-23RelyOn-32-scaled.jpg\" class=\"vcex-image-img wpex-align-middle wpex-aspect-1-1 wpex-object-cover\" alt=\"\" loading=\"lazy\" decoding=\"async\" srcset=\"https:\/\/www.relyonelectrical.be\/wp-content\/uploads\/2026\/03\/2026-01-23RelyOn-32-scaled.jpg 2560w, https:\/\/www.relyonelectrical.be\/wp-content\/uploads\/2026\/03\/2026-01-23RelyOn-32-300x200.jpg 300w, https:\/\/www.relyonelectrical.be\/wp-content\/uploads\/2026\/03\/2026-01-23RelyOn-32-1024x683.jpg 1024w, https:\/\/www.relyonelectrical.be\/wp-content\/uploads\/2026\/03\/2026-01-23RelyOn-32-768x512.jpg 768w, https:\/\/www.relyonelectrical.be\/wp-content\/uploads\/2026\/03\/2026-01-23RelyOn-32-1536x1024.jpg 1536w, https:\/\/www.relyonelectrical.be\/wp-content\/uploads\/2026\/03\/2026-01-23RelyOn-32-2048x1365.jpg 2048w\" sizes=\"auto, (max-width: 2560px) 100vw, 2560px\" \/><\/div><\/figure>[\/vc_column][vc_column width=&#8221;3\/5&#8243;]<style>.vcex-heading.vcex_69dd1f62805e8{width:500px;font-size:var(--wpex-text-3xl);}@media (max-width:479px){.vcex-heading.vcex_69dd1f62805e8{font-size:var(--wpex-text-5xl);}}<\/style><h1 class=\"vcex-heading vcex-heading-plain vcex-heading-w-badge vcex-module wpex-heading wpex-text-2xl wpex-h1 wpex-max-w-100 wpex-mr-auto vcex_69dd1f62805e8\"><span class=\"vcex-heading-inner wpex-inline-block\">Analyse de risques des installations \u00e9lectriques <span class=\"vcex-heading-badge wpex-badge\">Pr\u00e9venez les accidents li\u00e9s \u00e0 l\u2019\u00e9lectricit\u00e9<\/span><\/span><\/h1><div class=\"vcex-spacing wpex-w-100 wpex-clear\"><\/div>[vc_column_text css=&#8221;&#8221; font_size=&#8221;d:lg|pp:xl&#8221; line_height=&#8221;1.5em&#8221;]Depuis 2012, en tant qu\u2019employeur, vous \u00eates tenu de faire r\u00e9aliser une analyse de risques pour chaque installation \u00e9lectrique dans les b\u00e2timents de l\u2019entreprise auxquels le personnel a acc\u00e8s.<\/p>\n<p>Ceci s\u2019applique aux installations \u00e0 basse et haute tension. Une analyse de risques des installations \u00e9lectriques est \u00e9galement un document obligatoire dans le dossier technique de votre installation \u00e9lectrique. <\/p>\n<p>Une analyse de risques de l\u2019installation \u00e9lectrique vous donne un aper\u00e7u des points potentiellement dangereux de votre installation. De cette mani\u00e8re, vous savez imm\u00e9diatement comment rendre votre installation encore plus s\u00fbre. <\/p>\n<p>En cas d\u2019accident du travail, ces documents sont demand\u00e9s \u00e0 des fins de contr\u00f4le.[\/vc_column_text]<div class=\"vcex-spacing wpex-w-100 wpex-clear\"><\/div><style>.vcex-button.vcex_69dd1f6281150:hover{background:var(--wpex-palette-15-color)!important;color:var(--wpex-palette-18-color)!important;}.vcex-button.vcex_69dd1f6281150{font-size:var(--wpex-text-base);}@media (max-width:479px){.vcex-button.vcex_69dd1f6281150{font-size:var(--wpex-text-lg);}}<\/style><style>@media (max-width:479px){.vcex_69dd1f6282168{font-size:var(--wpex-text-lg)!important;}}<\/style><a href=\"https:\/\/www.relyonelectrical.be\/fr\/contact\/\" class=\"vcex-button theme-button inline vcex_69dd1f6282168 vcex_69dd1f6281150\"><span class=\"vcex-button-inner theme-button-inner wpex-flex wpex-flex-wrap wpex-items-center wpex-justify-center\">Demandez votre analyse de risques<\/span><\/a> [\/vc_column][\/vc_row][vc_row full_width=&#8221;stretch_row&#8221; remove_bottom_col_margin=&#8221;true&#8221; typography_style=&#8221;white&#8221; wpex_bg_overlay=&#8221;color&#8221; wpex_bg_overlay_color=&#8221;palette-15&#8243; wpex_bg_overlay_opacity=&#8221;80%&#8221; css=&#8221;.vc_custom_1773771300717{background-image: url(https:\/\/www.relyonelectrical.be\/wp-content\/uploads\/2025\/12\/shutterstock_76396018-scaled.jpg?id=538) !important;}&#8221;][vc_column]<style>.vcex-teaser.vcex_69dd1f6282c57 .vcex-teaser-heading{font-size:var(--wpex-text-2xl);font-weight:300;margin-block-end:20px;}.vcex-teaser.vcex_69dd1f6282c57 .vcex-teaser-text{font-weight:300;}@media (max-width:479px){.vcex-teaser.vcex_69dd1f6282c57 .vcex-teaser-heading{font-size:var(--wpex-text-3xl);}}.vcex-teaser.vcex_69dd1f62831fd .vcex-teaser-heading{font-size:var(--wpex-text-2xl);font-weight:300;margin-block-end:20px;}.vcex-teaser.vcex_69dd1f62831fd .vcex-teaser-text{font-weight:300;}@media (max-width:479px){.vcex-teaser.vcex_69dd1f62831fd .vcex-teaser-heading{font-size:var(--wpex-text-3xl);}}.vcex-teaser.vcex_69dd1f628372f .vcex-teaser-heading{font-size:var(--wpex-text-2xl);color:var(--wpex-palette-15-color);font-weight:300;margin-block-end:20px;}.vcex-teaser.vcex_69dd1f628372f .vcex-teaser-text{font-weight:300;color:var(--wpex-palette-15-color);}@media (max-width:479px){.vcex-teaser.vcex_69dd1f628372f .vcex-teaser-heading{font-size:var(--wpex-text-3xl);}}<\/style><div class=\"vcex-flex-container vcex-module wpex-flex wpex-gap-20 wpex-flex-col relyon-boxes vcex-flex-container_69dd1f6282482\"><div class=\"vcex-module vcex-teaser wpex-flex wpex-flex-col vc_custom_1774028053653 vcex_69dd1f6282c57\"><div class=\"vcex-teaser-content\"><h2 class=\"vcex-teaser-heading wpex-heading wpex-text-xl\">\u00c0 partir de quand parle-t-on d\u2019une installation \u00e9lectrique ?<\/h2><div class=\"vcex-teaser-text wpex-mt-10 wpex-last-mb-0 wpex-clr\"><p><span style=\"font-weight: 400\">Une installation \u00e9lectrique peut \u00eatre tr\u00e8s petite ou, au contraire, gigantesque. Il s\u2019agit de chaque armoire \u00e9lectrique contenant au moins un disjoncteur ou un fusible. <\/span><\/p>\n<\/div><\/div><\/div><div class=\"vcex-module vcex-teaser wpex-flex wpex-flex-col vc_custom_1774028081065 vcex_69dd1f62831fd\"><div class=\"vcex-teaser-content\"><h2 class=\"vcex-teaser-heading wpex-heading wpex-text-xl\">Obligation l\u00e9gale ou non ?<\/h2><div class=\"vcex-teaser-text wpex-mt-10 wpex-last-mb-0 wpex-clr\"><p><span style=\"font-weight: 400\">Absolument. Une analyse de risques des installations \u00e9lectriques est obligatoire et vitale. <\/span><\/p>\n<\/div><\/div><\/div><div class=\"vcex-module vcex-teaser vcex-teaser-three wpex-flex wpex-flex-col wpex-shadow-none wpex-surface-2 vc_custom_1774028121352 vcex_69dd1f628372f\" style=\"background:var(--wpex-palette-18-color);\"><div class=\"vcex-teaser-content wpex-p-20\"><h2 class=\"vcex-teaser-heading wpex-heading wpex-text-xl\">Bon \u00e0 savoir<\/h2><div class=\"vcex-teaser-text wpex-mt-10 wpex-last-mb-0 wpex-clr\"><p><span style=\"font-weight: 400\">Quelque chose change-t-il \u00e0 votre installation \u00e9lectrique ? Ou l\u2019installation s\u2019\u00e9tend-elle ? Dans ce cas, l\u2019analyse de risques doit \u00e9galement \u00eatre r\u00e9vis\u00e9e.  <\/span><\/p>\n<\/div><\/div><\/div><\/div>[\/vc_column][\/vc_row][vc_row column_spacing=&#8221;60&#8243; remove_bottom_col_margin=&#8221;true&#8221;][vc_column width=&#8221;1\/2&#8243;]<style>.vcex-heading.vcex_69dd1f6283ca1{font-size:var(--wpex-text-2xl);font-weight:300;}@media (max-width:479px){.vcex-heading.vcex_69dd1f6283ca1{font-size:var(--wpex-text-3xl);}}<\/style><h2 class=\"vcex-heading vcex-heading-plain vcex-heading-w-badge vcex-module wpex-heading wpex-text-2xl wpex-h2 vcex_69dd1f6283ca1\"><span class=\"vcex-heading-inner wpex-inline-block\">La politique de pr\u00e9vention compl\u00e8te <span class=\"vcex-heading-badge wpex-badge\">Installations \u00e9lectriques<\/span><\/span><\/h2><div class=\"vcex-spacing wpex-w-100 wpex-clear\"><\/div>[vc_column_text css=&#8221;&#8221; font_weight=&#8221;300&#8243;]<span style=\"font-weight: 400;\">En tant que propri\u00e9taire ou gestionnaire d\u2019une installation \u00e9lectrique, vous \u00eates responsable de sa s\u00e9curit\u00e9. Les outils indispensables \u00e0 cet \u00e9gard sont : <\/span><\/p>\n<ul>\n<li><span style=\"font-weight: 400;\">  l\u2019analyse de risques des installations \u00e9lectriques<\/span><\/li>\n<li><span style=\"font-weight: 400;\">  le plan des influences externes<\/span><\/li>\n<li><span style=\"font-weight: 400;\">  les calculs de c\u00e2bles<\/span><\/li>\n<li><span style=\"font-weight: 400;\">  le zonage d\u2019explosion<\/span><\/li>\n<li><span style=\"font-weight: 400;\">  un dossier \u00e9lectrique solide<\/span><\/li>\n<\/ul>\n<p><span style=\"font-weight: 400;\">Veillez \u00e9galement \u00e0 ce que vos employ\u00e9s et sous-traitants soient parfaitement inform\u00e9s via les proc\u00e9dures propres \u00e0 l\u2019entreprise et des <a href=\"https:\/\/www.relyonelectrical.be\/fr\/formations-en-securite-electrique\/\">formations r\u00e9guli\u00e8res<\/a>.<\/span><\/p>\n<p><strong>Bonne nouvelle : RelyOn s\u2019occupe de toutes ces obligations l\u00e9gales de A \u00e0 Z.<\/strong>[\/vc_column_text]<div class=\"vcex-spacing wpex-w-100 wpex-clear\"><\/div>[\/vc_column][vc_column width=&#8221;1\/2&#8243;]<style>.vcex-heading.vcex_69dd1f62842ec{font-size:var(--wpex-text-2xl);font-weight:300;}@media (max-width:479px){.vcex-heading.vcex_69dd1f62842ec{font-size:var(--wpex-text-3xl);}}<\/style><h2 class=\"vcex-heading vcex-heading-plain vcex-heading-w-badge vcex-module wpex-heading wpex-text-2xl wpex-h2 vcex_69dd1f62842ec\"><span class=\"vcex-heading-inner wpex-inline-block\">\u00c0 quoi pouvez-vous vous attendre ? <span class=\"vcex-heading-badge wpex-badge\">Installations \u00e9lectriques<\/span><\/span><\/h2><div class=\"vcex-spacing wpex-w-100 wpex-clear\"><\/div>[vc_column_text css=&#8221;&#8221; font_weight=&#8221;300&#8243;]\n<ul>\n<li>R\u00e9union de d\u00e9marrage<\/li>\n<li>Observation de toutes les armoires \u00e9lectriques (nous nous basons sur la liste du rapport de contr\u00f4le)<\/li>\n<li>Passage en revue de la liste de contr\u00f4le exhaustive de RelyOn par armoire<\/li>\n<li>Une \u00e9valuation des risques selon la m\u00e9thode Kinney<\/li>\n<li>Un rapport contenant les conclusions et les risques par tableau<\/li>\n<li>Des recommandations concr\u00e8tes pour r\u00e9duire les risques<\/li>\n<li>Une synth\u00e8se de l\u2019analyse de risques sur une page A4<\/li>\n<\/ul>\n<p><strong>En r\u00e9sum\u00e9, une analyse de risques des installations \u00e9lectriques compl\u00e8te, conforme aux exigences l\u00e9gales du Codex, du RGIE et du code de bonnes pratiques.<\/strong>[\/vc_column_text]<div class=\"vcex-spacing wpex-w-100 wpex-clear\"><\/div>[\/vc_column][\/vc_row]\n<\/div>","protected":false},"excerpt":{"rendered":"<p>Une analyse de risques des installations \u00e9lectriques apporte de la clart\u00e9 et constitue un document obligatoire dans le dossier technique de votre installation.<\/p>\n","protected":false},"author":1,"featured_media":3862,"parent":3844,"menu_order":1,"comment_status":"closed","ping_status":"closed","template":"","meta":{"_acf_changed":false,"footnotes":""},"class_list":["post-3858","page","type-page","status-publish","has-post-thumbnail","hentry","entry","has-media"],"acf":[],"_links":{"self":[{"href":"https:\/\/www.relyonelectrical.be\/fr\/wp-json\/wp\/v2\/pages\/3858","targetHints":{"allow":["GET"]}}],"collection":[{"href":"https:\/\/www.relyonelectrical.be\/fr\/wp-json\/wp\/v2\/pages"}],"about":[{"href":"https:\/\/www.relyonelectrical.be\/fr\/wp-json\/wp\/v2\/types\/page"}],"author":[{"embeddable":true,"href":"https:\/\/www.relyonelectrical.be\/fr\/wp-json\/wp\/v2\/users\/1"}],"replies":[{"embeddable":true,"href":"https:\/\/www.relyonelectrical.be\/fr\/wp-json\/wp\/v2\/comments?post=3858"}],"version-history":[{"count":10,"href":"https:\/\/www.relyonelectrical.be\/fr\/wp-json\/wp\/v2\/pages\/3858\/revisions"}],"predecessor-version":[{"id":3890,"href":"https:\/\/www.relyonelectrical.be\/fr\/wp-json\/wp\/v2\/pages\/3858\/revisions\/3890"}],"up":[{"embeddable":true,"href":"https:\/\/www.relyonelectrical.be\/fr\/wp-json\/wp\/v2\/pages\/3844"}],"wp:featuredmedia":[{"embeddable":true,"href":"https:\/\/www.relyonelectrical.be\/fr\/wp-json\/wp\/v2\/media\/3862"}],"wp:attachment":[{"href":"https:\/\/www.relyonelectrical.be\/fr\/wp-json\/wp\/v2\/media?parent=3858"}],"curies":[{"name":"wp","href":"https:\/\/api.w.org\/{rel}","templated":true}]}}