{"id":3874,"date":"2025-12-09T07:18:29","date_gmt":"2025-12-09T06:18:29","guid":{"rendered":"https:\/\/www.relyonelectrical.be\/analyses-de-risques\/analyse-de-risques-incendie\/"},"modified":"2026-04-08T13:47:21","modified_gmt":"2026-04-08T11:47:21","slug":"analyse-de-risques-incendie","status":"publish","type":"page","link":"https:\/\/www.relyonelectrical.be\/fr\/analyses-de-risques\/analyse-de-risques-incendie\/","title":{"rendered":"Analyse de risques incendie"},"content":{"rendered":"<div class=\"wpb-content-wrapper\">[vc_row full_width=&#8221;stretch_row&#8221; remove_bottom_col_margin=&#8221;true&#8221; columns_right=&#8221;yes&#8221; offset_overlay_header=&#8221;yes&#8221; css=&#8221;.vc_custom_1765193168712{background-position: 0 0 !important;background-repeat: no-repeat !important;}&#8221;][vc_column width=&#8221;2\/5&#8243;]<figure class=\"vcex-image vcex-module intro-image\"><div class=\"vcex-image-inner wpex-relative wpex-inline-block\"><img width=\"1024\" height=\"683\" src=\"https:\/\/www.relyonelectrical.be\/wp-content\/uploads\/2025\/12\/shutterstock_1007969383-1024x683-2.jpg\" class=\"vcex-image-img wpex-align-middle wpex-aspect-1-1 wpex-object-cover\" alt=\"\" loading=\"lazy\" decoding=\"async\" srcset=\"https:\/\/www.relyonelectrical.be\/wp-content\/uploads\/2025\/12\/shutterstock_1007969383-1024x683-2.jpg 1024w, https:\/\/www.relyonelectrical.be\/wp-content\/uploads\/2025\/12\/shutterstock_1007969383-1024x683-2-300x200.jpg 300w, https:\/\/www.relyonelectrical.be\/wp-content\/uploads\/2025\/12\/shutterstock_1007969383-1024x683-2-768x512.jpg 768w\" sizes=\"auto, (max-width: 1024px) 100vw, 1024px\" \/><\/div><\/figure>[\/vc_column][vc_column width=&#8221;3\/5&#8243;]<style>.vcex-heading.vcex_69dd1f49e39dd{width:500px;font-size:var(--wpex-text-3xl);}@media (max-width:479px){.vcex-heading.vcex_69dd1f49e39dd{font-size:var(--wpex-text-5xl);}}<\/style><h1 class=\"vcex-heading vcex-heading-plain vcex-heading-w-badge vcex-module wpex-heading wpex-text-2xl wpex-h1 wpex-max-w-100 wpex-mr-auto vcex_69dd1f49e39dd\"><span class=\"vcex-heading-inner wpex-inline-block\">Analyse de risques incendie <span class=\"vcex-heading-badge wpex-badge\">Pr\u00e9venez l\u2019incendie et les dommages dus au feu dans votre b\u00e2timent ou entreprise<\/span><\/span><\/h1><div class=\"vcex-spacing wpex-w-100 wpex-clear\"><\/div><style>.vcex-heading.vcex_69dd1f49e4035{font-size:var(--wpex-text-2xl);}@media (max-width:479px){.vcex-heading.vcex_69dd1f49e4035{font-size:var(--wpex-text-3xl);}}<\/style><h2 class=\"vcex-heading vcex-heading-plain vcex-module wpex-heading wpex-text-2xl wpex-h2 vcex_69dd1f49e4035\"><span class=\"vcex-heading-inner wpex-inline-block\">\u00c9valuez votre risque lors d\u2019un projet de construction ou d\u2019une r\u00e9novation totale<\/span><\/h2><div class=\"vcex-spacing wpex-w-100 wpex-clear\"><\/div><style>.vcex-teaser.vcex_69dd1f49e4e25 .vcex-teaser-heading{font-size:var(--wpex-text-lg);font-weight:700;}.vcex-teaser.vcex_69dd1f49e56be .vcex-teaser-heading{font-size:var(--wpex-text-lg);font-weight:700;}<\/style><div class=\"vcex-flex-container vcex-module wpex-flex wpex-gap-20 wpex-flex-col relyon-boxes no-marge vcex-flex-container_69dd1f49e456d\"><div class=\"vcex-module vcex-teaser wpex-flex wpex-flex-col vcex_69dd1f49e4e25\"><div class=\"vcex-teaser-content\"><h3 class=\"vcex-teaser-heading wpex-heading wpex-text-xl\">Une AR incendie selon la norme NBN S21-100-1<\/h3><div class=\"vcex-teaser-text wpex-mt-10 wpex-last-mb-0 wpex-clr\"><p>Notre analyse de risques incendie est approfondie et technique, conform\u00e9ment \u00e0 la norme NBN S21-100-1 : syst\u00e8mes de d\u00e9tection et d\u2019alarme incendie. Cette analyse de risques a g\u00e9n\u00e9ralement lieu lors de la phase de conception d\u2019un projet afin de d\u00e9terminer l\u2019ampleur et la structure du syst\u00e8me de d\u00e9tection et d\u2019alarme incendie. <\/p>\n<p>Une analyse de risques incendie est une obligation pour le ma\u00eetre d\u2019ouvrage.<\/p>\n<\/div><\/div><\/div><div class=\"vcex-module vcex-teaser wpex-flex wpex-flex-col vcex_69dd1f49e56be\"><div class=\"vcex-teaser-content\"><h3 class=\"vcex-teaser-heading wpex-heading wpex-text-xl\">Pourquoi une analyse de risques incendie ?<\/h3><div class=\"vcex-teaser-text wpex-mt-10 wpex-last-mb-0 wpex-clr\"><p>Lors de la r\u00e9alisation d\u2019un b\u00e2timent ou d\u2019un projet, l\u2019architecte et l\u2019entrepreneur tiennent compte des recommandations issues de cette analyse de risques incendie.<\/p>\n<p>L\u2019analyse de risques fait partie de l\u2019\u00e9tude de base et comprend :<\/p>\n<ul>\n<li>Analyse de risques incendie<\/li>\n<li>\u00c9valuation d\u00e9taill\u00e9e des besoins conform\u00e9ment \u00e0 la norme NBN S21 \u2013 100 \u2013 1 syst\u00e8mes de d\u00e9tection et d\u2019alarme incendie.<\/li>\n<\/ul>\n<\/div><\/div><\/div><\/div><div class=\"vcex-spacing wpex-w-100 wpex-clear\"><\/div><style>.vcex-button.vcex_69dd1f49e6d02:hover{background:var(--wpex-palette-15-color)!important;color:var(--wpex-palette-18-color)!important;}.vcex-button.vcex_69dd1f49e6d02{font-size:var(--wpex-text-base);}@media (max-width:479px){.vcex-button.vcex_69dd1f49e6d02{font-size:var(--wpex-text-lg);}}<\/style><style>@media (max-width:479px){.vcex_69dd1f49e9762{font-size:var(--wpex-text-lg)!important;}}<\/style><a href=\"https:\/\/www.relyonelectrical.be\/fr\/contact\/\" class=\"vcex-button theme-button inline vcex_69dd1f49e9762 vcex_69dd1f49e6d02\"><span class=\"vcex-button-inner theme-button-inner wpex-flex wpex-flex-wrap wpex-items-center wpex-justify-center\">Demandez votre analyse de risques incendie<\/span><\/a> [\/vc_column][\/vc_row][vc_row full_width=&#8221;stretch_row&#8221; remove_bottom_col_margin=&#8221;true&#8221; typography_style=&#8221;white&#8221; wpex_bg_overlay=&#8221;color&#8221; wpex_bg_overlay_color=&#8221;palette-15&#8243; wpex_bg_overlay_opacity=&#8221;80%&#8221; css=&#8221;.vc_custom_1773772257615{background-image: url(https:\/\/www.relyonelectrical.be\/wp-content\/uploads\/2025\/12\/hermes-rivera-vwnjyKznYC0-unsplash-e1579691301637.jpeg?id=206) !important;}&#8221; wpex_bg_position=&#8221;center center&#8221; wpex_bg_size=&#8221;cover&#8221;][vc_column]<style>.vcex-heading.vcex_69dd1f49e9d9b{font-size:var(--wpex-text-2xl);}@media (max-width:479px){.vcex-heading.vcex_69dd1f49e9d9b{font-size:var(--wpex-text-3xl);}}<\/style><h2 class=\"vcex-heading vcex-heading-plain vcex-heading-w-badge vcex-module wpex-heading wpex-text-2xl wpex-h2 wpex-mb-20 vcex_69dd1f49e9d9b\"><span class=\"vcex-heading-inner wpex-inline-block\">Analyse de risques incendie pour les employeurs <span class=\"vcex-heading-badge wpex-badge\">Analyse de risques incendie<\/span><\/span><\/h2><style>.vcex-teaser.vcex_69dd1f49ea882 .vcex-teaser-heading{font-size:var(--wpex-text-lg);font-weight:700;}.vcex-teaser.vcex_69dd1f49ea882 .vcex-teaser-text{font-weight:300;}.vcex-teaser.vcex_69dd1f49eb064 .vcex-teaser-heading{font-size:var(--wpex-text-lg);font-weight:700;}.vcex-teaser.vcex_69dd1f49eb064 .vcex-teaser-text{font-weight:300;}<\/style><div class=\"vcex-flex-container vcex-module wpex-flex wpex-gap-20 wpex-flex-col relyon-boxes no-marge vcex-flex-container_69dd1f49ea242\"><div class=\"vcex-module vcex-teaser wpex-flex wpex-flex-col vcex_69dd1f49ea882\"><div class=\"vcex-teaser-content\"><h3 class=\"vcex-teaser-heading wpex-heading wpex-text-xl\">Que comprend cette AR incendie ?<\/h3><div class=\"vcex-teaser-text wpex-mt-10 wpex-last-mb-0 wpex-clr\"><p>Il s\u2019agit d\u2019une analyse du risque d\u2019incendie sur les lieux de travail. C\u2019est une obligation pour l\u2019employeur selon le code du Bien-\u00eatre au travail III-3.<\/p>\n<\/div><\/div><\/div><div class=\"vcex-module vcex-teaser wpex-flex wpex-flex-col vcex_69dd1f49eb064\"><div class=\"vcex-teaser-content\"><h2 class=\"vcex-teaser-heading wpex-heading wpex-text-xl\">Pourquoi cette analyse de risques est-elle obligatoire ?<\/h2><div class=\"vcex-teaser-text wpex-mt-10 wpex-last-mb-0 wpex-clr\"><p>La s\u00e9curit\u00e9 incendie sur le lieu de travail est une condition de base. C\u2019est pourquoi cette analyse de risques incendie est une obligation pour l\u2019employeur. <\/p>\n<p>Le Code du bien-\u00eatre au travail III-3 pr\u00e9cise le contenu de cette analyse de risques incendie et d\u00e9finit la hi\u00e9rarchie des mesures de pr\u00e9vention.<\/p>\n<\/div><\/div><\/div><\/div>[\/vc_column][\/vc_row][vc_row full_width=&#8221;stretch_row&#8221; wpex_bg_color=&#8221;palette-15&#8243;][vc_column]<div class=\"vcex-spacing wpex-w-100 wpex-clear show-at-mm-breakpoint\"><\/div><style>.vcex-heading.vcex_69dd1f49eb9db{color:var(--wpex-palette-18-color);}<\/style><h2 class=\"vcex-heading vcex-heading-plain vcex-module wpex-heading wpex-text-2xl wpex-h2 wpex-mb-20 wpex-text-center vcex_69dd1f49eb9db\"><span class=\"vcex-heading-inner wpex-inline-block\">Ils comptent sur nous pour leur analyse de risques incendie<\/span><\/h2><div class=\"vcex-spacing wpex-w-100 wpex-clear\"><\/div><style>.wpex-post-cards.vcex_69dd1f49edbcf .wpex-post-cards-pagination{margin-block-start:50px;}<\/style><div class=\"wpex-post-cards wpex-post-cards-template_1145 vcex_69dd1f49edbcf wpex-relative\"><div class=\"wpex-post-cards-inner\"><\/div><\/div><div class=\"vcex-spacing wpex-w-100 wpex-clear show-at-mm-breakpoint\"><\/div>[\/vc_column][\/vc_row]\n<\/div>","protected":false},"excerpt":{"rendered":"<p>Une analyse de risques incendie vous apporte, en tant que ma\u00eetre d\u2019ouvrage, une clart\u00e9 sur l\u2019installation de protection contre l\u2019incendie de votre b\u00e2timent.<br \/>\nEn tant qu\u2019employeur \u00e9galement, une analyse de risques incendie est une obligation.<\/p>\n","protected":false},"author":1,"featured_media":3875,"parent":3844,"menu_order":2,"comment_status":"closed","ping_status":"closed","template":"","meta":{"_acf_changed":false,"footnotes":""},"class_list":["post-3874","page","type-page","status-publish","has-post-thumbnail","hentry","entry","has-media"],"acf":[],"_links":{"self":[{"href":"https:\/\/www.relyonelectrical.be\/fr\/wp-json\/wp\/v2\/pages\/3874","targetHints":{"allow":["GET"]}}],"collection":[{"href":"https:\/\/www.relyonelectrical.be\/fr\/wp-json\/wp\/v2\/pages"}],"about":[{"href":"https:\/\/www.relyonelectrical.be\/fr\/wp-json\/wp\/v2\/types\/page"}],"author":[{"embeddable":true,"href":"https:\/\/www.relyonelectrical.be\/fr\/wp-json\/wp\/v2\/users\/1"}],"replies":[{"embeddable":true,"href":"https:\/\/www.relyonelectrical.be\/fr\/wp-json\/wp\/v2\/comments?post=3874"}],"version-history":[{"count":1,"href":"https:\/\/www.relyonelectrical.be\/fr\/wp-json\/wp\/v2\/pages\/3874\/revisions"}],"predecessor-version":[{"id":3880,"href":"https:\/\/www.relyonelectrical.be\/fr\/wp-json\/wp\/v2\/pages\/3874\/revisions\/3880"}],"up":[{"embeddable":true,"href":"https:\/\/www.relyonelectrical.be\/fr\/wp-json\/wp\/v2\/pages\/3844"}],"wp:featuredmedia":[{"embeddable":true,"href":"https:\/\/www.relyonelectrical.be\/fr\/wp-json\/wp\/v2\/media\/3875"}],"wp:attachment":[{"href":"https:\/\/www.relyonelectrical.be\/fr\/wp-json\/wp\/v2\/media?parent=3874"}],"curies":[{"name":"wp","href":"https:\/\/api.w.org\/{rel}","templated":true}]}}